{"id":241505,"date":"2025-03-20T16:17:57","date_gmt":"2025-03-20T16:17:57","guid":{"rendered":"https:\/\/aromasentia.com\/product\/pack-of-500g-bath-salt-ylang-and-rose-himalayan\/"},"modified":"2025-06-28T21:35:57","modified_gmt":"2025-06-28T21:35:57","slug":"badesalz-500g-ylang-und-rose-himalaya","status":"publish","type":"product","link":"https:\/\/aromasentia.com\/de\/badesalz-500g-ylang-und-rose-himalaya\/","title":{"rendered":"Badesalz 500g &#8211; Ylang und Rose Himalaya"},"content":{"rendered":"<p><span style=\"color: rgb(75, 80, 88);\"><strong>Wir stellen vor: Duftfreies &nbsp;Ylang-Ylang-Badesalz!&nbsp;<\/strong><\/span><\/p>\n<p><strong><span style=\"color: rgb(75, 80, 88);\">Erh\u00f6hen Sie Ihr Badeerlebnis:<\/span><\/strong><\/p>\n<p><span style=\"color: rgb(75, 80, 88);\">Verw\u00f6hnen Sie sich mit der Ruhe unseres Himalaya-Salzes, angereichert mit 100 % reinem \u00e4therischem Ylang-Ylang-\u00d6l, pflegendem Kokos\u00f6l und zarten Rosenbl\u00e4ttern.<\/span><\/p>\n<p><span style=\"color: rgb(75, 80, 88);\"><strong>Entspannen und regenerieren:<\/strong><\/span><\/p>\n<p><span style=\"color: rgb(75, 80, 88);\">Hingabe Genie\u00dfen Sie die beruhigende Wirkung von Ylang-Ylang-\u00d6l, w\u00e4hrend Sie den Stress des Tages hinter sich lassen. Dieses kraftvolle Antioxidans sorgt nicht nur f\u00fcr gesunde, strahlende Haut, sondern vermittelt auch ein Gef\u00fchl der Ruhe und des Wohlbefindens.<\/span><\/p>\n<p><span style=\"color: rgb(75, 80, 88);\"><strong>Eine Symphonie der Aromen:<\/strong><\/span><\/p>\n<p><span style=\"color: rgb(75, 80, 88);\">Tauchen Sie ein in den herrlichen Duft dieser aromatischen Salzmischung. Lassen Sie sich in einen Zustand der Entspannung und Erholung versetzen.<\/span><\/p>\n<p><span style=\"color: rgb(75, 80, 88);\"><strong>Eine zeitlose Tradition:<\/strong><\/span><\/p>\n<p><span style=\"color: rgb(75, 80, 88);\">Erleben Sie die uralte Weisheit der Salzb\u00e4der, die seit der griechischen Antike f\u00fcr ihre bemerkenswerte gesundheitsf\u00f6rdernde Wirkung gesch\u00e4tzt werden. &nbsp;Die <strong>500-g-Beutel<\/strong> Badesalz werden elegant verpackt in einer Schachtel geliefert, komplett mit einem praktischen Holzl\u00f6ffel zum pr\u00e4zisen Abmessen, was sie zu einem aufmerksamen Geschenk f\u00fcr jeden Anlass macht.<\/span><\/p>\n<p><span style=\"color: rgb(75, 80, 88);\"><strong>Einfacher Genuss:<\/strong><\/span><\/p>\n<p><span style=\"color: rgb(75, 80, 88);\">Erleben Sie ein Spa-\u00e4hnliches Erlebnis bequem von zu Hause aus. <strong>Geben Sie einfach zwei Messl\u00f6ffel unseres Badesalzes in Ihr Bad, lassen Sie sie sich aufl\u00f6sen und die Entspannung kann beginnen.<\/strong><\/span><\/p>\n<p><span style=\"color: rgb(75, 80, 88);\"><strong>Hinweis zum Umweltbewusstsein:<\/strong><\/span><\/p>\n<p><span style=\"color: rgb(75, 80, 88);\">Bitte beachten Sie, dass wir zwar bestrebt sind, Qualit\u00e4tsprodukte anzubieten, der Beutel in der Schachtel mit den Salzen jedoch aus Kunststoff besteht und dieses Produkt daher <strong>nicht vollst\u00e4ndig plastikfrei<\/strong><\/span><\/p>\n<p><span style=\"color: rgb(75, 80, 88);\">Verbessern Sie Ihre Selbstpflegeroutine mit der <strong>luxuri\u00f6sen Ylang-Ylang-Badesalzmischung<\/strong><\/span><\/p>\n<p><span style=\"color: rgb(75, 80, 88);\"><strong>Begeben Sie sich auf eine Reise nach ges\u00fcndere, strahlendere Haut.<\/strong><\/span><\/p>\n","protected":false},"excerpt":{"rendered":"<p>Wir stellen vor: Duftfreies &nbsp;Ylang-Ylang-Badesalz!&nbsp; Erh\u00f6hen Sie Ihr Badeerlebnis: Verw\u00f6hnen Sie sich mit der Ruhe unseres Himalaya-Salzes, angereichert mit 100 % reinem \u00e4therischem Ylang-Ylang-\u00d6l, pflegendem Kokos\u00f6l und zarten Rosenbl\u00e4ttern. Entspannen und regenerieren: Hingabe Genie\u00dfen Sie die beruhigende Wirkung von Ylang-Ylang-\u00d6l, w\u00e4hrend Sie den Stress des Tages hinter sich lassen. Dieses kraftvolle Antioxidans sorgt nicht nur [&hellip;]<\/p>\n","protected":false},"featured_media":272836,"comment_status":"closed","ping_status":"open","template":"","meta":{"_angie_page":false},"product_brand":[27086],"product_cat":[19448,20683,26833,25841,26370,26444],"product_tag":[],"class_list":{"0":"post-241505","1":"product","2":"type-product","3":"status-publish","4":"has-post-thumbnail","6":"product_brand-agnes-and-cat","7":"product_cat-bad-und-korper","8":"product_cat-badekristalle-und-badesalze","9":"product_cat-blumig","10":"product_cat-dufte-aromen","11":"product_cat-rosen","12":"product_cat-ylang-ylang","13":"pa_collection-ac-bath-salts-500g-de","14":"pa_made-in-vereinigtes-koenigreich","15":"pa_size-500g","17":"first","18":"instock","19":"purchasable","20":"product-type-simple"},"supplier_id":null,"supplier_sku":"ACSalt-05DS","barcode":null,"atum_controlled":true,"out_stock_date":null,"out_stock_threshold":null,"inheritable":false,"inbound_stock":null,"stock_on_hold":0,"sold_today":0,"sales_last_days":0,"reserved_stock":null,"customer_returns":null,"warehouse_damage":null,"lost_in_post":null,"other_logs":null,"out_stock_days":0,"lost_sales":0,"has_location":null,"update_date":"2026-05-08T05:02:36","atum_locations":[],"atum_stock_status":"instock","restock_status":false,"low_stock_amount":"","sales_update_date":"2025-10-09T03:23:09","calc_backorders":null,"_links":{"self":[{"href":"https:\/\/aromasentia.com\/de\/wp-json\/wp\/v2\/product\/241505","targetHints":{"allow":["GET"]}}],"collection":[{"href":"https:\/\/aromasentia.com\/de\/wp-json\/wp\/v2\/product"}],"about":[{"href":"https:\/\/aromasentia.com\/de\/wp-json\/wp\/v2\/types\/product"}],"replies":[{"embeddable":true,"href":"https:\/\/aromasentia.com\/de\/wp-json\/wp\/v2\/comments?post=241505"}],"version-history":[{"count":0,"href":"https:\/\/aromasentia.com\/de\/wp-json\/wp\/v2\/product\/241505\/revisions"}],"wp:featuredmedia":[{"embeddable":true,"href":"https:\/\/aromasentia.com\/de\/wp-json\/wp\/v2\/media\/272836"}],"wp:attachment":[{"href":"https:\/\/aromasentia.com\/de\/wp-json\/wp\/v2\/media?parent=241505"}],"wp:term":[{"taxonomy":"product_brand","embeddable":true,"href":"https:\/\/aromasentia.com\/de\/wp-json\/wp\/v2\/product_brand?post=241505"},{"taxonomy":"product_cat","embeddable":true,"href":"https:\/\/aromasentia.com\/de\/wp-json\/wp\/v2\/product_cat?post=241505"},{"taxonomy":"product_tag","embeddable":true,"href":"https:\/\/aromasentia.com\/de\/wp-json\/wp\/v2\/product_tag?post=241505"}],"curies":[{"name":"wp","href":"https:\/\/api.w.org\/{rel}","templated":true}]}}