{"id":241501,"date":"2025-03-20T16:17:57","date_gmt":"2025-03-20T16:17:57","guid":{"rendered":"https:\/\/aromasentia.com\/product\/pack-of-500g-bath-salt-lavender-himalayan\/"},"modified":"2025-06-28T21:35:56","modified_gmt":"2025-06-28T21:35:56","slug":"badesalz-500g-lavendel-himalaya","status":"publish","type":"product","link":"https:\/\/aromasentia.com\/de\/badesalz-500g-lavendel-himalaya\/","title":{"rendered":"Badesalz 500g &#8211; Lavendel Himalaya"},"content":{"rendered":"<p><span style=\"color: rgb(75, 80, 88);\"><strong>Wir stellen vor: Duftfreies Lavendel-Badesalz!<\/strong><\/span><\/p>\n<p><span style=\"color: rgb(75, 80, 88);\"><strong>Tauchen Sie ein in die Ruhe:<\/strong><\/span><\/p>\n<p><span style=\"color: rgb(75, 80, 88);\">Erleben Sie die beruhigende Wirkung unseres Himalaya-Salzes, angereichert mit 100 % reinem \u00e4therischem Lavendel\u00f6l, pflegendem Jojoba\u00f6l und zarten Lavendelsamen.<\/span><\/p>\n<p><span style=\"color: rgb(75, 80, 88);\"><strong>Steigern Sie Ihr Wohlbefinden:<\/strong><\/span><\/p>\n<p><span style=\"color: rgb(75, 80, 88);\">G\u00f6nnen Sie sich ein luxuri\u00f6ses Bad mit der aromatischen Mischung, die Ihnen hilft, nach einem anstrengenden Tag zu entspannen und Ihre Stimmung zu verbessern. \u00c4therisches Lavendel\u00f6l, bekannt f\u00fcr seine beruhigenden Eigenschaften, kann auch Angstzust\u00e4nde lindern und die Schlafqualit\u00e4t verbessern.<\/span><\/p>\n<p><span style=\"color: rgb(75, 80, 88);\"><strong>Eine zeitlose Tradition:<\/strong><\/span><\/p>\n<p><span style=\"color: rgb(75, 80, 88);\">Erleben Sie die uralte Weisheit der Salzb\u00e4der, die seit den Tagen des antiken Griechenlands f\u00fcr ihre bemerkenswerten gesundheitlichen Vorteile gesch\u00e4tzt werden. &nbsp;Die <strong>500-g-Beutel<\/strong> Badesalz werden elegant verpackt in einer Schachtel geliefert, komplett mit einem praktischen Holzl\u00f6ffel zum pr\u00e4zisen Abmessen, was sie zu einem aufmerksamen Geschenk f\u00fcr jeden Anlass macht.<\/span><\/p>\n<p><span style=\"color: rgb(75, 80, 88);\"><strong>Einfacher Genuss:<\/strong><\/span><\/p>\n<p><span style=\"color: rgb(75, 80, 88);\">Erleben Sie ein Spa-\u00e4hnliches Erlebnis bequem von zu Hause aus. <strong>Geben Sie einfach zwei Messl\u00f6ffel unseres Badesalzes in Ihr Bad, lassen Sie sie sich aufl\u00f6sen und die Entspannung kann beginnen.<\/strong><\/span><\/p>\n<p><span style=\"color: rgb(75, 80, 88);\"><strong>Hinweis zum Umweltbewusstsein:<\/strong><\/span><\/p>\n<p><span style=\"color: rgb(75, 80, 88);\">Bitte beachten Sie, dass wir zwar bestrebt sind, Qualit\u00e4tsprodukte anzubieten, der Beutel in der Schachtel mit den Salzen jedoch aus Kunststoff besteht und dieses Produkt daher <strong>nicht vollst\u00e4ndig plastikfrei<\/strong> ist.<\/strong><\/span><\/p>\n<p><span style=\"color: rgb(75, 80, 88);\">Versch\u00f6nern Sie Ihr Baderitual mit unserem <strong>Lavendel-Badesalz<\/strong>. <strong>Entdecken Sie die verj\u00fcngende Kraft der F\u00fclle der Natur.<\/strong><\/span><\/p>\n<p><span style=\"color: rgb(75, 80, 88);\"><strong>Begeben Sie sich auf eine Reise zu ges\u00fcnderer, strahlenderer Haut.<\/strong><\/span><\/p>\n","protected":false},"excerpt":{"rendered":"<p>Wir stellen vor: Duftfreies Lavendel-Badesalz! Tauchen Sie ein in die Ruhe: Erleben Sie die beruhigende Wirkung unseres Himalaya-Salzes, angereichert mit 100 % reinem \u00e4therischem Lavendel\u00f6l, pflegendem Jojoba\u00f6l und zarten Lavendelsamen. Steigern Sie Ihr Wohlbefinden: G\u00f6nnen Sie sich ein luxuri\u00f6ses Bad mit der aromatischen Mischung, die Ihnen hilft, nach einem anstrengenden Tag zu entspannen und Ihre [&hellip;]<\/p>\n","protected":false},"featured_media":272827,"comment_status":"closed","ping_status":"open","template":"","meta":{"_angie_page":false},"product_brand":[27086],"product_cat":[19448,20683,26833,25841,26234],"product_tag":[],"class_list":{"0":"post-241501","1":"product","2":"type-product","3":"status-publish","4":"has-post-thumbnail","6":"product_brand-agnes-and-cat","7":"product_cat-bad-und-korper","8":"product_cat-badekristalle-und-badesalze","9":"product_cat-blumig","10":"product_cat-dufte-aromen","11":"product_cat-lavendel","12":"pa_collection-ac-bath-salts-500g-de","13":"pa_made-in-vereinigtes-koenigreich","14":"pa_size-500g","16":"first","17":"instock","18":"purchasable","19":"product-type-simple"},"supplier_id":null,"supplier_sku":"ACSalt-04DS","barcode":null,"atum_controlled":true,"out_stock_date":null,"out_stock_threshold":null,"inheritable":false,"inbound_stock":0,"stock_on_hold":0,"sold_today":0,"sales_last_days":0,"reserved_stock":0,"customer_returns":0,"warehouse_damage":0,"lost_in_post":0,"other_logs":0,"out_stock_days":0,"lost_sales":0,"has_location":false,"update_date":"2026-05-08T05:02:36","atum_locations":[],"atum_stock_status":"instock","restock_status":false,"low_stock_amount":"","sales_update_date":"2025-10-09T03:23:09","calc_backorders":null,"_links":{"self":[{"href":"https:\/\/aromasentia.com\/de\/wp-json\/wp\/v2\/product\/241501","targetHints":{"allow":["GET"]}}],"collection":[{"href":"https:\/\/aromasentia.com\/de\/wp-json\/wp\/v2\/product"}],"about":[{"href":"https:\/\/aromasentia.com\/de\/wp-json\/wp\/v2\/types\/product"}],"replies":[{"embeddable":true,"href":"https:\/\/aromasentia.com\/de\/wp-json\/wp\/v2\/comments?post=241501"}],"version-history":[{"count":0,"href":"https:\/\/aromasentia.com\/de\/wp-json\/wp\/v2\/product\/241501\/revisions"}],"wp:featuredmedia":[{"embeddable":true,"href":"https:\/\/aromasentia.com\/de\/wp-json\/wp\/v2\/media\/272827"}],"wp:attachment":[{"href":"https:\/\/aromasentia.com\/de\/wp-json\/wp\/v2\/media?parent=241501"}],"wp:term":[{"taxonomy":"product_brand","embeddable":true,"href":"https:\/\/aromasentia.com\/de\/wp-json\/wp\/v2\/product_brand?post=241501"},{"taxonomy":"product_cat","embeddable":true,"href":"https:\/\/aromasentia.com\/de\/wp-json\/wp\/v2\/product_cat?post=241501"},{"taxonomy":"product_tag","embeddable":true,"href":"https:\/\/aromasentia.com\/de\/wp-json\/wp\/v2\/product_tag?post=241501"}],"curies":[{"name":"wp","href":"https:\/\/api.w.org\/{rel}","templated":true}]}}