{"id":241493,"date":"2025-03-20T16:17:57","date_gmt":"2025-03-20T16:17:57","guid":{"rendered":"https:\/\/aromasentia.com\/product\/pack-of-500g-bath-salt-epsom\/"},"modified":"2025-06-28T21:35:52","modified_gmt":"2025-06-28T21:35:52","slug":"badesalz-500g-bittersalz","status":"publish","type":"product","link":"https:\/\/aromasentia.com\/de\/badesalz-500g-bittersalz\/","title":{"rendered":"Badesalz 500g &#8211; Bittersalz"},"content":{"rendered":"<p><span style=\"color: rgb(75, 80, 88);\">Wir stellen vor: Bittersalz ohne Duft!&nbsp;<\/span><\/p>\n<p><span style=\"color: rgb(75, 80, 88);\"><strong>Revitalisieren Sie Ihre Haut:<\/strong><\/span><\/p>\n<p><span style=\"color: rgb(75, 80, 88);\">Seit seiner Entdeckung im englischen Surrey wird Bittersalz als vielseitiges Gesundheits- und Sch\u00f6nheitsmittel gesch\u00e4tzt. Seine reiche Tradition und seine bew\u00e4hrten Vorteile machen es zu einem festen Bestandteil der Selbstpflege weltweit.<\/span><\/p>\n<p><span style=\"color: rgb(75, 80, 88);\"><strong>F\u00f6rdern Sie Ihr Wohlbefinden:<\/strong><\/span><\/p>\n<p><span style=\"color: rgb(75, 80, 88);\">Entfesseln Sie das Potenzial f\u00fcr mehr Entspannung, Stressabbau und besseren Schlaf. Zus\u00e4tzlich kann Bittersalz die Muskelentspannung und den Entgiftungsprozess unterst\u00fctzen und so einen ganzheitlichen Ansatz f\u00fcr Ihre Gesundheit und Ihr Wohlbefinden bieten.<\/span><\/p>\n<p><span style=\"color: rgb(75, 80, 88);\"><strong>Eine zeitlose Tradition:<\/strong><\/span><\/p>\n<p><span style=\"color: rgb(75, 80, 88);\">Erleben Sie die uralte Weisheit der Salzb\u00e4der, die seit den Tagen des antiken Griechenlands f\u00fcr ihre bemerkenswerten gesundheitlichen Vorteile gesch\u00e4tzt werden. &nbsp;Die <strong>500-g-Beutel<\/strong> Badesalz werden elegant verpackt in einer Schachtel geliefert, komplett mit einem praktischen Holzl\u00f6ffel zum pr\u00e4zisen Abmessen, was sie zu einem aufmerksamen Geschenk f\u00fcr jeden Anlass macht.<\/span><\/p>\n<p><span style=\"color: rgb(75, 80, 88);\"><strong>Einfacher Genuss:<\/strong><\/span><\/p>\n<p><span style=\"color: rgb(75, 80, 88);\">Erleben Sie ein Spa-\u00e4hnliches Erlebnis bequem von zu Hause aus. <strong>Geben Sie einfach zwei Messl\u00f6ffel unseres Badesalzes in Ihr Bad, lassen Sie sie sich aufl\u00f6sen und die Entspannung kann beginnen.<\/strong><\/span><\/p>\n<p><span style=\"color: rgb(75, 80, 88);\"><strong>Hinweis zum Umweltbewusstsein:<\/strong><\/span><\/p>\n<p><span style=\"color: rgb(75, 80, 88);\">Bitte beachten Sie, dass wir zwar bestrebt sind, Qualit\u00e4tsprodukte anzubieten, der Beutel in der Schachtel mit den Salzen jedoch aus Kunststoff besteht und dieses Produkt daher <strong>nicht vollst\u00e4ndig plastikfrei<\/strong><\/span><\/p>\n<p><span style=\"color: rgb(75, 80, 88);\">Verbessern Sie Ihre Selbstpflegeroutine mit unserem parf\u00fcmfreien<strong>Epsom-Badesalz und entdecken Sie die au\u00dfergew\u00f6hnlichen Vorteile selbst. <\/strong><\/span><\/p>\n<p><span style=\"color: rgb(75, 80, 88);\"><strong>Begeben Sie sich auf eine Reise zu ges\u00fcnderer, strahlenderer Haut.<\/strong><\/span><\/p>\n","protected":false},"excerpt":{"rendered":"<p>Wir stellen vor: Bittersalz ohne Duft!&nbsp; Revitalisieren Sie Ihre Haut: Seit seiner Entdeckung im englischen Surrey wird Bittersalz als vielseitiges Gesundheits- und Sch\u00f6nheitsmittel gesch\u00e4tzt. Seine reiche Tradition und seine bew\u00e4hrten Vorteile machen es zu einem festen Bestandteil der Selbstpflege weltweit. F\u00f6rdern Sie Ihr Wohlbefinden: Entfesseln Sie das Potenzial f\u00fcr mehr Entspannung, Stressabbau und besseren Schlaf. [&hellip;]<\/p>\n","protected":false},"featured_media":272809,"comment_status":"closed","ping_status":"open","template":"","meta":{"_angie_page":false},"product_brand":[27086],"product_cat":[19448,20683],"product_tag":[],"class_list":{"0":"post-241493","1":"product","2":"type-product","3":"status-publish","4":"has-post-thumbnail","6":"product_brand-agnes-and-cat","7":"product_cat-bad-und-korper","8":"product_cat-badekristalle-und-badesalze","9":"pa_collection-ac-bath-salts-500g-de","10":"pa_made-in-vereinigtes-koenigreich","11":"pa_size-500g","13":"first","14":"instock","15":"purchasable","16":"product-type-simple"},"supplier_id":null,"supplier_sku":"ACSalt-02DS","barcode":null,"atum_controlled":true,"out_stock_date":null,"out_stock_threshold":null,"inheritable":false,"inbound_stock":null,"stock_on_hold":0,"sold_today":0,"sales_last_days":0,"reserved_stock":null,"customer_returns":null,"warehouse_damage":null,"lost_in_post":null,"other_logs":null,"out_stock_days":0,"lost_sales":0,"has_location":null,"update_date":"2026-04-27T06:50:12","atum_locations":[],"atum_stock_status":"instock","restock_status":false,"low_stock_amount":"","sales_update_date":"2025-10-09T03:23:05","calc_backorders":null,"_links":{"self":[{"href":"https:\/\/aromasentia.com\/de\/wp-json\/wp\/v2\/product\/241493","targetHints":{"allow":["GET"]}}],"collection":[{"href":"https:\/\/aromasentia.com\/de\/wp-json\/wp\/v2\/product"}],"about":[{"href":"https:\/\/aromasentia.com\/de\/wp-json\/wp\/v2\/types\/product"}],"replies":[{"embeddable":true,"href":"https:\/\/aromasentia.com\/de\/wp-json\/wp\/v2\/comments?post=241493"}],"version-history":[{"count":0,"href":"https:\/\/aromasentia.com\/de\/wp-json\/wp\/v2\/product\/241493\/revisions"}],"wp:featuredmedia":[{"embeddable":true,"href":"https:\/\/aromasentia.com\/de\/wp-json\/wp\/v2\/media\/272809"}],"wp:attachment":[{"href":"https:\/\/aromasentia.com\/de\/wp-json\/wp\/v2\/media?parent=241493"}],"wp:term":[{"taxonomy":"product_brand","embeddable":true,"href":"https:\/\/aromasentia.com\/de\/wp-json\/wp\/v2\/product_brand?post=241493"},{"taxonomy":"product_cat","embeddable":true,"href":"https:\/\/aromasentia.com\/de\/wp-json\/wp\/v2\/product_cat?post=241493"},{"taxonomy":"product_tag","embeddable":true,"href":"https:\/\/aromasentia.com\/de\/wp-json\/wp\/v2\/product_tag?post=241493"}],"curies":[{"name":"wp","href":"https:\/\/api.w.org\/{rel}","templated":true}]}}