{"id":241453,"date":"2025-03-20T16:17:57","date_gmt":"2025-03-20T16:17:57","guid":{"rendered":"https:\/\/aromasentia.com\/product\/lip-balm-watermelon\/"},"modified":"2025-12-30T20:37:58","modified_gmt":"2025-12-30T20:37:58","slug":"lippenbalsam-wassermelone","status":"publish","type":"product","link":"https:\/\/aromasentia.com\/de\/lippenbalsam-wassermelone\/","title":{"rendered":"Lippenbalsam &#8211; Wassermelone"},"content":{"rendered":"<p><span style=\"color: rgb(75, 80, 88);\">Diese Lippenbalsame sind perfekt f\u00fcr alle, die einen sch\u00f6nen, veganen, feuchtigkeitsspendenden Lippenbalsam suchen.<\/span><\/p>\n<p><span style=\"color: rgb(75, 80, 88);\">Die hochwertigen Duft\u00f6le wurden mit pflegender Sheabutter, feuchtigkeitsspendender Kakaobutter, weichmachendem Jojoba\u00f6l, Avocadobutter und Mangobutter gemischt, um Ihre Lippen weich zu halten und Rissbildung vorzubeugen. Alle Balsame sind frei von Parabenen, Vaseline, Kunststoff, Phthalaten und k\u00fcnstlichen Farbstoffen.&nbsp;<\/span><\/p>\n<p><span style=\"color: rgb(75, 80, 88);\">Unsere Lippenbalsame werden in einer wundersch\u00f6nen, einzigartigen Folienverpackung geliefert, die sie perfekt als kleine Belohnung f\u00fcr Sie selbst oder als Geschenk macht. Sie werden in kleinen Chargen in unserer Produktionsst\u00e4tte in Sheffield von Hand gegossen.&nbsp;<\/span><\/p>\n<p><span style=\"color: rgb(75, 80, 88);\">ANWENDUNG: Reiben Sie diesen Balsam sanft auf die Lippen, um sie mit Feuchtigkeit zu versorgen. Wir empfehlen, vor dem Auftragen unseres Lippenbalsams ein Peeling zu verwenden, f\u00fcr sch\u00f6n volle Lippen!&nbsp;<\/span><\/p>\n<p><span style=\"color: rgb(75, 80, 88);\"><strong>Bestellen Sie noch heute und bieten Sie Ihren Kunden dieses unverzichtbare Produkt.<\/strong><\/span><\/p>\n","protected":false},"excerpt":{"rendered":"<p>Diese Lippenbalsame sind perfekt f\u00fcr alle, die einen sch\u00f6nen, veganen, feuchtigkeitsspendenden Lippenbalsam suchen. Die hochwertigen Duft\u00f6le wurden mit pflegender Sheabutter, feuchtigkeitsspendender Kakaobutter, weichmachendem Jojoba\u00f6l, Avocadobutter und Mangobutter gemischt, um Ihre Lippen weich zu halten und Rissbildung vorzubeugen. Alle Balsame sind frei von Parabenen, Vaseline, Kunststoff, Phthalaten und k\u00fcnstlichen Farbstoffen.&nbsp; Unsere Lippenbalsame werden in einer wundersch\u00f6nen, [&hellip;]<\/p>\n","protected":false},"featured_media":272575,"comment_status":"closed","ping_status":"open","template":"","meta":{"_angie_page":false},"product_brand":[27086],"product_cat":[19448,25841,26847,26476],"product_tag":[],"class_list":{"0":"post-241453","1":"product","2":"type-product","3":"status-publish","4":"has-post-thumbnail","6":"product_brand-agnes-and-cat","7":"product_cat-bad-und-korper","8":"product_cat-dufte-aromen","9":"product_cat-fruchtig","10":"product_cat-wassermelone","11":"pa_collection-lip-balm-de","12":"pa_made-in-vereinigtes-koenigreich","14":"first","15":"instock","16":"purchasable","17":"product-type-simple"},"supplier_id":null,"supplier_sku":"ACLB-13DS","barcode":null,"atum_controlled":true,"out_stock_date":null,"out_stock_threshold":null,"inheritable":false,"inbound_stock":null,"stock_on_hold":0,"sold_today":0,"sales_last_days":0,"reserved_stock":null,"customer_returns":null,"warehouse_damage":null,"lost_in_post":null,"other_logs":null,"out_stock_days":0,"lost_sales":0,"has_location":null,"update_date":"2026-04-27T06:50:06","atum_locations":[],"atum_stock_status":"instock","restock_status":false,"low_stock_amount":"","sales_update_date":"2025-10-09T03:23:03","calc_backorders":null,"_links":{"self":[{"href":"https:\/\/aromasentia.com\/de\/wp-json\/wp\/v2\/product\/241453","targetHints":{"allow":["GET"]}}],"collection":[{"href":"https:\/\/aromasentia.com\/de\/wp-json\/wp\/v2\/product"}],"about":[{"href":"https:\/\/aromasentia.com\/de\/wp-json\/wp\/v2\/types\/product"}],"replies":[{"embeddable":true,"href":"https:\/\/aromasentia.com\/de\/wp-json\/wp\/v2\/comments?post=241453"}],"version-history":[{"count":0,"href":"https:\/\/aromasentia.com\/de\/wp-json\/wp\/v2\/product\/241453\/revisions"}],"wp:featuredmedia":[{"embeddable":true,"href":"https:\/\/aromasentia.com\/de\/wp-json\/wp\/v2\/media\/272575"}],"wp:attachment":[{"href":"https:\/\/aromasentia.com\/de\/wp-json\/wp\/v2\/media?parent=241453"}],"wp:term":[{"taxonomy":"product_brand","embeddable":true,"href":"https:\/\/aromasentia.com\/de\/wp-json\/wp\/v2\/product_brand?post=241453"},{"taxonomy":"product_cat","embeddable":true,"href":"https:\/\/aromasentia.com\/de\/wp-json\/wp\/v2\/product_cat?post=241453"},{"taxonomy":"product_tag","embeddable":true,"href":"https:\/\/aromasentia.com\/de\/wp-json\/wp\/v2\/product_tag?post=241453"}],"curies":[{"name":"wp","href":"https:\/\/api.w.org\/{rel}","templated":true}]}}