{"id":241437,"date":"2025-03-20T16:18:52","date_gmt":"2025-03-20T16:18:52","guid":{"rendered":"https:\/\/aromasentia.com\/product\/soap-on-a-rope-provence\/"},"modified":"2025-12-30T20:37:58","modified_gmt":"2025-12-30T20:37:58","slug":"seife-mit-schnur-provence","status":"publish","type":"product","link":"https:\/\/aromasentia.com\/de\/seife-mit-schnur-provence\/","title":{"rendered":"Seife mit Schnur &#8211; Provence"},"content":{"rendered":"<p>Machen Sie eine Reise nach S\u00fcdfrankreich mit unserer Provence-Seife auf einem Seil. Diese aromatische Seife f\u00e4ngt die Essenz der Region ein, indem sie beruhigenden Lavendel und wilde Kr\u00e4uter mischt. Das praktische Seil sorgt daf\u00fcr, dass Ihre Seife trocken bleibt und lange h\u00e4lt. Ihr sanfter Schaum reinigt und beruhigt die Sinne, erinnert an einen friedlichen Spaziergang durch duftende Landschaften und hinterl\u00e4sst eine weiche, erfrischte Haut, die von zeitloser, nat\u00fcrlicher Eleganz durchdrungen ist.<\/p>\n","protected":false},"excerpt":{"rendered":"<p>Machen Sie eine Reise nach S\u00fcdfrankreich mit unserer Provence-Seife auf einem Seil. Diese aromatische Seife f\u00e4ngt die Essenz der Region ein, indem sie beruhigenden Lavendel und wilde Kr\u00e4uter mischt. Das praktische Seil sorgt daf\u00fcr, dass Ihre Seife trocken bleibt und lange h\u00e4lt. Ihr sanfter Schaum reinigt und beruhigt die Sinne, erinnert an einen friedlichen Spaziergang [&hellip;]<\/p>\n","protected":false},"featured_media":273123,"comment_status":"closed","ping_status":"open","template":"","meta":[],"product_brand":[27086],"product_cat":[19448,20589],"product_tag":[],"class_list":{"0":"post-241437","1":"product","2":"type-product","3":"status-publish","4":"has-post-thumbnail","6":"product_brand-agnes-and-cat","7":"product_cat-bad-und-korper","8":"product_cat-okologische-seifen","9":"pa_collection-soap-on-rope-de","10":"pa_made-in-vereinigtes-koenigreich","12":"first","13":"outofstock","14":"purchasable","15":"product-type-simple"},"supplier_id":null,"supplier_sku":"ACSR-12DS","barcode":null,"atum_controlled":true,"out_stock_date":"2026-01-20 03:33:18","out_stock_threshold":null,"inheritable":false,"inbound_stock":null,"stock_on_hold":0,"sold_today":0,"sales_last_days":0,"reserved_stock":null,"customer_returns":null,"warehouse_damage":null,"lost_in_post":null,"other_logs":null,"out_stock_days":9,"lost_sales":0,"has_location":null,"update_date":"2026-01-30T01:24:58","atum_locations":[],"atum_stock_status":"outofstock","restock_status":false,"low_stock_amount":"","sales_update_date":"2026-01-30T01:24:58","calc_backorders":null,"_links":{"self":[{"href":"https:\/\/aromasentia.com\/de\/wp-json\/wp\/v2\/product\/241437","targetHints":{"allow":["GET"]}}],"collection":[{"href":"https:\/\/aromasentia.com\/de\/wp-json\/wp\/v2\/product"}],"about":[{"href":"https:\/\/aromasentia.com\/de\/wp-json\/wp\/v2\/types\/product"}],"replies":[{"embeddable":true,"href":"https:\/\/aromasentia.com\/de\/wp-json\/wp\/v2\/comments?post=241437"}],"version-history":[{"count":0,"href":"https:\/\/aromasentia.com\/de\/wp-json\/wp\/v2\/product\/241437\/revisions"}],"wp:featuredmedia":[{"embeddable":true,"href":"https:\/\/aromasentia.com\/de\/wp-json\/wp\/v2\/media\/273123"}],"wp:attachment":[{"href":"https:\/\/aromasentia.com\/de\/wp-json\/wp\/v2\/media?parent=241437"}],"wp:term":[{"taxonomy":"product_brand","embeddable":true,"href":"https:\/\/aromasentia.com\/de\/wp-json\/wp\/v2\/product_brand?post=241437"},{"taxonomy":"product_cat","embeddable":true,"href":"https:\/\/aromasentia.com\/de\/wp-json\/wp\/v2\/product_cat?post=241437"},{"taxonomy":"product_tag","embeddable":true,"href":"https:\/\/aromasentia.com\/de\/wp-json\/wp\/v2\/product_tag?post=241437"}],"curies":[{"name":"wp","href":"https:\/\/api.w.org\/{rel}","templated":true}]}}