{"id":241389,"date":"2025-03-20T16:18:52","date_gmt":"2025-03-20T16:18:52","guid":{"rendered":"https:\/\/aromasentia.com\/product\/moroccan-roll-solid-shampoo\/"},"modified":"2025-12-30T20:37:44","modified_gmt":"2025-12-30T20:37:44","slug":"moroccan-roll-solid-shampoo","status":"publish","type":"product","link":"https:\/\/aromasentia.com\/de\/moroccan-roll-solid-shampoo\/","title":{"rendered":"Moroccan Roll Solid Shampoo"},"content":{"rendered":"<p>G\u00f6nnen Sie sich eine exotische Haarreinigung mit unserem Moroccan Roll Solid Shampoo. Dieses bezaubernde, umweltfreundliche Shampoo verw\u00f6hnt Ihre Sinne mit seinem warmen, w\u00fcrzigen und faszinierenden Duft, der an marokkanische Souks erinnert. Es reinigt sanft und hinterl\u00e4sst Ihr Haar mit seinem komplexen, luxuri\u00f6sen Duft. Eine plastikfreie M\u00f6glichkeit, Ihrem Haarpflegeritual einen Hauch von Geheimnis und Opulenz zu verleihen. Das Haar f\u00fchlt sich sauber, weich und exotisch duftend an.<\/p>\n","protected":false},"excerpt":{"rendered":"<p>G\u00f6nnen Sie sich eine exotische Haarreinigung mit unserem Moroccan Roll Solid Shampoo. Dieses bezaubernde, umweltfreundliche Shampoo verw\u00f6hnt Ihre Sinne mit seinem warmen, w\u00fcrzigen und faszinierenden Duft, der an marokkanische Souks erinnert. Es reinigt sanft und hinterl\u00e4sst Ihr Haar mit seinem komplexen, luxuri\u00f6sen Duft. Eine plastikfreie M\u00f6glichkeit, Ihrem Haarpflegeritual einen Hauch von Geheimnis und Opulenz zu [&hellip;]<\/p>\n","protected":false},"featured_media":273203,"comment_status":"closed","ping_status":"open","template":"","meta":{"_angie_page":false},"product_brand":[27086],"product_cat":[19448,20553],"product_tag":[],"class_list":{"0":"post-241389","1":"product","2":"type-product","3":"status-publish","4":"has-post-thumbnail","6":"product_brand-agnes-and-cat","7":"product_cat-bad-und-korper","8":"product_cat-haarpflege","9":"pa_collection-solid-shampoo-bars-de","10":"pa_made-in-vereinigtes-koenigreich","12":"first","13":"instock","14":"purchasable","15":"product-type-simple"},"supplier_id":null,"supplier_sku":"ACSS-02DS","barcode":null,"atum_controlled":true,"out_stock_date":null,"out_stock_threshold":null,"inheritable":false,"inbound_stock":0,"stock_on_hold":0,"sold_today":0,"sales_last_days":0,"reserved_stock":0,"customer_returns":0,"warehouse_damage":0,"lost_in_post":0,"other_logs":0,"out_stock_days":0,"lost_sales":0,"has_location":false,"update_date":"2026-04-27T06:49:36","atum_locations":[],"atum_stock_status":"instock","restock_status":false,"low_stock_amount":"","sales_update_date":"2026-01-30T01:26:09","calc_backorders":null,"_links":{"self":[{"href":"https:\/\/aromasentia.com\/de\/wp-json\/wp\/v2\/product\/241389","targetHints":{"allow":["GET"]}}],"collection":[{"href":"https:\/\/aromasentia.com\/de\/wp-json\/wp\/v2\/product"}],"about":[{"href":"https:\/\/aromasentia.com\/de\/wp-json\/wp\/v2\/types\/product"}],"replies":[{"embeddable":true,"href":"https:\/\/aromasentia.com\/de\/wp-json\/wp\/v2\/comments?post=241389"}],"version-history":[{"count":0,"href":"https:\/\/aromasentia.com\/de\/wp-json\/wp\/v2\/product\/241389\/revisions"}],"wp:featuredmedia":[{"embeddable":true,"href":"https:\/\/aromasentia.com\/de\/wp-json\/wp\/v2\/media\/273203"}],"wp:attachment":[{"href":"https:\/\/aromasentia.com\/de\/wp-json\/wp\/v2\/media?parent=241389"}],"wp:term":[{"taxonomy":"product_brand","embeddable":true,"href":"https:\/\/aromasentia.com\/de\/wp-json\/wp\/v2\/product_brand?post=241389"},{"taxonomy":"product_cat","embeddable":true,"href":"https:\/\/aromasentia.com\/de\/wp-json\/wp\/v2\/product_cat?post=241389"},{"taxonomy":"product_tag","embeddable":true,"href":"https:\/\/aromasentia.com\/de\/wp-json\/wp\/v2\/product_tag?post=241389"}],"curies":[{"name":"wp","href":"https:\/\/api.w.org\/{rel}","templated":true}]}}