{"id":241381,"date":"2025-03-20T16:18:52","date_gmt":"2025-03-20T16:18:52","guid":{"rendered":"https:\/\/aromasentia.com\/product\/sea-salt-moss-solid-shampoo\/"},"modified":"2025-12-30T20:37:44","modified_gmt":"2025-12-30T20:37:44","slug":"sea-salz-moss-solid-shampoo","status":"publish","type":"product","link":"https:\/\/aromasentia.com\/de\/sea-salz-moss-solid-shampoo\/","title":{"rendered":"Sea Salz &#038; Moss Solid Shampoo"},"content":{"rendered":"<p>Beleben Sie Ihr Haar und Ihre Sinne mit unserem Sea Salz &#038; Moss Solid Shampoo. Dieses erfrischende, umweltbewusste Shampoo reinigt gr\u00fcndlich und erinnert an die frische, saubere Essenz einer K\u00fcstenbrise, indem es Meersalznoten mit erdigem Moos mischt. Es hilft, die Kopfhaut zu reinigen, und das Haar f\u00fchlt sich revitalisiert, strukturiert und voller Leben an. Eine perfekte plastikfreie Alternative f\u00fcr alle, die einen frischen, nat\u00fcrlichen und belebenden Start in den Tag lieben und den Geist des Meeres in ihre Haarpflege einbringen m\u00f6chten.<\/p>\n","protected":false},"excerpt":{"rendered":"<p>Beleben Sie Ihr Haar und Ihre Sinne mit unserem Sea Salz &#038; Moss Solid Shampoo. Dieses erfrischende, umweltbewusste Shampoo reinigt gr\u00fcndlich und erinnert an die frische, saubere Essenz einer K\u00fcstenbrise, indem es Meersalznoten mit erdigem Moos mischt. Es hilft, die Kopfhaut zu reinigen, und das Haar f\u00fchlt sich revitalisiert, strukturiert und voller Leben an. Eine [&hellip;]<\/p>\n","protected":false},"featured_media":273185,"comment_status":"closed","ping_status":"open","template":"","meta":{"_angie_page":false},"product_brand":[27086],"product_cat":[19448,20553],"product_tag":[],"class_list":{"0":"post-241381","1":"product","2":"type-product","3":"status-publish","4":"has-post-thumbnail","6":"product_brand-agnes-and-cat","7":"product_cat-bad-und-korper","8":"product_cat-haarpflege","9":"pa_collection-solid-shampoo-bars-de","10":"pa_made-in-vereinigtes-koenigreich","12":"first","13":"instock","14":"purchasable","15":"product-type-simple"},"supplier_id":null,"supplier_sku":"ACSS-04DS","barcode":null,"atum_controlled":true,"out_stock_date":null,"out_stock_threshold":null,"inheritable":false,"inbound_stock":null,"stock_on_hold":0,"sold_today":0,"sales_last_days":0,"reserved_stock":null,"customer_returns":null,"warehouse_damage":null,"lost_in_post":null,"other_logs":null,"out_stock_days":0,"lost_sales":0,"has_location":null,"update_date":"2026-04-27T06:49:36","atum_locations":[],"atum_stock_status":"instock","restock_status":false,"low_stock_amount":"","sales_update_date":"2026-01-30T01:26:33","calc_backorders":null,"_links":{"self":[{"href":"https:\/\/aromasentia.com\/de\/wp-json\/wp\/v2\/product\/241381","targetHints":{"allow":["GET"]}}],"collection":[{"href":"https:\/\/aromasentia.com\/de\/wp-json\/wp\/v2\/product"}],"about":[{"href":"https:\/\/aromasentia.com\/de\/wp-json\/wp\/v2\/types\/product"}],"replies":[{"embeddable":true,"href":"https:\/\/aromasentia.com\/de\/wp-json\/wp\/v2\/comments?post=241381"}],"version-history":[{"count":0,"href":"https:\/\/aromasentia.com\/de\/wp-json\/wp\/v2\/product\/241381\/revisions"}],"wp:featuredmedia":[{"embeddable":true,"href":"https:\/\/aromasentia.com\/de\/wp-json\/wp\/v2\/media\/273185"}],"wp:attachment":[{"href":"https:\/\/aromasentia.com\/de\/wp-json\/wp\/v2\/media?parent=241381"}],"wp:term":[{"taxonomy":"product_brand","embeddable":true,"href":"https:\/\/aromasentia.com\/de\/wp-json\/wp\/v2\/product_brand?post=241381"},{"taxonomy":"product_cat","embeddable":true,"href":"https:\/\/aromasentia.com\/de\/wp-json\/wp\/v2\/product_cat?post=241381"},{"taxonomy":"product_tag","embeddable":true,"href":"https:\/\/aromasentia.com\/de\/wp-json\/wp\/v2\/product_tag?post=241381"}],"curies":[{"name":"wp","href":"https:\/\/api.w.org\/{rel}","templated":true}]}}