{"id":241369,"date":"2025-03-20T16:18:52","date_gmt":"2025-03-20T16:18:52","guid":{"rendered":"https:\/\/aromasentia.com\/product\/japanese-bloom-solid-shampoo\/"},"modified":"2025-12-30T20:37:44","modified_gmt":"2025-12-30T20:37:44","slug":"japanese-bloom-solid-shampoo","status":"publish","type":"product","link":"https:\/\/aromasentia.com\/de\/japanese-bloom-solid-shampoo\/","title":{"rendered":"Japanese Bloom Solid Shampoo"},"content":{"rendered":"<p>Erleben Sie heitere Haarpflege mit unserem Japanese Bloom Solid Shampoo. Dieses sanfte, umweltbewusste Shampoo reinigt Ihr Haar und umh\u00fcllt Sie gleichzeitig mit einem zarten und beruhigenden Blumenduft, der an japanische G\u00e4rten erinnert. Die pflegende Formel hinterl\u00e4sst weiches, gesundes Haar, das dezent nach Kirschbl\u00fcten und anderen heiteren Blumen duftet. Eine achtsame Wahl f\u00fcr sch\u00f6nes Haar und einen sauberen Planeten, denn es f\u00f6rdert die Ruhe bei jeder W\u00e4sche und reduziert den Plastikm\u00fcll.<\/p>\n","protected":false},"excerpt":{"rendered":"<p>Erleben Sie heitere Haarpflege mit unserem Japanese Bloom Solid Shampoo. Dieses sanfte, umweltbewusste Shampoo reinigt Ihr Haar und umh\u00fcllt Sie gleichzeitig mit einem zarten und beruhigenden Blumenduft, der an japanische G\u00e4rten erinnert. Die pflegende Formel hinterl\u00e4sst weiches, gesundes Haar, das dezent nach Kirschbl\u00fcten und anderen heiteren Blumen duftet. Eine achtsame Wahl f\u00fcr sch\u00f6nes Haar und [&hellip;]<\/p>\n","protected":false},"featured_media":273158,"comment_status":"closed","ping_status":"open","template":"","meta":{"_angie_page":false},"product_brand":[27086],"product_cat":[19448,20553],"product_tag":[],"class_list":{"0":"post-241369","1":"product","2":"type-product","3":"status-publish","4":"has-post-thumbnail","6":"product_brand-agnes-and-cat","7":"product_cat-bad-und-korper","8":"product_cat-haarpflege","9":"pa_collection-solid-shampoo-bars-de","10":"pa_made-in-vereinigtes-koenigreich","12":"first","13":"instock","14":"purchasable","15":"product-type-simple"},"supplier_id":null,"supplier_sku":"ACSS-07DS","barcode":null,"atum_controlled":true,"out_stock_date":null,"out_stock_threshold":null,"inheritable":false,"inbound_stock":null,"stock_on_hold":0,"sold_today":0,"sales_last_days":0,"reserved_stock":null,"customer_returns":null,"warehouse_damage":null,"lost_in_post":null,"other_logs":null,"out_stock_days":0,"lost_sales":0,"has_location":null,"update_date":"2026-04-27T06:49:36","atum_locations":[],"atum_stock_status":"instock","restock_status":false,"low_stock_amount":"","sales_update_date":"2026-01-20T05:14:18","calc_backorders":null,"_links":{"self":[{"href":"https:\/\/aromasentia.com\/de\/wp-json\/wp\/v2\/product\/241369","targetHints":{"allow":["GET"]}}],"collection":[{"href":"https:\/\/aromasentia.com\/de\/wp-json\/wp\/v2\/product"}],"about":[{"href":"https:\/\/aromasentia.com\/de\/wp-json\/wp\/v2\/types\/product"}],"replies":[{"embeddable":true,"href":"https:\/\/aromasentia.com\/de\/wp-json\/wp\/v2\/comments?post=241369"}],"version-history":[{"count":0,"href":"https:\/\/aromasentia.com\/de\/wp-json\/wp\/v2\/product\/241369\/revisions"}],"wp:featuredmedia":[{"embeddable":true,"href":"https:\/\/aromasentia.com\/de\/wp-json\/wp\/v2\/media\/273158"}],"wp:attachment":[{"href":"https:\/\/aromasentia.com\/de\/wp-json\/wp\/v2\/media?parent=241369"}],"wp:term":[{"taxonomy":"product_brand","embeddable":true,"href":"https:\/\/aromasentia.com\/de\/wp-json\/wp\/v2\/product_brand?post=241369"},{"taxonomy":"product_cat","embeddable":true,"href":"https:\/\/aromasentia.com\/de\/wp-json\/wp\/v2\/product_cat?post=241369"},{"taxonomy":"product_tag","embeddable":true,"href":"https:\/\/aromasentia.com\/de\/wp-json\/wp\/v2\/product_tag?post=241369"}],"curies":[{"name":"wp","href":"https:\/\/api.w.org\/{rel}","templated":true}]}}