{"id":241349,"date":"2025-03-20T16:19:41","date_gmt":"2025-03-20T16:19:41","guid":{"rendered":"https:\/\/aromasentia.com\/product\/aromatherapy-shower-steamer-80g-calming\/"},"modified":"2025-12-30T20:37:36","modified_gmt":"2025-12-30T20:37:36","slug":"aromatherapie-dusch-dampfer-80g-beruhigend","status":"publish","type":"product","link":"https:\/\/aromasentia.com\/de\/aromatherapie-dusch-dampfer-80g-beruhigend\/","title":{"rendered":"Aromatherapie Dusch Dampfer 80g &#8211; Beruhigend"},"content":{"rendered":"<h2 style=\"text-align: justify;\"><span style=\"color: rgb(40, 50, 78);\">Gro\u00dfhandel Aromatherapie Shower Streamer &#8211; Calming<\/span><\/h2>\n<p style=\"text-align: justify;\"><span style=\"color: rgb(40, 50, 78);\">Wie eine Badebombe f\u00fcr die Dusche. &nbsp;Legen Sie sie einfach in den Boden Ihrer Dusche, um eine Spa-\u00e4hnliche aromatische Umgebung zu schaffen. &nbsp;Luxus in den <strong>H\u00e4usern Ihrer Kunden<\/strong>, und jetzt sind diejenigen, die kein Bad haben, immer noch Ihre Kunden.&nbsp;<\/span><\/p>\n<p style=\"text-align: justify;\"><span style=\"color: rgb(40, 50, 78);\">Setzen Sie einfach einen Dampfer in den Boden der Dusche, um die Vorteile der <strong>Aromatherapie im Komfort Ihres eigenen Hauses<\/strong> zu genie\u00dfen.<\/span><\/p>\n<p style=\"text-align: justify;\"><span style=\"color: rgb(40, 50, 78);\">Unsere Duschdampfer sind die <strong>perfekte Erg\u00e4nzung f\u00fcr jedes Spa<\/strong> oder <strong>Sch\u00f6nheitsgesch\u00e4ft, das seinen Kunden ein einzigartiges<\/strong> und <strong>luxuri\u00f6ses Erlebnis bieten m\u00f6chte<\/strong>. Mit unseren <a href=\"https:\/\/aromasentia.com\/wholesale-bath-bombs-uk\" rel=\"noopener noreferrer\" target=\"_blank\">Gro\u00dfhandels-Badebomben ohne Mindestbestellwert<\/a> k\u00f6nnen Sie diese Duschdampfer ganz einfach in Ihren Bestand aufnehmen und Ihren Kunden eine nat\u00fcrliche und ganzheitliche Art der Entspannung und des Stressabbaus bieten.<\/span><\/p>\n<p style=\"text-align: justify;\"><span style=\"color: rgb(40, 50, 78);\"><br \/><strong>Verpassen Sie nicht<\/strong> die Gelegenheit, <strong>Ihren Kunden<\/strong> dieses erstaunliche Produkt<\/strong> anzubieten. Mit unseren <a href=\"https:\/\/aromasentia.com\/aross\" rel=\"noopener noreferrer\" target=\"_blank\">Gro\u00dfhandels-Duschdampfern<\/a> k\u00f6nnen Sie unseren Aromatherapie-Duschdampfer 70g &#8211; Calming ganz einfach in Ihr Sortiment aufnehmen und Ihren Kunden ein einzigartiges und luxuri\u00f6ses Erlebnis bieten.<\/span><\/p>\n","protected":false},"excerpt":{"rendered":"<p>Gro\u00dfhandel Aromatherapie Shower Streamer &#8211; Calming Wie eine Badebombe f\u00fcr die Dusche. &nbsp;Legen Sie sie einfach in den Boden Ihrer Dusche, um eine Spa-\u00e4hnliche aromatische Umgebung zu schaffen. &nbsp;Luxus in den H\u00e4usern Ihrer Kunden, und jetzt sind diejenigen, die kein Bad haben, immer noch Ihre Kunden.&nbsp; Setzen Sie einfach einen Dampfer in den Boden der [&hellip;]<\/p>\n","protected":false},"featured_media":273405,"comment_status":"closed","ping_status":"open","template":"","meta":{"_angie_page":false},"product_brand":[],"product_cat":[19448,20511],"product_tag":[],"class_list":{"0":"post-241349","1":"product","2":"type-product","3":"status-publish","4":"has-post-thumbnail","6":"product_cat-bad-und-korper","7":"product_cat-badebomben-badekugeln","8":"pa_collection-aromatherapy-shower-steamers-de","9":"pa_made-in-vereinigtes-koenigreich","10":"pa_size-80g","12":"first","13":"instock","14":"purchasable","15":"product-type-simple"},"supplier_id":null,"supplier_sku":"AROSS-07a","barcode":null,"atum_controlled":true,"out_stock_date":null,"out_stock_threshold":null,"inheritable":false,"inbound_stock":null,"stock_on_hold":0,"sold_today":0,"sales_last_days":0,"reserved_stock":null,"customer_returns":null,"warehouse_damage":null,"lost_in_post":null,"other_logs":null,"out_stock_days":0,"lost_sales":0,"has_location":null,"update_date":"2026-05-08T05:03:47","atum_locations":[],"atum_stock_status":"instock","restock_status":false,"low_stock_amount":"","sales_update_date":"2025-10-09T03:23:29","calc_backorders":null,"_links":{"self":[{"href":"https:\/\/aromasentia.com\/de\/wp-json\/wp\/v2\/product\/241349","targetHints":{"allow":["GET"]}}],"collection":[{"href":"https:\/\/aromasentia.com\/de\/wp-json\/wp\/v2\/product"}],"about":[{"href":"https:\/\/aromasentia.com\/de\/wp-json\/wp\/v2\/types\/product"}],"replies":[{"embeddable":true,"href":"https:\/\/aromasentia.com\/de\/wp-json\/wp\/v2\/comments?post=241349"}],"version-history":[{"count":0,"href":"https:\/\/aromasentia.com\/de\/wp-json\/wp\/v2\/product\/241349\/revisions"}],"wp:featuredmedia":[{"embeddable":true,"href":"https:\/\/aromasentia.com\/de\/wp-json\/wp\/v2\/media\/273405"}],"wp:attachment":[{"href":"https:\/\/aromasentia.com\/de\/wp-json\/wp\/v2\/media?parent=241349"}],"wp:term":[{"taxonomy":"product_brand","embeddable":true,"href":"https:\/\/aromasentia.com\/de\/wp-json\/wp\/v2\/product_brand?post=241349"},{"taxonomy":"product_cat","embeddable":true,"href":"https:\/\/aromasentia.com\/de\/wp-json\/wp\/v2\/product_cat?post=241349"},{"taxonomy":"product_tag","embeddable":true,"href":"https:\/\/aromasentia.com\/de\/wp-json\/wp\/v2\/product_tag?post=241349"}],"curies":[{"name":"wp","href":"https:\/\/api.w.org\/{rel}","templated":true}]}}