{"id":241345,"date":"2025-03-20T16:19:41","date_gmt":"2025-03-20T16:19:41","guid":{"rendered":"https:\/\/aromasentia.com\/product\/aromatherapy-shower-steamer-80g-anti-anxiety\/"},"modified":"2025-12-30T20:37:36","modified_gmt":"2025-12-30T20:37:36","slug":"aromatherapie-dusch-dampfer-80g-anti-angst","status":"publish","type":"product","link":"https:\/\/aromasentia.com\/de\/aromatherapie-dusch-dampfer-80g-anti-angst\/","title":{"rendered":"Aromatherapie Dusch Dampfer 80g &#8211; Anti-Angst"},"content":{"rendered":"<h2 style=\"text-align: justify;\"><span style=\"color: rgb(40, 50, 78);\">Gro\u00dfhandel Aromatherapie Dusche Steamer Anti Angst<\/span><\/h2>\n<p style=\"text-align: justify;\"><span style=\"color: rgb(40, 50, 78);\">Anti Angst Dusche Steamer mit \u00e4therischen \u00d6len: Bergamotte, Muskatellersalbei, Lavendel und Distelbl\u00fcten&nbsp;<\/span><\/p>\n<p style=\"text-align: justify;\"><span style=\"color: rgb(40, 50, 78);\"><a href=\"https:\/\/aromasentia.com\/aross\" rel=\"noopener noreferrer\" target=\"_blank\">Gro\u00dfhandel Aromatherapie-Dampfduschen<\/a> werden mit einer Mischung aus <strong>\u00e4therischen \u00d6len<\/strong> hergestellt, <strong>einschlie\u00dflich Lavendel<\/strong>, <strong>Kamille<\/strong> und <strong>Ylang-Ylang<\/strong>, die zusammen ein Gef\u00fchl der Ruhe und Entspannung f\u00f6rdern. Stellen Sie den Dampfer einfach auf den Boden der Dusche und lassen Sie den Dampf die \u00e4therischen \u00d6le aktivieren, die den Raum mit einem beruhigenden und beruhigenden Duft erf\u00fcllen.<\/span><\/p>\n<p style=\"text-align: justify;\"><span style=\"color: rgb(40, 50, 78);\">Diese Duschdampfer sind auch eine gute Option f\u00fcr diejenigen, <strong>die unter Angst oder Stress leiden<\/strong>. Die beruhigende Wirkung der <strong>\u00e4therischen \u00d6le<\/strong> kann dazu beitragen, Angstgef\u00fchle zu reduzieren und ein Gef\u00fchl von innerem Frieden und Gelassenheit zu f\u00f6rdern.<\/span><\/p>\n<p style=\"text-align: justify;\"><span style=\"color: rgb(40, 50, 78);\">Auf <a href=\"https:\/\/aromasentia.com\/wholesale-bath-bombs-uk\" rel=\"noopener noreferrer\" target=\"_blank\">Gro\u00dfhandels-Badebomben ohne Mindestbestellwert<\/a> sind diese Duschdampfer eine <strong>erschwingliche<\/strong> und <strong>bequeme M\u00f6glichkeit, Ihr Gesch\u00e4ft<\/strong> zu verbessern und Ihre Kunden <strong>zu begeistern<\/strong>.<\/span><\/p>\n<p style=\"text-align: justify;\"><span style=\"color: rgb(40, 50, 78);\">Wenn Sie also Ihren Kunden ein einzigartiges und entspannendes Duscherlebnis bieten wollen, sind unsere Anti-Angst-Aromatherapie-Dampfduschen die perfekte Wahl. Bestellen Sie jetzt und sehen Sie zu, wie Ihr Gesch\u00e4ft floriert!<\/span><\/p>\n","protected":false},"excerpt":{"rendered":"<p>Gro\u00dfhandel Aromatherapie Dusche Steamer Anti Angst Anti Angst Dusche Steamer mit \u00e4therischen \u00d6len: Bergamotte, Muskatellersalbei, Lavendel und Distelbl\u00fcten&nbsp; Gro\u00dfhandel Aromatherapie-Dampfduschen werden mit einer Mischung aus \u00e4therischen \u00d6len hergestellt, einschlie\u00dflich Lavendel, Kamille und Ylang-Ylang, die zusammen ein Gef\u00fchl der Ruhe und Entspannung f\u00f6rdern. Stellen Sie den Dampfer einfach auf den Boden der Dusche und lassen Sie [&hellip;]<\/p>\n","protected":false},"featured_media":273396,"comment_status":"closed","ping_status":"open","template":"","meta":{"_angie_page":false},"product_brand":[],"product_cat":[19448,20511],"product_tag":[],"class_list":{"0":"post-241345","1":"product","2":"type-product","3":"status-publish","4":"has-post-thumbnail","6":"product_cat-bad-und-korper","7":"product_cat-badebomben-badekugeln","8":"pa_collection-aromatherapy-shower-steamers-de","9":"pa_made-in-vereinigtes-koenigreich","10":"pa_size-80g","12":"first","13":"instock","14":"purchasable","15":"product-type-simple"},"supplier_id":null,"supplier_sku":"AROSS-08a","barcode":null,"atum_controlled":true,"out_stock_date":null,"out_stock_threshold":null,"inheritable":false,"inbound_stock":null,"stock_on_hold":0,"sold_today":0,"sales_last_days":0,"reserved_stock":null,"customer_returns":null,"warehouse_damage":null,"lost_in_post":null,"other_logs":null,"out_stock_days":0,"lost_sales":0,"has_location":null,"update_date":"2026-05-11T01:55:49","atum_locations":[],"atum_stock_status":"instock","restock_status":false,"low_stock_amount":"","sales_update_date":"2025-10-09T03:23:31","calc_backorders":null,"_links":{"self":[{"href":"https:\/\/aromasentia.com\/de\/wp-json\/wp\/v2\/product\/241345","targetHints":{"allow":["GET"]}}],"collection":[{"href":"https:\/\/aromasentia.com\/de\/wp-json\/wp\/v2\/product"}],"about":[{"href":"https:\/\/aromasentia.com\/de\/wp-json\/wp\/v2\/types\/product"}],"replies":[{"embeddable":true,"href":"https:\/\/aromasentia.com\/de\/wp-json\/wp\/v2\/comments?post=241345"}],"version-history":[{"count":0,"href":"https:\/\/aromasentia.com\/de\/wp-json\/wp\/v2\/product\/241345\/revisions"}],"wp:featuredmedia":[{"embeddable":true,"href":"https:\/\/aromasentia.com\/de\/wp-json\/wp\/v2\/media\/273396"}],"wp:attachment":[{"href":"https:\/\/aromasentia.com\/de\/wp-json\/wp\/v2\/media?parent=241345"}],"wp:term":[{"taxonomy":"product_brand","embeddable":true,"href":"https:\/\/aromasentia.com\/de\/wp-json\/wp\/v2\/product_brand?post=241345"},{"taxonomy":"product_cat","embeddable":true,"href":"https:\/\/aromasentia.com\/de\/wp-json\/wp\/v2\/product_cat?post=241345"},{"taxonomy":"product_tag","embeddable":true,"href":"https:\/\/aromasentia.com\/de\/wp-json\/wp\/v2\/product_tag?post=241345"}],"curies":[{"name":"wp","href":"https:\/\/api.w.org\/{rel}","templated":true}]}}