{"id":241337,"date":"2025-03-20T16:19:41","date_gmt":"2025-03-20T16:19:41","guid":{"rendered":"https:\/\/aromasentia.com\/product\/aromatherapy-shower-steamer-80g-party-booster\/"},"modified":"2025-12-30T20:37:36","modified_gmt":"2025-12-30T20:37:36","slug":"aromatherapie-dusch-dampfer-80g-party-booster","status":"publish","type":"product","link":"https:\/\/aromasentia.com\/de\/aromatherapie-dusch-dampfer-80g-party-booster\/","title":{"rendered":"Aromatherapie Dusch Dampfer 80g &#8211; Party Booster"},"content":{"rendered":"<p>Sch\u00fcren Sie die Partystimmung mit unserem Aromatherapie-Duschdampfer &#8211; Party Booster. Dieser 80 g schwere Dampfer setzt unter der Dusche eine lebendige und aufmunternde Mischung aus \u00e4therischen \u00d6len frei, die Ihren Geist anregen und Ihre Stimmung heben. Lassen Sie die w\u00fcrzigen, fr\u00f6hlichen Aromen in den Dampf einstr\u00f6men und stimmen Sie sich auf das Feiern und die Geselligkeit ein. Ein perfektes Ritual vor einer Party, das Ihr Selbstvertrauen st\u00e4rkt und Sie bereit macht, zu gl\u00e4nzen, und Ihre Dusche zu einem wahrhaft belebenden Erlebnis macht.<\/p>\n","protected":false},"excerpt":{"rendered":"<p>Sch\u00fcren Sie die Partystimmung mit unserem Aromatherapie-Duschdampfer &#8211; Party Booster. Dieser 80 g schwere Dampfer setzt unter der Dusche eine lebendige und aufmunternde Mischung aus \u00e4therischen \u00d6len frei, die Ihren Geist anregen und Ihre Stimmung heben. Lassen Sie die w\u00fcrzigen, fr\u00f6hlichen Aromen in den Dampf einstr\u00f6men und stimmen Sie sich auf das Feiern und die [&hellip;]<\/p>\n","protected":false},"featured_media":273378,"comment_status":"closed","ping_status":"open","template":"","meta":{"_angie_page":false},"product_brand":[],"product_cat":[19448,20511],"product_tag":[],"class_list":{"0":"post-241337","1":"product","2":"type-product","3":"status-publish","4":"has-post-thumbnail","6":"product_cat-bad-und-korper","7":"product_cat-badebomben-badekugeln","8":"pa_collection-aromatherapy-shower-steamers-de","9":"pa_made-in-vereinigtes-koenigreich","10":"pa_size-80g","12":"first","13":"instock","14":"purchasable","15":"product-type-simple"},"supplier_id":null,"supplier_sku":"AROSS-10a","barcode":null,"atum_controlled":true,"out_stock_date":null,"out_stock_threshold":null,"inheritable":false,"inbound_stock":null,"stock_on_hold":0,"sold_today":0,"sales_last_days":0,"reserved_stock":null,"customer_returns":null,"warehouse_damage":null,"lost_in_post":null,"other_logs":null,"out_stock_days":0,"lost_sales":0,"has_location":null,"update_date":"2026-05-08T05:03:47","atum_locations":[],"atum_stock_status":"instock","restock_status":false,"low_stock_amount":"","sales_update_date":"2025-10-09T03:23:31","calc_backorders":null,"_links":{"self":[{"href":"https:\/\/aromasentia.com\/de\/wp-json\/wp\/v2\/product\/241337","targetHints":{"allow":["GET"]}}],"collection":[{"href":"https:\/\/aromasentia.com\/de\/wp-json\/wp\/v2\/product"}],"about":[{"href":"https:\/\/aromasentia.com\/de\/wp-json\/wp\/v2\/types\/product"}],"replies":[{"embeddable":true,"href":"https:\/\/aromasentia.com\/de\/wp-json\/wp\/v2\/comments?post=241337"}],"version-history":[{"count":0,"href":"https:\/\/aromasentia.com\/de\/wp-json\/wp\/v2\/product\/241337\/revisions"}],"wp:featuredmedia":[{"embeddable":true,"href":"https:\/\/aromasentia.com\/de\/wp-json\/wp\/v2\/media\/273378"}],"wp:attachment":[{"href":"https:\/\/aromasentia.com\/de\/wp-json\/wp\/v2\/media?parent=241337"}],"wp:term":[{"taxonomy":"product_brand","embeddable":true,"href":"https:\/\/aromasentia.com\/de\/wp-json\/wp\/v2\/product_brand?post=241337"},{"taxonomy":"product_cat","embeddable":true,"href":"https:\/\/aromasentia.com\/de\/wp-json\/wp\/v2\/product_cat?post=241337"},{"taxonomy":"product_tag","embeddable":true,"href":"https:\/\/aromasentia.com\/de\/wp-json\/wp\/v2\/product_tag?post=241337"}],"curies":[{"name":"wp","href":"https:\/\/api.w.org\/{rel}","templated":true}]}}