{"id":241325,"date":"2025-03-20T16:19:41","date_gmt":"2025-03-20T16:19:41","guid":{"rendered":"https:\/\/aromasentia.com\/product\/juniper-lime-spearmint-hand-body-wash-250ml\/"},"modified":"2025-06-28T21:35:51","modified_gmt":"2025-06-28T21:35:51","slug":"hand-und-koerperwaschmittel-mit-wacholder-limette-und-gruener-minze-250ml","status":"publish","type":"product","link":"https:\/\/aromasentia.com\/de\/hand-und-koerperwaschmittel-mit-wacholder-limette-und-gruener-minze-250ml\/","title":{"rendered":"Hand- und K\u00f6rperwaschmittel mit Wacholder, Limette und gr\u00fcner Minze, 250ml"},"content":{"rendered":"<p>Juniper, Lime &amp; Spearmint Aromatherapy Hand &amp; Body Wash ist ein luxuri\u00f6ses und erfrischendes Produkt, das entwickelt wurde, um die Haut zu reinigen und zu n\u00e4hren und gleichzeitig ein erfrischendes und belebendes Erlebnis zu bieten. Diese Kosmetik besteht aus einer Mischung \u00e4therischer \u00d6le, die zusammen einen einzigartigen und anregenden Duft erzeugen.<\/p>\n<p>Der Wacholder ist bekannt f\u00fcr seine reinigenden Eigenschaften und seine F\u00e4higkeit, gesunde Haut zu f\u00f6rdern. In Hautpflegeprodukten wird er oft wegen seiner adstringierenden Eigenschaften verwendet, die helfen k\u00f6nnen, die Haut zu straffen und zu festigen. Die Limette hingegen ist ein nat\u00fcrliches Antioxidans, das die Haut vor Sch\u00e4den durch freie Radikale sch\u00fctzt. Au\u00dferdem hat sie einen hellen, zitrusartigen Duft, der belebend und anregend wirkt. Die Minze sorgt f\u00fcr ein k\u00fchles und erfrischendes Gef\u00fchl, das die Sinne belebt. Sie ist auch f\u00fcr ihre antibakteriellen und antimykotischen Eigenschaften bekannt, die dazu beitragen k\u00f6nnen, die Haut gesund und frei von Infektionen zu halten.<\/p>\n<p>Dieses Hand- und K\u00f6rperwaschmittel sch\u00e4umt leicht auf und sp\u00fclt sauber, so dass sich die Haut weich, glatt und erfrischt anf\u00fchlt.<\/p>\n","protected":false},"excerpt":{"rendered":"<p>Juniper, Lime &amp; Spearmint Aromatherapy Hand &amp; Body Wash ist ein luxuri\u00f6ses und erfrischendes Produkt, das entwickelt wurde, um die Haut zu reinigen und zu n\u00e4hren und gleichzeitig ein erfrischendes und belebendes Erlebnis zu bieten. Diese Kosmetik besteht aus einer Mischung \u00e4therischer \u00d6le, die zusammen einen einzigartigen und anregenden Duft erzeugen. Der Wacholder ist bekannt [&hellip;]<\/p>\n","protected":false},"featured_media":273311,"comment_status":"closed","ping_status":"open","template":"","meta":{"_angie_page":false},"product_brand":[],"product_cat":[19448,25841,26392,20989,26256,26875,26819],"product_tag":[],"class_list":{"0":"post-241325","1":"product","2":"type-product","3":"status-publish","4":"has-post-thumbnail","6":"product_cat-bad-und-korper","7":"product_cat-dufte-aromen","8":"product_cat-grune-minze-spearmint","9":"product_cat-korperpflege","10":"product_cat-limette","11":"product_cat-minzig","12":"product_cat-zitrus","13":"pa_collection-aromatherapy-hand-body-wash-de","14":"pa_made-in-vereinigtes-koenigreich","15":"pa_size-250ml","17":"first","18":"instock","19":"purchasable","20":"product-type-simple"},"supplier_id":null,"supplier_sku":"AHBW-01","barcode":null,"atum_controlled":true,"out_stock_date":null,"out_stock_threshold":null,"inheritable":false,"inbound_stock":null,"stock_on_hold":0,"sold_today":0,"sales_last_days":0,"reserved_stock":null,"customer_returns":null,"warehouse_damage":null,"lost_in_post":null,"other_logs":null,"out_stock_days":0,"lost_sales":0,"has_location":null,"update_date":"2026-05-08T05:02:36","atum_locations":[],"atum_stock_status":"instock","restock_status":false,"low_stock_amount":"","sales_update_date":"2026-01-30T01:24:52","calc_backorders":null,"_links":{"self":[{"href":"https:\/\/aromasentia.com\/de\/wp-json\/wp\/v2\/product\/241325","targetHints":{"allow":["GET"]}}],"collection":[{"href":"https:\/\/aromasentia.com\/de\/wp-json\/wp\/v2\/product"}],"about":[{"href":"https:\/\/aromasentia.com\/de\/wp-json\/wp\/v2\/types\/product"}],"replies":[{"embeddable":true,"href":"https:\/\/aromasentia.com\/de\/wp-json\/wp\/v2\/comments?post=241325"}],"version-history":[{"count":0,"href":"https:\/\/aromasentia.com\/de\/wp-json\/wp\/v2\/product\/241325\/revisions"}],"wp:featuredmedia":[{"embeddable":true,"href":"https:\/\/aromasentia.com\/de\/wp-json\/wp\/v2\/media\/273311"}],"wp:attachment":[{"href":"https:\/\/aromasentia.com\/de\/wp-json\/wp\/v2\/media?parent=241325"}],"wp:term":[{"taxonomy":"product_brand","embeddable":true,"href":"https:\/\/aromasentia.com\/de\/wp-json\/wp\/v2\/product_brand?post=241325"},{"taxonomy":"product_cat","embeddable":true,"href":"https:\/\/aromasentia.com\/de\/wp-json\/wp\/v2\/product_cat?post=241325"},{"taxonomy":"product_tag","embeddable":true,"href":"https:\/\/aromasentia.com\/de\/wp-json\/wp\/v2\/product_tag?post=241325"}],"curies":[{"name":"wp","href":"https:\/\/api.w.org\/{rel}","templated":true}]}}