{"id":241321,"date":"2025-03-20T16:19:41","date_gmt":"2025-03-20T16:19:41","guid":{"rendered":"https:\/\/aromasentia.com\/product\/tangerine-ylang-patchouli-hand-body-wash-250ml\/"},"modified":"2025-06-28T21:35:50","modified_gmt":"2025-06-28T21:35:50","slug":"mandarine-ylang-patchouli-hand-und-koerperwaschmittel-250ml","status":"publish","type":"product","link":"https:\/\/aromasentia.com\/de\/mandarine-ylang-patchouli-hand-und-koerperwaschmittel-250ml\/","title":{"rendered":"Mandarine, Ylang &#038; Patchouli Hand- und K\u00f6rperwaschmittel 250ml"},"content":{"rendered":"<p>Tangerine, Ylang &amp; Patchouli Aromatherapy Hand &amp; Body Wash ist ein luxuri\u00f6ses und aromatisches Produkt, das entwickelt wurde, um die Haut zu reinigen und zu pflegen und gleichzeitig ein entspannendes und belebendes Erlebnis zu bieten. Diese Kosmetik besteht aus einer Mischung \u00e4therischer \u00d6le, die zusammen einen einzigartigen und anregenden Duft erzeugen<\/p>\n<p>Die Mandarine ist bekannt f\u00fcr ihre erfrischenden und belebenden Eigenschaften. Sie wird oft in der Aromatherapie eingesetzt, um Stress und Angst abzubauen und ein Gef\u00fchl der Entspannung zu vermitteln. Ylang-Ylang hingegen ist ein nat\u00fcrliches Aphrodisiakum, das f\u00fcr seine F\u00e4higkeit bekannt ist, Gl\u00fccksgef\u00fchle und Wohlbefinden zu f\u00f6rdern. Patchouli hat einen warmen und erdigen Duft, der beruhigend und erdend wirkt. Es wird oft in der Aromatherapie verwendet, um Stress und \u00c4ngste abzubauen sowie Entspannung und Ausgeglichenheit zu f\u00f6rdern.<\/p>\n<p>Dieses Hand- und K\u00f6rperwaschmittel sch\u00e4umt leicht auf und l\u00e4sst sich sauber absp\u00fclen, sodass sich die Haut weich, glatt und erfrischt anf\u00fchlt.<\/p>\n","protected":false},"excerpt":{"rendered":"<p>Tangerine, Ylang &amp; Patchouli Aromatherapy Hand &amp; Body Wash ist ein luxuri\u00f6ses und aromatisches Produkt, das entwickelt wurde, um die Haut zu reinigen und zu pflegen und gleichzeitig ein entspannendes und belebendes Erlebnis zu bieten. Diese Kosmetik besteht aus einer Mischung \u00e4therischer \u00d6le, die zusammen einen einzigartigen und anregenden Duft erzeugen Die Mandarine ist bekannt [&hellip;]<\/p>\n","protected":false},"featured_media":273302,"comment_status":"closed","ping_status":"open","template":"","meta":{"_angie_page":false},"product_brand":[],"product_cat":[19448,26833,25841,26826,20989,26331,26401,26444,26819],"product_tag":[],"class_list":{"0":"post-241321","1":"product","2":"type-product","3":"status-publish","4":"has-post-thumbnail","6":"product_cat-bad-und-korper","7":"product_cat-blumig","8":"product_cat-dufte-aromen","9":"product_cat-erdig-grun","10":"product_cat-korperpflege","11":"product_cat-patschuli","12":"product_cat-tangerine","13":"product_cat-ylang-ylang","14":"product_cat-zitrus","15":"pa_collection-aromatherapy-hand-body-wash-de","16":"pa_made-in-vereinigtes-koenigreich","17":"pa_size-250ml","19":"first","20":"instock","21":"purchasable","22":"product-type-simple"},"supplier_id":null,"supplier_sku":"AHBW-02","barcode":null,"atum_controlled":true,"out_stock_date":null,"out_stock_threshold":null,"inheritable":false,"inbound_stock":null,"stock_on_hold":0,"sold_today":0,"sales_last_days":0,"reserved_stock":null,"customer_returns":null,"warehouse_damage":null,"lost_in_post":null,"other_logs":null,"out_stock_days":0,"lost_sales":0,"has_location":null,"update_date":"2026-04-27T06:50:01","atum_locations":[],"atum_stock_status":"instock","restock_status":false,"low_stock_amount":"","sales_update_date":"2026-01-30T01:25:02","calc_backorders":null,"_links":{"self":[{"href":"https:\/\/aromasentia.com\/de\/wp-json\/wp\/v2\/product\/241321","targetHints":{"allow":["GET"]}}],"collection":[{"href":"https:\/\/aromasentia.com\/de\/wp-json\/wp\/v2\/product"}],"about":[{"href":"https:\/\/aromasentia.com\/de\/wp-json\/wp\/v2\/types\/product"}],"replies":[{"embeddable":true,"href":"https:\/\/aromasentia.com\/de\/wp-json\/wp\/v2\/comments?post=241321"}],"version-history":[{"count":0,"href":"https:\/\/aromasentia.com\/de\/wp-json\/wp\/v2\/product\/241321\/revisions"}],"wp:featuredmedia":[{"embeddable":true,"href":"https:\/\/aromasentia.com\/de\/wp-json\/wp\/v2\/media\/273302"}],"wp:attachment":[{"href":"https:\/\/aromasentia.com\/de\/wp-json\/wp\/v2\/media?parent=241321"}],"wp:term":[{"taxonomy":"product_brand","embeddable":true,"href":"https:\/\/aromasentia.com\/de\/wp-json\/wp\/v2\/product_brand?post=241321"},{"taxonomy":"product_cat","embeddable":true,"href":"https:\/\/aromasentia.com\/de\/wp-json\/wp\/v2\/product_cat?post=241321"},{"taxonomy":"product_tag","embeddable":true,"href":"https:\/\/aromasentia.com\/de\/wp-json\/wp\/v2\/product_tag?post=241321"}],"curies":[{"name":"wp","href":"https:\/\/api.w.org\/{rel}","templated":true}]}}