{"id":241313,"date":"2025-03-20T16:19:41","date_gmt":"2025-03-20T16:19:41","guid":{"rendered":"https:\/\/aromasentia.com\/product\/mandarin-ginger-hand-body-lotion-250ml-2\/"},"modified":"2025-06-28T21:35:49","modified_gmt":"2025-06-28T21:35:49","slug":"mandarine-ingwer-hand-und-koerperlotion-250ml","status":"publish","type":"product","link":"https:\/\/aromasentia.com\/de\/mandarine-ingwer-hand-und-koerperlotion-250ml\/","title":{"rendered":"Mandarine &#038; Ingwer Hand- und K\u00f6rperlotion 250ml"},"content":{"rendered":"<p>Mandarin &amp; Ginger Hand &amp; Body Wash ist ein luxuri\u00f6ses und pflegendes Produkt, das die Haut mit Feuchtigkeit versorgt und gleichzeitig ein erhebendes und belebendes Erlebnis bietet. Diese Kosmetik besteht aus einer Mischung \u00e4therischer \u00d6le, die zusammen einen einzigartigen und anregenden Duft erzeugen.<\/p>\n<p>Die Mandarine ist bekannt f\u00fcr ihren hellen und zitrusartigen Duft sowie ihre F\u00e4higkeit, gesunde Haut zu f\u00f6rdern. Sie ist reich an Antioxidantien und Vitamin C, die helfen k\u00f6nnen, die Haut vor Sch\u00e4den durch freie Radikale zu sch\u00fctzen. Ingwer verstr\u00f6mt einen warmen und w\u00fcrzigen Duft, der sowohl anregend als auch belebend wirkt. Er wird oft in der Aromatherapie verwendet, um Stress abzubauen und das Gef\u00fchl der Entspannung zu f\u00f6rdern.<\/p>\n<p>Dieses Hand- und K\u00f6rperwaschmittel sch\u00e4umt leicht auf und l\u00e4sst sich sauber absp\u00fclen, so dass sich die Haut weich, glatt und erfrischt anf\u00fchlt.<\/p>\n","protected":false},"excerpt":{"rendered":"<p>Mandarin &amp; Ginger Hand &amp; Body Wash ist ein luxuri\u00f6ses und pflegendes Produkt, das die Haut mit Feuchtigkeit versorgt und gleichzeitig ein erhebendes und belebendes Erlebnis bietet. Diese Kosmetik besteht aus einer Mischung \u00e4therischer \u00d6le, die zusammen einen einzigartigen und anregenden Duft erzeugen. Die Mandarine ist bekannt f\u00fcr ihren hellen und zitrusartigen Duft sowie ihre [&hellip;]<\/p>\n","protected":false},"featured_media":273284,"comment_status":"closed","ping_status":"open","template":"","meta":{"_angie_page":false},"product_brand":[],"product_cat":[19448,25841,26195,20989,26263,26889,26819],"product_tag":[],"class_list":{"0":"post-241313","1":"product","2":"type-product","3":"status-publish","4":"has-post-thumbnail","6":"product_cat-bad-und-korper","7":"product_cat-dufte-aromen","8":"product_cat-geranie","9":"product_cat-korperpflege","10":"product_cat-mandarine","11":"product_cat-wurzig","12":"product_cat-zitrus","13":"pa_collection-aromatherapy-hand-body-wash-de","14":"pa_made-in-vereinigtes-koenigreich","15":"pa_size-250ml","17":"first","18":"instock","19":"purchasable","20":"product-type-simple"},"supplier_id":null,"supplier_sku":"AHBW-04","barcode":null,"atum_controlled":true,"out_stock_date":null,"out_stock_threshold":null,"inheritable":false,"inbound_stock":null,"stock_on_hold":0,"sold_today":0,"sales_last_days":0,"reserved_stock":null,"customer_returns":null,"warehouse_damage":null,"lost_in_post":null,"other_logs":null,"out_stock_days":0,"lost_sales":0,"has_location":null,"update_date":"2026-04-27T06:50:01","atum_locations":[],"atum_stock_status":"instock","restock_status":false,"low_stock_amount":"","sales_update_date":"2025-10-09T03:22:59","calc_backorders":null,"_links":{"self":[{"href":"https:\/\/aromasentia.com\/de\/wp-json\/wp\/v2\/product\/241313","targetHints":{"allow":["GET"]}}],"collection":[{"href":"https:\/\/aromasentia.com\/de\/wp-json\/wp\/v2\/product"}],"about":[{"href":"https:\/\/aromasentia.com\/de\/wp-json\/wp\/v2\/types\/product"}],"replies":[{"embeddable":true,"href":"https:\/\/aromasentia.com\/de\/wp-json\/wp\/v2\/comments?post=241313"}],"version-history":[{"count":0,"href":"https:\/\/aromasentia.com\/de\/wp-json\/wp\/v2\/product\/241313\/revisions"}],"wp:featuredmedia":[{"embeddable":true,"href":"https:\/\/aromasentia.com\/de\/wp-json\/wp\/v2\/media\/273284"}],"wp:attachment":[{"href":"https:\/\/aromasentia.com\/de\/wp-json\/wp\/v2\/media?parent=241313"}],"wp:term":[{"taxonomy":"product_brand","embeddable":true,"href":"https:\/\/aromasentia.com\/de\/wp-json\/wp\/v2\/product_brand?post=241313"},{"taxonomy":"product_cat","embeddable":true,"href":"https:\/\/aromasentia.com\/de\/wp-json\/wp\/v2\/product_cat?post=241313"},{"taxonomy":"product_tag","embeddable":true,"href":"https:\/\/aromasentia.com\/de\/wp-json\/wp\/v2\/product_tag?post=241313"}],"curies":[{"name":"wp","href":"https:\/\/api.w.org\/{rel}","templated":true}]}}