{"id":241309,"date":"2025-03-20T16:19:41","date_gmt":"2025-03-20T16:19:41","guid":{"rendered":"https:\/\/aromasentia.com\/product\/clary-sage-lavender-hand-body-wash-250ml\/"},"modified":"2025-06-28T21:35:49","modified_gmt":"2025-06-28T21:35:49","slug":"muskatellersalbei-lavendel-hand-und-koerperwaschmittel-250ml","status":"publish","type":"product","link":"https:\/\/aromasentia.com\/de\/muskatellersalbei-lavendel-hand-und-koerperwaschmittel-250ml\/","title":{"rendered":"Muskatellersalbei &#038; Lavendel Hand- und K\u00f6rperwaschmittel 250ml"},"content":{"rendered":"<p>Clary Sage &amp; Lavender Aromatherapy Hand &amp; Body Wash ist ein luxuri\u00f6ses und beruhigendes Produkt, das entwickelt wurde, um die Haut zu reinigen und zu n\u00e4hren und gleichzeitig eine beruhigende und entspannende Erfahrung zu bieten. Diese Kosmetik besteht aus einer Mischung \u00e4therischer \u00d6le, die zusammen einen einzigartigen und anregenden Duft erzeugen.<\/p>\n<p>Der Muskatellersalbei ist f\u00fcr seine beruhigenden und lindernden Eigenschaften bekannt. Er wird oft in der Aromatherapie eingesetzt, um Stress abzubauen und das Gef\u00fchl der Entspannung zu f\u00f6rdern. Lavendel verstr\u00f6mt einen zarten und blumigen Duft, der sowohl beruhigend als auch erfrischend ist. Er wird h\u00e4ufig in Hautpflegeprodukten verwendet, da er die Haut beruhigt und entspannt.<\/p>\n<p>Dieses Hand- und K\u00f6rperwaschmittel sch\u00e4umt leicht auf und l\u00e4sst sich sauber absp\u00fclen, so dass sich die Haut weich, glatt und erfrischt anf\u00fchlt. Es ist eine gute Wahl f\u00fcr alle, die ihre Haut pflegen und gleichzeitig die therapeutische Wirkung \u00e4therischer \u00d6le genie\u00dfen wollen. Es ist perfekt f\u00fcr alle, die sich ruhig und entspannt f\u00fchlen und ein Spa-\u00e4hnliches Erlebnis zu Hause genie\u00dfen wollen.<\/p>\n","protected":false},"excerpt":{"rendered":"<p>Clary Sage &amp; Lavender Aromatherapy Hand &amp; Body Wash ist ein luxuri\u00f6ses und beruhigendes Produkt, das entwickelt wurde, um die Haut zu reinigen und zu n\u00e4hren und gleichzeitig eine beruhigende und entspannende Erfahrung zu bieten. Diese Kosmetik besteht aus einer Mischung \u00e4therischer \u00d6le, die zusammen einen einzigartigen und anregenden Duft erzeugen. Der Muskatellersalbei ist f\u00fcr [&hellip;]<\/p>\n","protected":false},"featured_media":273275,"comment_status":"closed","ping_status":"open","template":"","meta":{"_angie_page":false},"product_brand":[],"product_cat":[19448,26833,25841,20989,26861,26234,26145],"product_tag":[],"class_list":{"0":"post-241309","1":"product","2":"type-product","3":"status-publish","4":"has-post-thumbnail","6":"product_cat-bad-und-korper","7":"product_cat-blumig","8":"product_cat-dufte-aromen","9":"product_cat-korperpflege","10":"product_cat-krauter-aromatisch","11":"product_cat-lavendel","12":"product_cat-muskatellersalbei","13":"pa_collection-aromatherapy-hand-body-wash-de","14":"pa_made-in-vereinigtes-koenigreich","15":"pa_size-250ml","17":"first","18":"instock","19":"purchasable","20":"product-type-simple"},"supplier_id":null,"supplier_sku":"AHBW-06","barcode":null,"atum_controlled":true,"out_stock_date":null,"out_stock_threshold":null,"inheritable":false,"inbound_stock":0,"stock_on_hold":0,"sold_today":0,"sales_last_days":0,"reserved_stock":0,"customer_returns":0,"warehouse_damage":0,"lost_in_post":0,"other_logs":0,"out_stock_days":0,"lost_sales":0,"has_location":false,"update_date":"2026-05-08T05:02:36","atum_locations":[],"atum_stock_status":"instock","restock_status":false,"low_stock_amount":"","sales_update_date":"2026-02-06T00:01:24","calc_backorders":null,"_links":{"self":[{"href":"https:\/\/aromasentia.com\/de\/wp-json\/wp\/v2\/product\/241309","targetHints":{"allow":["GET"]}}],"collection":[{"href":"https:\/\/aromasentia.com\/de\/wp-json\/wp\/v2\/product"}],"about":[{"href":"https:\/\/aromasentia.com\/de\/wp-json\/wp\/v2\/types\/product"}],"replies":[{"embeddable":true,"href":"https:\/\/aromasentia.com\/de\/wp-json\/wp\/v2\/comments?post=241309"}],"version-history":[{"count":0,"href":"https:\/\/aromasentia.com\/de\/wp-json\/wp\/v2\/product\/241309\/revisions"}],"wp:featuredmedia":[{"embeddable":true,"href":"https:\/\/aromasentia.com\/de\/wp-json\/wp\/v2\/media\/273275"}],"wp:attachment":[{"href":"https:\/\/aromasentia.com\/de\/wp-json\/wp\/v2\/media?parent=241309"}],"wp:term":[{"taxonomy":"product_brand","embeddable":true,"href":"https:\/\/aromasentia.com\/de\/wp-json\/wp\/v2\/product_brand?post=241309"},{"taxonomy":"product_cat","embeddable":true,"href":"https:\/\/aromasentia.com\/de\/wp-json\/wp\/v2\/product_cat?post=241309"},{"taxonomy":"product_tag","embeddable":true,"href":"https:\/\/aromasentia.com\/de\/wp-json\/wp\/v2\/product_tag?post=241309"}],"curies":[{"name":"wp","href":"https:\/\/api.w.org\/{rel}","templated":true}]}}