{"id":241305,"date":"2025-03-20T16:19:41","date_gmt":"2025-03-20T16:19:41","guid":{"rendered":"https:\/\/aromasentia.com\/product\/clary-sage-lavender-hand-body-lotion-250ml\/"},"modified":"2025-06-28T21:35:48","modified_gmt":"2025-06-28T21:35:48","slug":"hand-und-koerperlotion-mit-muskatellersalbei-lavendel-250ml","status":"publish","type":"product","link":"https:\/\/aromasentia.com\/de\/hand-und-koerperlotion-mit-muskatellersalbei-lavendel-250ml\/","title":{"rendered":"Hand- und K\u00f6rperlotion mit Muskatellersalbei &#038; Lavendel 250ml"},"content":{"rendered":"<p><span style=\"color: rgb(75, 80, 88);\"><strong>Eine<\/strong><strong>Muskatellersalbei &#038; Lavendel Hand- &#038; K\u00f6rperlotion 250 ml<\/strong><strong>mit 100 %<\/strong> reiner &#038; nat\u00fcrlicher \u00d6lbasis ohne k\u00fcnstliche Duftstoffe.<strong>&nbsp;<\/strong><\/span><\/p>\n<p><span style=\"color: rgb(75, 80, 88);\">\u00c4therische \u00d6le werden seit der Antike in der Kosmetik verwendet. Nicht nur wegen ihres Duftes, sondern auch wegen ihrer hautpflegenden Eigenschaften.<\/span><\/p>\n<p><span style=\"color: rgb(75, 80, 88);\"><strong>Wie wird es angewendet? T\u00e4glich auf die gereinigte Haut auftragen f\u00fcr sofortige Feuchtigkeit.&nbsp;<\/strong><\/span><\/p>\n<p><strong><span style=\"color: rgb(75, 80, 88);\">* Hergestellt in England * Bernsteinfarbene Glasflasche * Keine k\u00fcnstlichen Duftstoffe<\/span><\/strong><\/p>\n","protected":false},"excerpt":{"rendered":"<p>EineMuskatellersalbei &#038; Lavendel Hand- &#038; K\u00f6rperlotion 250 mlmit 100 % reiner &#038; nat\u00fcrlicher \u00d6lbasis ohne k\u00fcnstliche Duftstoffe.&nbsp; \u00c4therische \u00d6le werden seit der Antike in der Kosmetik verwendet. Nicht nur wegen ihres Duftes, sondern auch wegen ihrer hautpflegenden Eigenschaften. Wie wird es angewendet? T\u00e4glich auf die gereinigte Haut auftragen f\u00fcr sofortige Feuchtigkeit.&nbsp; * Hergestellt in England [&hellip;]<\/p>\n","protected":false},"featured_media":273266,"comment_status":"closed","ping_status":"open","template":"","meta":{"_angie_page":false},"product_brand":[27070],"product_cat":[19448,26833,25841,20989,26861,26234,26145],"product_tag":[],"class_list":{"0":"post-241305","1":"product","2":"type-product","3":"status-publish","4":"has-post-thumbnail","6":"product_brand-aw-cosmetics","7":"product_cat-bad-und-korper","8":"product_cat-blumig","9":"product_cat-dufte-aromen","10":"product_cat-korperpflege","11":"product_cat-krauter-aromatisch","12":"product_cat-lavendel","13":"product_cat-muskatellersalbei","14":"pa_collection-aromatherapy-hand-body-lotion-de","15":"pa_made-in-vereinigtes-koenigreich","16":"pa_size-250ml","18":"first","19":"instock","20":"purchasable","21":"product-type-simple"},"supplier_id":null,"supplier_sku":"AHBL-06","barcode":null,"atum_controlled":true,"out_stock_date":null,"out_stock_threshold":null,"inheritable":false,"inbound_stock":null,"stock_on_hold":0,"sold_today":0,"sales_last_days":0,"reserved_stock":null,"customer_returns":null,"warehouse_damage":null,"lost_in_post":null,"other_logs":null,"out_stock_days":0,"lost_sales":0,"has_location":null,"update_date":"2026-04-28T01:01:01","atum_locations":[],"atum_stock_status":"instock","restock_status":false,"low_stock_amount":"","sales_update_date":"2026-01-30T01:25:00","calc_backorders":null,"_links":{"self":[{"href":"https:\/\/aromasentia.com\/de\/wp-json\/wp\/v2\/product\/241305","targetHints":{"allow":["GET"]}}],"collection":[{"href":"https:\/\/aromasentia.com\/de\/wp-json\/wp\/v2\/product"}],"about":[{"href":"https:\/\/aromasentia.com\/de\/wp-json\/wp\/v2\/types\/product"}],"replies":[{"embeddable":true,"href":"https:\/\/aromasentia.com\/de\/wp-json\/wp\/v2\/comments?post=241305"}],"version-history":[{"count":0,"href":"https:\/\/aromasentia.com\/de\/wp-json\/wp\/v2\/product\/241305\/revisions"}],"wp:featuredmedia":[{"embeddable":true,"href":"https:\/\/aromasentia.com\/de\/wp-json\/wp\/v2\/media\/273266"}],"wp:attachment":[{"href":"https:\/\/aromasentia.com\/de\/wp-json\/wp\/v2\/media?parent=241305"}],"wp:term":[{"taxonomy":"product_brand","embeddable":true,"href":"https:\/\/aromasentia.com\/de\/wp-json\/wp\/v2\/product_brand?post=241305"},{"taxonomy":"product_cat","embeddable":true,"href":"https:\/\/aromasentia.com\/de\/wp-json\/wp\/v2\/product_cat?post=241305"},{"taxonomy":"product_tag","embeddable":true,"href":"https:\/\/aromasentia.com\/de\/wp-json\/wp\/v2\/product_tag?post=241305"}],"curies":[{"name":"wp","href":"https:\/\/api.w.org\/{rel}","templated":true}]}}