{"id":241281,"date":"2025-03-20T16:20:34","date_gmt":"2025-03-20T16:20:34","guid":{"rendered":"https:\/\/aromasentia.com\/product\/cinnamon-olive-oil-soap\/"},"modified":"2025-12-30T20:37:36","modified_gmt":"2025-12-30T20:37:36","slug":"cinnamon-olive-oil-soap","status":"publish","type":"product","link":"https:\/\/aromasentia.com\/de\/cinnamon-olive-oil-soap\/","title":{"rendered":"Cinnamon &#8211; Olive Oil Soap"},"content":{"rendered":"<p>Zimt: Eine k\u00f6stlich duftende tropische Frucht, die die Haut weich macht, trockene Stellen entfernt und Unreinheiten bek\u00e4mpft. Sie ist perfekt, um Ihre Haut mit Feuchtigkeit zu versorgen, sie weich zu machen, zu pflegen und zu sch\u00fctzen und sie weich und straff zu machen. Handwerkliche Seifen werden im traditionellen Kaltverfahren von Hand hergestellt. Sie sind nicht nur h\u00fcbsch anzusehen, sondern auch in vielerlei Hinsicht \u00e4u\u00dferst n\u00fctzlich. Sie sind gut f\u00fcr Sie und die Umwelt. Jede Seife besitzt besondere Eigenschaften, die auf den \u00e4therischen \u00d6len und anderen nat\u00fcrlichen Inhaltsstoffen beruhen. Durch das Kaltverfahren bleiben die Vitamine, Mineralien und Enzyme der hochwertigen, nat\u00fcrlichen Inhaltsstoffe erhalten. Handgefertigte Seifen werden mit Pflanzen\u00f6len hergestellt und bieten eine ges\u00fcndere Alternative zum Baden und zur allgemeinen Hautpflege.<\/p>\n","protected":false},"excerpt":{"rendered":"<p>Zimt: Eine k\u00f6stlich duftende tropische Frucht, die die Haut weich macht, trockene Stellen entfernt und Unreinheiten bek\u00e4mpft. Sie ist perfekt, um Ihre Haut mit Feuchtigkeit zu versorgen, sie weich zu machen, zu pflegen und zu sch\u00fctzen und sie weich und straff zu machen. Handwerkliche Seifen werden im traditionellen Kaltverfahren von Hand hergestellt. Sie sind nicht [&hellip;]<\/p>\n","protected":false},"featured_media":273964,"comment_status":"closed","ping_status":"open","template":"","meta":{"_angie_page":false},"product_brand":[],"product_cat":[19448,25841,20589,26889,26131],"product_tag":[],"class_list":{"0":"post-241281","1":"product","2":"type-product","3":"status-publish","4":"has-post-thumbnail","6":"product_cat-bad-und-korper","7":"product_cat-dufte-aromen","8":"product_cat-okologische-seifen","9":"product_cat-wurzig","10":"product_cat-zimt","11":"pa_collection-artisan-olive-oil-soaps-1-25kg-and-slices-de","12":"pa_made-in-spanien","14":"first","15":"instock","16":"purchasable","17":"product-type-simple"},"supplier_id":null,"supplier_sku":"ArtS-23L","barcode":null,"atum_controlled":true,"out_stock_date":null,"out_stock_threshold":null,"inheritable":false,"inbound_stock":null,"stock_on_hold":0,"sold_today":0,"sales_last_days":0,"reserved_stock":null,"customer_returns":null,"warehouse_damage":null,"lost_in_post":null,"other_logs":null,"out_stock_days":0,"lost_sales":0,"has_location":null,"update_date":"2026-04-27T06:51:13","atum_locations":[],"atum_stock_status":"instock","restock_status":false,"low_stock_amount":"","sales_update_date":"2025-10-09T03:23:46","calc_backorders":null,"_links":{"self":[{"href":"https:\/\/aromasentia.com\/de\/wp-json\/wp\/v2\/product\/241281","targetHints":{"allow":["GET"]}}],"collection":[{"href":"https:\/\/aromasentia.com\/de\/wp-json\/wp\/v2\/product"}],"about":[{"href":"https:\/\/aromasentia.com\/de\/wp-json\/wp\/v2\/types\/product"}],"replies":[{"embeddable":true,"href":"https:\/\/aromasentia.com\/de\/wp-json\/wp\/v2\/comments?post=241281"}],"version-history":[{"count":0,"href":"https:\/\/aromasentia.com\/de\/wp-json\/wp\/v2\/product\/241281\/revisions"}],"wp:featuredmedia":[{"embeddable":true,"href":"https:\/\/aromasentia.com\/de\/wp-json\/wp\/v2\/media\/273964"}],"wp:attachment":[{"href":"https:\/\/aromasentia.com\/de\/wp-json\/wp\/v2\/media?parent=241281"}],"wp:term":[{"taxonomy":"product_brand","embeddable":true,"href":"https:\/\/aromasentia.com\/de\/wp-json\/wp\/v2\/product_brand?post=241281"},{"taxonomy":"product_cat","embeddable":true,"href":"https:\/\/aromasentia.com\/de\/wp-json\/wp\/v2\/product_cat?post=241281"},{"taxonomy":"product_tag","embeddable":true,"href":"https:\/\/aromasentia.com\/de\/wp-json\/wp\/v2\/product_tag?post=241281"}],"curies":[{"name":"wp","href":"https:\/\/api.w.org\/{rel}","templated":true}]}}