{"id":241277,"date":"2025-03-20T16:20:34","date_gmt":"2025-03-20T16:20:34","guid":{"rendered":"https:\/\/aromasentia.com\/product\/orange-olive-oil-soap\/"},"modified":"2025-12-30T20:37:36","modified_gmt":"2025-12-30T20:37:36","slug":"orange-olive-oil-soap","status":"publish","type":"product","link":"https:\/\/aromasentia.com\/de\/orange-olive-oil-soap\/","title":{"rendered":"Orange &#8211; Olive Oil Soap"},"content":{"rendered":"<p>Orange: wirkt antiseptisch und beruhigend und lindert Angst und Nervosit\u00e4t. Handwerkliche Seifen werden im traditionellen Kaltverfahren von Hand hergestellt. Sie sind nicht nur h\u00fcbsch anzusehen, sondern auch in vielerlei Hinsicht \u00e4u\u00dferst n\u00fctzlich. Sie sind gut f\u00fcr Sie und die Umwelt. Jede Seife hat besondere Eigenschaften, die auf \u00e4therische \u00d6le und andere nat\u00fcrliche Inhaltsstoffe zur\u00fcckzuf\u00fchren sind. Durch das Kaltverfahren bleiben die Vitamine, Mineralien und Enzyme der hochwertigen, nat\u00fcrlichen Inhaltsstoffe erhalten. Handwerkliche Seifen werden mit Pflanzen\u00f6len hergestellt und bieten eine ges\u00fcndere Alternative zum Baden und zur Hautpflege.<\/p>\n","protected":false},"excerpt":{"rendered":"<p>Orange: wirkt antiseptisch und beruhigend und lindert Angst und Nervosit\u00e4t. Handwerkliche Seifen werden im traditionellen Kaltverfahren von Hand hergestellt. Sie sind nicht nur h\u00fcbsch anzusehen, sondern auch in vielerlei Hinsicht \u00e4u\u00dferst n\u00fctzlich. Sie sind gut f\u00fcr Sie und die Umwelt. Jede Seife hat besondere Eigenschaften, die auf \u00e4therische \u00d6le und andere nat\u00fcrliche Inhaltsstoffe zur\u00fcckzuf\u00fchren sind. [&hellip;]<\/p>\n","protected":false},"featured_media":273939,"comment_status":"closed","ping_status":"open","template":"","meta":{"_angie_page":false},"product_brand":[],"product_cat":[19448,25841,20589,26308,26819],"product_tag":[],"class_list":{"0":"post-241277","1":"product","2":"type-product","3":"status-publish","4":"has-post-thumbnail","6":"product_cat-bad-und-korper","7":"product_cat-dufte-aromen","8":"product_cat-okologische-seifen","9":"product_cat-orange","10":"product_cat-zitrus","11":"pa_collection-artisan-olive-oil-soaps-1-25kg-and-slices-de","12":"pa_made-in-spanien","14":"first","15":"instock","16":"purchasable","17":"product-type-simple"},"supplier_id":null,"supplier_sku":"ArtS-22L","barcode":null,"atum_controlled":true,"out_stock_date":null,"out_stock_threshold":null,"inheritable":false,"inbound_stock":0,"stock_on_hold":0,"sold_today":0,"sales_last_days":0,"reserved_stock":0,"customer_returns":0,"warehouse_damage":0,"lost_in_post":0,"other_logs":0,"out_stock_days":0,"lost_sales":0,"has_location":false,"update_date":"2026-05-04T00:02:49","atum_locations":[],"atum_stock_status":"instock","restock_status":false,"low_stock_amount":"","sales_update_date":"2025-10-09T03:23:46","calc_backorders":null,"_links":{"self":[{"href":"https:\/\/aromasentia.com\/de\/wp-json\/wp\/v2\/product\/241277","targetHints":{"allow":["GET"]}}],"collection":[{"href":"https:\/\/aromasentia.com\/de\/wp-json\/wp\/v2\/product"}],"about":[{"href":"https:\/\/aromasentia.com\/de\/wp-json\/wp\/v2\/types\/product"}],"replies":[{"embeddable":true,"href":"https:\/\/aromasentia.com\/de\/wp-json\/wp\/v2\/comments?post=241277"}],"version-history":[{"count":0,"href":"https:\/\/aromasentia.com\/de\/wp-json\/wp\/v2\/product\/241277\/revisions"}],"wp:featuredmedia":[{"embeddable":true,"href":"https:\/\/aromasentia.com\/de\/wp-json\/wp\/v2\/media\/273939"}],"wp:attachment":[{"href":"https:\/\/aromasentia.com\/de\/wp-json\/wp\/v2\/media?parent=241277"}],"wp:term":[{"taxonomy":"product_brand","embeddable":true,"href":"https:\/\/aromasentia.com\/de\/wp-json\/wp\/v2\/product_brand?post=241277"},{"taxonomy":"product_cat","embeddable":true,"href":"https:\/\/aromasentia.com\/de\/wp-json\/wp\/v2\/product_cat?post=241277"},{"taxonomy":"product_tag","embeddable":true,"href":"https:\/\/aromasentia.com\/de\/wp-json\/wp\/v2\/product_tag?post=241277"}],"curies":[{"name":"wp","href":"https:\/\/api.w.org\/{rel}","templated":true}]}}