{"id":241249,"date":"2025-03-20T16:20:34","date_gmt":"2025-03-20T16:20:34","guid":{"rendered":"https:\/\/aromasentia.com\/product\/vanilla-olive-oil-soap\/"},"modified":"2025-12-30T20:37:29","modified_gmt":"2025-12-30T20:37:29","slug":"vanilla-olive-oil-soap","status":"publish","type":"product","link":"https:\/\/aromasentia.com\/de\/vanilla-olive-oil-soap\/","title":{"rendered":"Vanilla &#8211; Olive Oil Soap"},"content":{"rendered":"<p>Diese Seife enth\u00e4lt Vanille und Kokos\u00f6l. Kokos\u00f6l enth\u00e4lt Laurins\u00e4ure, eine Fetts\u00e4ure mit restrukturierenden Eigenschaften, die der Haut Feuchtigkeit, Schutz und Geschmeidigkeit verleiht.<\/p>\n<p>Handgefertigte Seifen werden im traditionellen Kaltverfahren von Hand hergestellt. Sie sind nicht nur sch\u00f6n, sondern auch in vielerlei Hinsicht \u00e4u\u00dferst n\u00fctzlich. Sie sind gut f\u00fcr Sie und die Umwelt. Jede Seife hat besondere Eigenschaften, die auf \u00e4therischen \u00d6len und anderen nat\u00fcrlichen Inhaltsstoffen beruhen. Durch das Kaltverfahren bleiben die Vitamine, Mineralien und Enzyme der hochwertigen, nat\u00fcrlichen Inhaltsstoffe erhalten.<\/p>\n<p>Handgefertigte Seifen werden sorgf\u00e4ltig mit Pflanzen\u00f6len hergestellt und bieten eine ges\u00fcndere Alternative zum Baden und zur allgemeinen Hautpflege.<\/p>\n","protected":false},"excerpt":{"rendered":"<p>Diese Seife enth\u00e4lt Vanille und Kokos\u00f6l. Kokos\u00f6l enth\u00e4lt Laurins\u00e4ure, eine Fetts\u00e4ure mit restrukturierenden Eigenschaften, die der Haut Feuchtigkeit, Schutz und Geschmeidigkeit verleiht. Handgefertigte Seifen werden im traditionellen Kaltverfahren von Hand hergestellt. Sie sind nicht nur sch\u00f6n, sondern auch in vielerlei Hinsicht \u00e4u\u00dferst n\u00fctzlich. Sie sind gut f\u00fcr Sie und die Umwelt. Jede Seife hat besondere [&hellip;]<\/p>\n","protected":false},"featured_media":273764,"comment_status":"closed","ping_status":"open","template":"","meta":{"_angie_page":false},"product_brand":[],"product_cat":[19448,20589],"product_tag":[],"class_list":{"0":"post-241249","1":"product","2":"type-product","3":"status-publish","4":"has-post-thumbnail","6":"product_cat-bad-und-korper","7":"product_cat-okologische-seifen","8":"pa_collection-artisan-olive-oil-soaps-1-25kg-and-slices-de","9":"pa_made-in-spanien","11":"first","12":"instock","13":"purchasable","14":"product-type-simple"},"supplier_id":null,"supplier_sku":"ArtS-14L","barcode":null,"atum_controlled":true,"out_stock_date":null,"out_stock_threshold":null,"inheritable":false,"inbound_stock":null,"stock_on_hold":0,"sold_today":0,"sales_last_days":0,"reserved_stock":null,"customer_returns":null,"warehouse_damage":null,"lost_in_post":null,"other_logs":null,"out_stock_days":0,"lost_sales":0,"has_location":null,"update_date":"2026-05-08T05:03:47","atum_locations":[],"atum_stock_status":"instock","restock_status":false,"low_stock_amount":"","sales_update_date":"2026-01-30T01:24:43","calc_backorders":null,"_links":{"self":[{"href":"https:\/\/aromasentia.com\/de\/wp-json\/wp\/v2\/product\/241249","targetHints":{"allow":["GET"]}}],"collection":[{"href":"https:\/\/aromasentia.com\/de\/wp-json\/wp\/v2\/product"}],"about":[{"href":"https:\/\/aromasentia.com\/de\/wp-json\/wp\/v2\/types\/product"}],"replies":[{"embeddable":true,"href":"https:\/\/aromasentia.com\/de\/wp-json\/wp\/v2\/comments?post=241249"}],"version-history":[{"count":0,"href":"https:\/\/aromasentia.com\/de\/wp-json\/wp\/v2\/product\/241249\/revisions"}],"wp:featuredmedia":[{"embeddable":true,"href":"https:\/\/aromasentia.com\/de\/wp-json\/wp\/v2\/media\/273764"}],"wp:attachment":[{"href":"https:\/\/aromasentia.com\/de\/wp-json\/wp\/v2\/media?parent=241249"}],"wp:term":[{"taxonomy":"product_brand","embeddable":true,"href":"https:\/\/aromasentia.com\/de\/wp-json\/wp\/v2\/product_brand?post=241249"},{"taxonomy":"product_cat","embeddable":true,"href":"https:\/\/aromasentia.com\/de\/wp-json\/wp\/v2\/product_cat?post=241249"},{"taxonomy":"product_tag","embeddable":true,"href":"https:\/\/aromasentia.com\/de\/wp-json\/wp\/v2\/product_tag?post=241249"}],"curies":[{"name":"wp","href":"https:\/\/api.w.org\/{rel}","templated":true}]}}