{"id":241237,"date":"2025-03-20T16:20:34","date_gmt":"2025-03-20T16:20:34","guid":{"rendered":"https:\/\/aromasentia.com\/product\/aloe-vera-olive-oil-soap\/"},"modified":"2025-12-30T20:37:29","modified_gmt":"2025-12-30T20:37:29","slug":"aloe-vera-olive-oil-soap","status":"publish","type":"product","link":"https:\/\/aromasentia.com\/de\/aloe-vera-olive-oil-soap\/","title":{"rendered":"Aloe Vera &#8211; Olive Oil Soap"},"content":{"rendered":"<p>Aloe Vera f\u00f6rdert die Regeneration der Haut und lindert Wunden, Verbrennungen, Ekzeme, Schuppenflechte, Akne und H\u00e4matome. Auch nach dem Sonnenbaden, Rasieren oder Wachsen empfohlen. Aloe Vera wirkt antiviral, antibakteriell und antimykotisch. Handgefertigte Seifen werden im traditionellen Kaltverfahren von Hand hergestellt. Sie sind nicht nur sch\u00f6n, sondern auch in vielerlei Hinsicht \u00e4u\u00dferst n\u00fctzlich. Sie sind gut f\u00fcr Sie und die Umwelt. Jede Seife hat besondere Eigenschaften, die auf \u00e4therische \u00d6le und andere nat\u00fcrliche Inhaltsstoffe zur\u00fcckzuf\u00fchren sind. Durch das Kaltverfahren bleiben die Vitamine, Mineralien und Enzyme der hochwertigen, nat\u00fcrlichen Inhaltsstoffe erhalten. Handgefertigte Seifen werden mit Pflanzen\u00f6len hergestellt und bieten eine ges\u00fcndere Alternative zum Baden und zur allgemeinen Hautpflege.<\/p>\n","protected":false},"excerpt":{"rendered":"<p>Aloe Vera f\u00f6rdert die Regeneration der Haut und lindert Wunden, Verbrennungen, Ekzeme, Schuppenflechte, Akne und H\u00e4matome. Auch nach dem Sonnenbaden, Rasieren oder Wachsen empfohlen. Aloe Vera wirkt antiviral, antibakteriell und antimykotisch. Handgefertigte Seifen werden im traditionellen Kaltverfahren von Hand hergestellt. Sie sind nicht nur sch\u00f6n, sondern auch in vielerlei Hinsicht \u00e4u\u00dferst n\u00fctzlich. Sie sind gut [&hellip;]<\/p>\n","protected":false},"featured_media":273681,"comment_status":"closed","ping_status":"open","template":"","meta":{"_angie_page":false},"product_brand":[],"product_cat":[26579,19448,25841,26840,20589],"product_tag":[],"class_list":{"0":"post-241237","1":"product","2":"type-product","3":"status-publish","4":"has-post-thumbnail","6":"product_cat-aloe-vera","7":"product_cat-bad-und-korper","8":"product_cat-dufte-aromen","9":"product_cat-frisch-sauber","10":"product_cat-okologische-seifen","11":"pa_collection-artisan-olive-oil-soaps-1-25kg-and-slices-de","12":"pa_made-in-spanien","14":"first","15":"instock","16":"purchasable","17":"product-type-simple"},"supplier_id":null,"supplier_sku":"ArtS-09L","barcode":null,"atum_controlled":true,"out_stock_date":null,"out_stock_threshold":null,"inheritable":false,"inbound_stock":null,"stock_on_hold":0,"sold_today":0,"sales_last_days":0,"reserved_stock":null,"customer_returns":null,"warehouse_damage":null,"lost_in_post":null,"other_logs":null,"out_stock_days":0,"lost_sales":0,"has_location":null,"update_date":"2026-05-01T01:01:55","atum_locations":[],"atum_stock_status":"instock","restock_status":false,"low_stock_amount":"","sales_update_date":"2025-10-09T03:23:42","calc_backorders":null,"_links":{"self":[{"href":"https:\/\/aromasentia.com\/de\/wp-json\/wp\/v2\/product\/241237","targetHints":{"allow":["GET"]}}],"collection":[{"href":"https:\/\/aromasentia.com\/de\/wp-json\/wp\/v2\/product"}],"about":[{"href":"https:\/\/aromasentia.com\/de\/wp-json\/wp\/v2\/types\/product"}],"replies":[{"embeddable":true,"href":"https:\/\/aromasentia.com\/de\/wp-json\/wp\/v2\/comments?post=241237"}],"version-history":[{"count":0,"href":"https:\/\/aromasentia.com\/de\/wp-json\/wp\/v2\/product\/241237\/revisions"}],"wp:featuredmedia":[{"embeddable":true,"href":"https:\/\/aromasentia.com\/de\/wp-json\/wp\/v2\/media\/273681"}],"wp:attachment":[{"href":"https:\/\/aromasentia.com\/de\/wp-json\/wp\/v2\/media?parent=241237"}],"wp:term":[{"taxonomy":"product_brand","embeddable":true,"href":"https:\/\/aromasentia.com\/de\/wp-json\/wp\/v2\/product_brand?post=241237"},{"taxonomy":"product_cat","embeddable":true,"href":"https:\/\/aromasentia.com\/de\/wp-json\/wp\/v2\/product_cat?post=241237"},{"taxonomy":"product_tag","embeddable":true,"href":"https:\/\/aromasentia.com\/de\/wp-json\/wp\/v2\/product_tag?post=241237"}],"curies":[{"name":"wp","href":"https:\/\/api.w.org\/{rel}","templated":true}]}}