{"id":241233,"date":"2025-03-20T16:20:34","date_gmt":"2025-03-20T16:20:34","guid":{"rendered":"https:\/\/aromasentia.com\/product\/chocolate-olive-oil-soap\/"},"modified":"2025-12-30T20:37:21","modified_gmt":"2025-12-30T20:37:21","slug":"chocolate-olive-oil-soap","status":"publish","type":"product","link":"https:\/\/aromasentia.com\/de\/chocolate-olive-oil-soap\/","title":{"rendered":"Chocolate &#8211; Olive Oil Soap"},"content":{"rendered":"<p>Kakaoextrakte werden seit Jahrhunderten sowohl f\u00fcr zeremonielle als auch f\u00fcr medizinische Zwecke verwendet. Dank dieser k\u00f6stlichen (bitte nicht essen) Seife kann sich jetzt jeder ein himmlisches Bad g\u00f6nnen. Die Kakao\u00f6le sollen entspannend wirken, und die Oliven\u00f6lbasis spendet Feuchtigkeit und pflegt die Haut.<\/p>\n<p>Handgemachte Seifen werden im traditionellen Kaltverfahren von Hand hergestellt. Sie sind nicht nur h\u00fcbsch anzusehen, sondern auch in vielerlei Hinsicht \u00e4u\u00dferst n\u00fctzlich. Sie sind gut f\u00fcr Sie und die Umwelt. Jede Seife besitzt besondere Eigenschaften in Bezug auf die darin enthaltenen \u00e4therischen \u00d6le und anderen nat\u00fcrlichen Inhaltsstoffe. Durch das Kaltverfahren bleiben die Vitamine, Mineralien und Enzyme der hochwertigen, nat\u00fcrlichen Inhaltsstoffe erhalten.<\/p>\n<p>Handgemachte Seifen werden fachgerecht mit Pflanzen\u00f6len hergestellt und bieten eine ges\u00fcndere Alternative zum Baden und zur allgemeinen Hautpflege.<\/p>\n","protected":false},"excerpt":{"rendered":"<p>Kakaoextrakte werden seit Jahrhunderten sowohl f\u00fcr zeremonielle als auch f\u00fcr medizinische Zwecke verwendet. Dank dieser k\u00f6stlichen (bitte nicht essen) Seife kann sich jetzt jeder ein himmlisches Bad g\u00f6nnen. Die Kakao\u00f6le sollen entspannend wirken, und die Oliven\u00f6lbasis spendet Feuchtigkeit und pflegt die Haut. Handgemachte Seifen werden im traditionellen Kaltverfahren von Hand hergestellt. Sie sind nicht nur [&hellip;]<\/p>\n","protected":false},"featured_media":273656,"comment_status":"closed","ping_status":"open","template":"","meta":{"_angie_page":false},"product_brand":[],"product_cat":[19448,20589],"product_tag":[],"class_list":{"0":"post-241233","1":"product","2":"type-product","3":"status-publish","4":"has-post-thumbnail","6":"product_cat-bad-und-korper","7":"product_cat-okologische-seifen","8":"pa_collection-artisan-olive-oil-soaps-1-25kg-and-slices-de","9":"pa_made-in-spanien","11":"first","12":"instock","13":"purchasable","14":"product-type-simple"},"supplier_id":null,"supplier_sku":"ArtS-07L","barcode":null,"atum_controlled":true,"out_stock_date":null,"out_stock_threshold":null,"inheritable":false,"inbound_stock":null,"stock_on_hold":0,"sold_today":0,"sales_last_days":0,"reserved_stock":null,"customer_returns":null,"warehouse_damage":null,"lost_in_post":null,"other_logs":null,"out_stock_days":0,"lost_sales":0,"has_location":null,"update_date":"2026-04-27T06:51:07","atum_locations":[],"atum_stock_status":"instock","restock_status":false,"low_stock_amount":"","sales_update_date":"2025-10-09T03:23:42","calc_backorders":null,"_links":{"self":[{"href":"https:\/\/aromasentia.com\/de\/wp-json\/wp\/v2\/product\/241233","targetHints":{"allow":["GET"]}}],"collection":[{"href":"https:\/\/aromasentia.com\/de\/wp-json\/wp\/v2\/product"}],"about":[{"href":"https:\/\/aromasentia.com\/de\/wp-json\/wp\/v2\/types\/product"}],"replies":[{"embeddable":true,"href":"https:\/\/aromasentia.com\/de\/wp-json\/wp\/v2\/comments?post=241233"}],"version-history":[{"count":0,"href":"https:\/\/aromasentia.com\/de\/wp-json\/wp\/v2\/product\/241233\/revisions"}],"wp:featuredmedia":[{"embeddable":true,"href":"https:\/\/aromasentia.com\/de\/wp-json\/wp\/v2\/media\/273656"}],"wp:attachment":[{"href":"https:\/\/aromasentia.com\/de\/wp-json\/wp\/v2\/media?parent=241233"}],"wp:term":[{"taxonomy":"product_brand","embeddable":true,"href":"https:\/\/aromasentia.com\/de\/wp-json\/wp\/v2\/product_brand?post=241233"},{"taxonomy":"product_cat","embeddable":true,"href":"https:\/\/aromasentia.com\/de\/wp-json\/wp\/v2\/product_cat?post=241233"},{"taxonomy":"product_tag","embeddable":true,"href":"https:\/\/aromasentia.com\/de\/wp-json\/wp\/v2\/product_tag?post=241233"}],"curies":[{"name":"wp","href":"https:\/\/api.w.org\/{rel}","templated":true}]}}