{"id":241225,"date":"2025-03-20T16:20:34","date_gmt":"2025-03-20T16:20:34","guid":{"rendered":"https:\/\/aromasentia.com\/product\/rosehip-olive-oil-soap\/"},"modified":"2025-12-30T20:37:21","modified_gmt":"2025-12-30T20:37:21","slug":"rosehip-olive-oil-soap","status":"publish","type":"product","link":"https:\/\/aromasentia.com\/de\/rosehip-olive-oil-soap\/","title":{"rendered":"Rosehip &#8211; Olive Oil Soap"},"content":{"rendered":"<p>Die Frucht der Rosa Canina ist eine reichhaltige Quelle an Vitaminen und Mineralstoffen, insbesondere an Vitamin A, C und E, Flavonoiden und anderen bioaktiven Verbindungen. Sie ist au\u00dferdem eine recht gute Quelle f\u00fcr essentielle Fetts\u00e4uren, was f\u00fcr eine Frucht eher ungew\u00f6hnlich ist. Hagebutten\u00f6l strafft und festigt die Haut, gleicht den Hautton aus, und der angenehme Hagebuttenduft tr\u00e4gt zur Entspannung bei.<\/p>\n<p>Handgefertigte Seifen werden im traditionellen Kaltverfahren von Hand hergestellt. Sie sind nicht nur h\u00fcbsch anzusehen, sondern auch in vielerlei Hinsicht \u00e4u\u00dferst n\u00fctzlich. Sie sind gut f\u00fcr Sie und die Umwelt. Jede Seife besitzt besondere Eigenschaften, die auf den enthaltenen \u00e4therischen \u00d6len und anderen nat\u00fcrlichen Inhaltsstoffen beruhen. Durch das Kaltverfahren bleiben die Vitamine, Mineralstoffe und Enzyme der hochwertigen, nat\u00fcrlichen Inhaltsstoffe erhalten.<\/p>\n<p>Handgefertigte Seifen werden mit Pflanzen\u00f6len hergestellt und bieten eine ges\u00fcndere Alternative zum Baden und zur Hautpflege.<\/p>\n","protected":false},"excerpt":{"rendered":"<p>Die Frucht der Rosa Canina ist eine reichhaltige Quelle an Vitaminen und Mineralstoffen, insbesondere an Vitamin A, C und E, Flavonoiden und anderen bioaktiven Verbindungen. Sie ist au\u00dferdem eine recht gute Quelle f\u00fcr essentielle Fetts\u00e4uren, was f\u00fcr eine Frucht eher ungew\u00f6hnlich ist. Hagebutten\u00f6l strafft und festigt die Haut, gleicht den Hautton aus, und der angenehme [&hellip;]<\/p>\n","protected":false},"featured_media":273606,"comment_status":"closed","ping_status":"open","template":"","meta":{"_angie_page":false},"product_brand":[],"product_cat":[19448,25841,26826,26475,20589],"product_tag":[],"class_list":{"0":"post-241225","1":"product","2":"type-product","3":"status-publish","4":"has-post-thumbnail","6":"product_cat-bad-und-korper","7":"product_cat-dufte-aromen","8":"product_cat-erdig-grun","9":"product_cat-hagebutte","10":"product_cat-okologische-seifen","11":"pa_collection-artisan-olive-oil-soaps-1-25kg-and-slices-de","12":"pa_made-in-spanien","14":"first","15":"instock","16":"purchasable","17":"product-type-simple"},"supplier_id":null,"supplier_sku":"ArtS-05L","barcode":null,"atum_controlled":true,"out_stock_date":null,"out_stock_threshold":null,"inheritable":false,"inbound_stock":null,"stock_on_hold":0,"sold_today":0,"sales_last_days":0,"reserved_stock":null,"customer_returns":null,"warehouse_damage":null,"lost_in_post":null,"other_logs":null,"out_stock_days":0,"lost_sales":0,"has_location":null,"update_date":"2026-04-27T06:51:07","atum_locations":[],"atum_stock_status":"instock","restock_status":false,"low_stock_amount":"","sales_update_date":"2025-10-09T03:23:42","calc_backorders":null,"_links":{"self":[{"href":"https:\/\/aromasentia.com\/de\/wp-json\/wp\/v2\/product\/241225","targetHints":{"allow":["GET"]}}],"collection":[{"href":"https:\/\/aromasentia.com\/de\/wp-json\/wp\/v2\/product"}],"about":[{"href":"https:\/\/aromasentia.com\/de\/wp-json\/wp\/v2\/types\/product"}],"replies":[{"embeddable":true,"href":"https:\/\/aromasentia.com\/de\/wp-json\/wp\/v2\/comments?post=241225"}],"version-history":[{"count":0,"href":"https:\/\/aromasentia.com\/de\/wp-json\/wp\/v2\/product\/241225\/revisions"}],"wp:featuredmedia":[{"embeddable":true,"href":"https:\/\/aromasentia.com\/de\/wp-json\/wp\/v2\/media\/273606"}],"wp:attachment":[{"href":"https:\/\/aromasentia.com\/de\/wp-json\/wp\/v2\/media?parent=241225"}],"wp:term":[{"taxonomy":"product_brand","embeddable":true,"href":"https:\/\/aromasentia.com\/de\/wp-json\/wp\/v2\/product_brand?post=241225"},{"taxonomy":"product_cat","embeddable":true,"href":"https:\/\/aromasentia.com\/de\/wp-json\/wp\/v2\/product_cat?post=241225"},{"taxonomy":"product_tag","embeddable":true,"href":"https:\/\/aromasentia.com\/de\/wp-json\/wp\/v2\/product_tag?post=241225"}],"curies":[{"name":"wp","href":"https:\/\/api.w.org\/{rel}","templated":true}]}}