{"id":241213,"date":"2025-03-20T16:20:34","date_gmt":"2025-03-20T16:20:34","guid":{"rendered":"https:\/\/aromasentia.com\/product\/aromatherapy-shower-steamer-80g-kick-start\/"},"modified":"2025-12-30T20:37:21","modified_gmt":"2025-12-30T20:37:21","slug":"aromatherapy-shower-steamer-80g-kick-start","status":"publish","type":"product","link":"https:\/\/aromasentia.com\/de\/aromatherapy-shower-steamer-80g-kick-start\/","title":{"rendered":"Aromatherapy Shower Steamer 80g &#8211; Kick Start"},"content":{"rendered":"<h2 style=\"text-align: justify;\"><span style=\"color: rgb(40, 50, 78);\">Gro\u00dfhandel Aromatherapie Dusche Dampfer Kick Start<\/span><\/h2>\n<p style=\"text-align: justify;\"><span style=\"color: rgb(40, 50, 78);\">Setzen Sie den Dampfer einfach auf den Boden Ihrer Dusche und lassen Sie den Dampf die <strong>\u00e4therischen \u00d6le<\/strong> aktivieren, die den Raum mit einem belebenden und erfrischenden Duft f\u00fcllen. Die Kick Start Duschdampfer sind perfekt f\u00fcr alle, die ihre <strong>Produktivit\u00e4t<\/strong> steigern und sich den ganzen Tag \u00fcber <strong>konzentrieren<\/strong> wollen.<\/span><\/p>\n<p style=\"text-align: justify;\"><span style=\"color: rgb(40, 50, 78);\">Diese Duschdampfer sind eine <strong>gute Erg\u00e4nzung f\u00fcr jedes Spa<\/strong> oder <strong>Sch\u00f6nheitsgesch\u00e4ft<\/strong>, da sie den Kunden ein einzigartiges und luxuri\u00f6ses Duscherlebnis bieten. Sie eignen sich auch hervorragend als Geschenk, entweder als Teil eines <strong>Geschenkkorbs<\/strong> oder als Einzelst\u00fcck f\u00fcr jeden, der ein wenig zus\u00e4tzliche Energie und Konzentration in seinem Tag gebrauchen kann.<\/span><\/p>\n<p style=\"text-align: justify;\"><span style=\"color: rgb(40, 50, 78);\">Wir von <strong>Ancient Wisdom<\/strong> haben es uns zur Aufgabe gemacht, qualitativ hochwertige und erschwingliche Aromatherapieprodukte f\u00fcr Unternehmen aller Gr\u00f6\u00dfenordnungen anzubieten.<\/span><\/p>\n<p style=\"text-align: justify;\"><span style=\"color: rgb(40, 50, 78);\"><strong>Bestellen Sie Ihre Bestellung<\/strong> f\u00fcr unseren Kick Start <a href=\"https:\/\/aromasentia.com\/aross\" rel=\"noopener noreferrer\" target=\"_blank\">Aromatherapie-Dampfduschen<\/a> und bringen Sie Ihr Gesch\u00e4ft mit diesem aufregenden neuen Produkt auf die n\u00e4chste Stufe. Verpassen Sie nicht die Gelegenheit, Ihren Kunden ein erfrischendes und belebendes Duscherlebnis zu bieten. <a href=\"https:\/\/aromasentia.com\/wholesale-bath-bombs-uk\" rel=\"noopener noreferrer\" target=\"_blank\">Gro\u00dfhandel mit Badebomben ohne Mindestbestellwert<\/a><\/span><\/p>\n","protected":false},"excerpt":{"rendered":"<p>Gro\u00dfhandel Aromatherapie Dusche Dampfer Kick Start Setzen Sie den Dampfer einfach auf den Boden Ihrer Dusche und lassen Sie den Dampf die \u00e4therischen \u00d6le aktivieren, die den Raum mit einem belebenden und erfrischenden Duft f\u00fcllen. Die Kick Start Duschdampfer sind perfekt f\u00fcr alle, die ihre Produktivit\u00e4t steigern und sich den ganzen Tag \u00fcber konzentrieren wollen. [&hellip;]<\/p>\n","protected":false},"featured_media":273531,"comment_status":"closed","ping_status":"open","template":"","meta":{"_angie_page":false},"product_brand":[],"product_cat":[19448,20511],"product_tag":[],"class_list":{"0":"post-241213","1":"product","2":"type-product","3":"status-publish","4":"has-post-thumbnail","6":"product_cat-bad-und-korper","7":"product_cat-badebomben-badekugeln","8":"pa_collection-aromatherapy-shower-steamers-de","9":"pa_made-in-vereinigtes-koenigreich","10":"pa_size-80g","12":"first","13":"instock","14":"purchasable","15":"product-type-simple"},"supplier_id":null,"supplier_sku":"AROSS-01a","barcode":null,"atum_controlled":true,"out_stock_date":null,"out_stock_threshold":null,"inheritable":false,"inbound_stock":null,"stock_on_hold":0,"sold_today":0,"sales_last_days":0,"reserved_stock":null,"customer_returns":null,"warehouse_damage":null,"lost_in_post":null,"other_logs":null,"out_stock_days":0,"lost_sales":0,"has_location":null,"update_date":"2026-05-08T05:02:38","atum_locations":[],"atum_stock_status":"instock","restock_status":false,"low_stock_amount":"","sales_update_date":"2025-10-09T03:23:28","calc_backorders":null,"_links":{"self":[{"href":"https:\/\/aromasentia.com\/de\/wp-json\/wp\/v2\/product\/241213","targetHints":{"allow":["GET"]}}],"collection":[{"href":"https:\/\/aromasentia.com\/de\/wp-json\/wp\/v2\/product"}],"about":[{"href":"https:\/\/aromasentia.com\/de\/wp-json\/wp\/v2\/types\/product"}],"replies":[{"embeddable":true,"href":"https:\/\/aromasentia.com\/de\/wp-json\/wp\/v2\/comments?post=241213"}],"version-history":[{"count":0,"href":"https:\/\/aromasentia.com\/de\/wp-json\/wp\/v2\/product\/241213\/revisions"}],"wp:featuredmedia":[{"embeddable":true,"href":"https:\/\/aromasentia.com\/de\/wp-json\/wp\/v2\/media\/273531"}],"wp:attachment":[{"href":"https:\/\/aromasentia.com\/de\/wp-json\/wp\/v2\/media?parent=241213"}],"wp:term":[{"taxonomy":"product_brand","embeddable":true,"href":"https:\/\/aromasentia.com\/de\/wp-json\/wp\/v2\/product_brand?post=241213"},{"taxonomy":"product_cat","embeddable":true,"href":"https:\/\/aromasentia.com\/de\/wp-json\/wp\/v2\/product_cat?post=241213"},{"taxonomy":"product_tag","embeddable":true,"href":"https:\/\/aromasentia.com\/de\/wp-json\/wp\/v2\/product_tag?post=241213"}],"curies":[{"name":"wp","href":"https:\/\/api.w.org\/{rel}","templated":true}]}}