{"id":241209,"date":"2025-03-20T16:20:34","date_gmt":"2025-03-20T16:20:34","guid":{"rendered":"https:\/\/aromasentia.com\/product\/aromatherapy-shower-steamer-80g-post-workout\/"},"modified":"2025-12-30T20:37:21","modified_gmt":"2025-12-30T20:37:21","slug":"aromatherapy-shower-steamer-80g-post-workout","status":"publish","type":"product","link":"https:\/\/aromasentia.com\/de\/aromatherapy-shower-steamer-80g-post-workout\/","title":{"rendered":"Aromatherapy Shower Steamer 80g &#8211; Post-Workout"},"content":{"rendered":"<h2 style=\"text-align: justify;\"><span style=\"color: rgb(40, 50, 78);\">Gro\u00dfhandel Aromatherapie Dusche Streamer Post Workout<\/span><\/h2>\n<p style=\"text-align: justify;\"><span style=\"color: rgb(40, 50, 78);\">Wie eine Badebombe f\u00fcr die Dusche sorgen unsere Duschdampfer <strong>f\u00fcr eine Spa-\u00e4hnliche aromatische Umgebung f\u00fcr Ihre Kunden<\/strong>. Stellen Sie einfach einen Dampfer in den Boden der Dusche und genie\u00dfen Sie den Luxus der Aromatherapie ganz bequem bei sich zu Hause. Mit unserem <a href=\"https:\/\/aromasentia.com\/aross\" rel=\"noopener noreferrer\" target=\"_blank\">Gro\u00dfhandel-Duschdampfer<\/a> k\u00f6nnen Sie <strong>Ihr Angebot auf Menschen ohne Bad erweitern und ihnen das gleiche verw\u00f6hnende und belebende Erlebnis bieten<\/strong><\/span><\/p>\n<p style=\"text-align: justify;\"><span style=\"color: rgb(40, 50, 78);\">Unsere Duschd\u00e4mpfer sind speziell <strong>mit einer Mischung aus \u00e4therischen \u00d6len<\/strong>, einschlie\u00dflich Pfefferminze und Eukalyptus, formuliert, um ein erfrischendes und belebendes Duscherlebnis zu bieten. Stellen Sie einfach einen Dampfer in die Ecke der Dusche und lassen Sie den Dampf die \u00e4therischen \u00d6le aktivieren, um die Dusche mit einem anregenden Aroma zu erf\u00fcllen.<\/span><\/p>\n<p style=\"text-align: justify;\"><span style=\"color: rgb(40, 50, 78);\">Unser 16-facher Aromatherapie-Duschdampfer 70g &#8211; Post-Workout ist perfekt f\u00fcr jedes Spa- oder Sch\u00f6nheitsunternehmen, das <strong>eine nat\u00fcrliche<\/strong> und <strong>effektive Methode f\u00fcr Ihre Kunden<\/strong> anbieten m\u00f6chte, um sich von ihrer M\u00fcdigkeit nach dem Training zu erholen. Die Dampfer sind auch eine <strong>gute Erg\u00e4nzung zu jeder Wellness-Routine<\/strong> und bieten einen Moment der <strong>Entspannung<\/strong> und <strong>Verj\u00fcngung<\/strong>.<\/span><\/p>\n<p style=\"text-align: justify;\"><span style=\"color: rgb(40, 50, 78);\">Sind Sie bereit, das Duscherlebnis Ihrer Kunden zu verbessern und Ihr Produktangebot zu erweitern?<\/span><\/p>\n<p style=\"text-align: justify;\"><span style=\"color: rgb(40, 50, 78);\"><strong>Bestellen Sie unsere Aromatherapie-Duschdampfer<\/strong> und bringen Sie die Vorteile der Aromatherapie in den Komfort Ihrer Kunden nach Hause. Mit unserem <a href=\"https:\/\/aromasentia.com\/wholesale-bath-bombs-uk\" rel=\"noopener noreferrer\" target=\"_blank\">Gro\u00dfhandel f\u00fcr Badebomben ohne Mindestbestellwert<\/a> k\u00f6nnen Sie diese Duschdampfer ganz einfach in Ihren Bestand aufnehmen<\/span><\/p>\n","protected":false},"excerpt":{"rendered":"<p>Gro\u00dfhandel Aromatherapie Dusche Streamer Post Workout Wie eine Badebombe f\u00fcr die Dusche sorgen unsere Duschdampfer f\u00fcr eine Spa-\u00e4hnliche aromatische Umgebung f\u00fcr Ihre Kunden. Stellen Sie einfach einen Dampfer in den Boden der Dusche und genie\u00dfen Sie den Luxus der Aromatherapie ganz bequem bei sich zu Hause. Mit unserem Gro\u00dfhandel-Duschdampfer k\u00f6nnen Sie Ihr Angebot auf Menschen [&hellip;]<\/p>\n","protected":false},"featured_media":273506,"comment_status":"closed","ping_status":"open","template":"","meta":{"_angie_page":false},"product_brand":[],"product_cat":[19448,20511],"product_tag":[],"class_list":{"0":"post-241209","1":"product","2":"type-product","3":"status-publish","4":"has-post-thumbnail","6":"product_cat-bad-und-korper","7":"product_cat-badebomben-badekugeln","8":"pa_collection-aromatherapy-shower-steamers-de","9":"pa_made-in-vereinigtes-koenigreich","10":"pa_size-80g","12":"first","13":"instock","14":"purchasable","15":"product-type-simple"},"supplier_id":null,"supplier_sku":"AROSS-02a","barcode":null,"atum_controlled":true,"out_stock_date":null,"out_stock_threshold":null,"inheritable":false,"inbound_stock":null,"stock_on_hold":0,"sold_today":0,"sales_last_days":0,"reserved_stock":null,"customer_returns":null,"warehouse_damage":null,"lost_in_post":null,"other_logs":null,"out_stock_days":0,"lost_sales":0,"has_location":null,"update_date":"2026-05-11T01:55:49","atum_locations":[],"atum_stock_status":"instock","restock_status":false,"low_stock_amount":"","sales_update_date":"2025-10-09T03:23:29","calc_backorders":null,"_links":{"self":[{"href":"https:\/\/aromasentia.com\/de\/wp-json\/wp\/v2\/product\/241209","targetHints":{"allow":["GET"]}}],"collection":[{"href":"https:\/\/aromasentia.com\/de\/wp-json\/wp\/v2\/product"}],"about":[{"href":"https:\/\/aromasentia.com\/de\/wp-json\/wp\/v2\/types\/product"}],"replies":[{"embeddable":true,"href":"https:\/\/aromasentia.com\/de\/wp-json\/wp\/v2\/comments?post=241209"}],"version-history":[{"count":0,"href":"https:\/\/aromasentia.com\/de\/wp-json\/wp\/v2\/product\/241209\/revisions"}],"wp:featuredmedia":[{"embeddable":true,"href":"https:\/\/aromasentia.com\/de\/wp-json\/wp\/v2\/media\/273506"}],"wp:attachment":[{"href":"https:\/\/aromasentia.com\/de\/wp-json\/wp\/v2\/media?parent=241209"}],"wp:term":[{"taxonomy":"product_brand","embeddable":true,"href":"https:\/\/aromasentia.com\/de\/wp-json\/wp\/v2\/product_brand?post=241209"},{"taxonomy":"product_cat","embeddable":true,"href":"https:\/\/aromasentia.com\/de\/wp-json\/wp\/v2\/product_cat?post=241209"},{"taxonomy":"product_tag","embeddable":true,"href":"https:\/\/aromasentia.com\/de\/wp-json\/wp\/v2\/product_tag?post=241209"}],"curies":[{"name":"wp","href":"https:\/\/api.w.org\/{rel}","templated":true}]}}