{"id":241201,"date":"2025-03-20T16:21:52","date_gmt":"2025-03-20T16:21:52","guid":{"rendered":"https:\/\/aromasentia.com\/product\/argan-olive-oil-soap-slice\/"},"modified":"2025-12-30T20:37:21","modified_gmt":"2025-12-30T20:37:21","slug":"argan-olive-oil-soap","status":"publish","type":"product","link":"https:\/\/aromasentia.com\/de\/argan-olive-oil-soap\/","title":{"rendered":"Argan &#8211; Olive Oil Soap"},"content":{"rendered":"<p>Argan\u00f6l in <strong>Aroma Sentia-ping Argan<\/strong><strong>&#8211; Oliven\u00f6lseifenst\u00fcck<\/strong> ist eines der seltensten \u00d6le der Welt und ein kr\u00e4ftiges, nussiges \u00d6l, das gr\u00f6\u00dftenteils in Marokko aus den N\u00fcssen des Arganbaums gewonnen wird. Es ist reich an essentiellen Fetts\u00e4uren, Antioxidantien, Vitaminen und Mineralstoffen, die die allgemeine Gesundheit f\u00f6rdern, indem sie Ihre Haut mit Feuchtigkeit versorgen und geschmeidig machen.<\/p>\n<p>Oliven\u00f6lseifen geh\u00f6rten zu den ersten pflanzlichen Seifen. Sie werden im traditionellen Kaltverfahren von Hand hergestellt und sind <strong>SLS- und parabenfrei<\/strong>. Das nat\u00fcrliche Fett kann durch die restrukturierende Wirkung des \u00d6ls zum Schutz beitragen und den Hautton, die Weichheit und Jugendlichkeit der Haut verbessern.&nbsp;<\/p>\n<p><\/p>\n<p>Seifenst\u00fccke werden in Wachspapier eingewickelt mit einem Zutatenetikett verkauft und wiegen ungef\u00e4hr 110\u00a0g.<\/p>\n<p><strong>BITTE BEACHTEN:<\/strong> Unsere Seifen werden von Hand hergestellt und die Farbe oder das Design k\u00f6nnen leicht von den gezeigten Abbildungen abweichen.<\/p>\n","protected":false},"excerpt":{"rendered":"<p>Argan\u00f6l in Aroma Sentia-ping Argan&#8211; Oliven\u00f6lseifenst\u00fcck ist eines der seltensten \u00d6le der Welt und ein kr\u00e4ftiges, nussiges \u00d6l, das gr\u00f6\u00dftenteils in Marokko aus den N\u00fcssen des Arganbaums gewonnen wird. Es ist reich an essentiellen Fetts\u00e4uren, Antioxidantien, Vitaminen und Mineralstoffen, die die allgemeine Gesundheit f\u00f6rdern, indem sie Ihre Haut mit Feuchtigkeit versorgen und geschmeidig machen. Oliven\u00f6lseifen [&hellip;]<\/p>\n","protected":false},"featured_media":274632,"comment_status":"closed","ping_status":"open","template":"","meta":{"_angie_page":false},"product_brand":[],"product_cat":[19448,20589],"product_tag":[],"class_list":{"0":"post-241201","1":"product","2":"type-product","3":"status-publish","4":"has-post-thumbnail","6":"product_cat-bad-und-korper","7":"product_cat-okologische-seifen","8":"pa_collection-artisan-olive-oil-soaps-1-25kg-and-slices-de","9":"pa_made-in-spanien","11":"first","12":"instock","13":"purchasable","14":"product-type-simple"},"supplier_id":null,"supplier_sku":"ArtS-24S","barcode":null,"atum_controlled":true,"out_stock_date":null,"out_stock_threshold":null,"inheritable":false,"inbound_stock":null,"stock_on_hold":0,"sold_today":0,"sales_last_days":0,"reserved_stock":null,"customer_returns":null,"warehouse_damage":null,"lost_in_post":null,"other_logs":null,"out_stock_days":0,"lost_sales":0,"has_location":null,"update_date":"2026-04-27T06:51:13","atum_locations":[],"atum_stock_status":"instock","restock_status":false,"low_stock_amount":"","sales_update_date":"2025-10-09T03:23:45","calc_backorders":null,"_links":{"self":[{"href":"https:\/\/aromasentia.com\/de\/wp-json\/wp\/v2\/product\/241201","targetHints":{"allow":["GET"]}}],"collection":[{"href":"https:\/\/aromasentia.com\/de\/wp-json\/wp\/v2\/product"}],"about":[{"href":"https:\/\/aromasentia.com\/de\/wp-json\/wp\/v2\/types\/product"}],"replies":[{"embeddable":true,"href":"https:\/\/aromasentia.com\/de\/wp-json\/wp\/v2\/comments?post=241201"}],"version-history":[{"count":0,"href":"https:\/\/aromasentia.com\/de\/wp-json\/wp\/v2\/product\/241201\/revisions"}],"wp:featuredmedia":[{"embeddable":true,"href":"https:\/\/aromasentia.com\/de\/wp-json\/wp\/v2\/media\/274632"}],"wp:attachment":[{"href":"https:\/\/aromasentia.com\/de\/wp-json\/wp\/v2\/media?parent=241201"}],"wp:term":[{"taxonomy":"product_brand","embeddable":true,"href":"https:\/\/aromasentia.com\/de\/wp-json\/wp\/v2\/product_brand?post=241201"},{"taxonomy":"product_cat","embeddable":true,"href":"https:\/\/aromasentia.com\/de\/wp-json\/wp\/v2\/product_cat?post=241201"},{"taxonomy":"product_tag","embeddable":true,"href":"https:\/\/aromasentia.com\/de\/wp-json\/wp\/v2\/product_tag?post=241201"}],"curies":[{"name":"wp","href":"https:\/\/api.w.org\/{rel}","templated":true}]}}