{"id":241197,"date":"2025-03-20T16:21:52","date_gmt":"2025-03-20T16:21:52","guid":{"rendered":"https:\/\/aromasentia.com\/product\/cinnamon-olive-oil-soap-slice\/"},"modified":"2025-12-30T20:37:21","modified_gmt":"2025-12-30T20:37:21","slug":"cinnamon-olive-oil-soap-2","status":"publish","type":"product","link":"https:\/\/aromasentia.com\/de\/cinnamon-olive-oil-soap-2\/","title":{"rendered":"Cinnamon &#8211; Olive Oil Soap"},"content":{"rendered":"<p><strong>Aroma Sentia-ping Cinnamon<\/strong><strong>&#8211; Oliven\u00f6lseifenst\u00fcck<\/strong> ist eine k\u00f6stlich duftende Seife, die die Haut weich macht und trockene Stellen entfernt, Unreinheiten bek\u00e4mpft und Ihre Haut mit Feuchtigkeit versorgt, geschmeidig macht und sch\u00fctzt. Sie bleibt weich und straff.<\/p>\n<p>Oliven\u00f6lseifen geh\u00f6rten zu den ersten pflanzlichen Seifen. Sie werden im traditionellen Kaltverfahren handgefertigt und sind <strong>frei von SLS und Parabenen<\/strong>. Das nat\u00fcrliche Fett kann durch die restrukturierende Wirkung des \u00d6ls sch\u00fctzen und den Hautton, die Weichheit und Jugendlichkeit der Haut verbessern.<\/p>\n<p><\/p>\n<p>Seifenst\u00fccke werden in Wachspapier eingewickelt mit einem Zutatenetikett verkauft und wiegen ungef\u00e4hr 100 g.<\/p>\n<p><strong>BITTE BEACHTEN:<\/strong> Unsere Seifen sind handgefertigt und Farbe oder Design k\u00f6nnen leicht von den gezeigten Abbildungen abweichen.<\/p>\n","protected":false},"excerpt":{"rendered":"<p>Aroma Sentia-ping Cinnamon&#8211; Oliven\u00f6lseifenst\u00fcck ist eine k\u00f6stlich duftende Seife, die die Haut weich macht und trockene Stellen entfernt, Unreinheiten bek\u00e4mpft und Ihre Haut mit Feuchtigkeit versorgt, geschmeidig macht und sch\u00fctzt. Sie bleibt weich und straff. Oliven\u00f6lseifen geh\u00f6rten zu den ersten pflanzlichen Seifen. Sie werden im traditionellen Kaltverfahren handgefertigt und sind frei von SLS und Parabenen. [&hellip;]<\/p>\n","protected":false},"featured_media":274599,"comment_status":"closed","ping_status":"open","template":"","meta":{"_angie_page":false},"product_brand":[],"product_cat":[19448,25841,20589,26889,26131],"product_tag":[],"class_list":{"0":"post-241197","1":"product","2":"type-product","3":"status-publish","4":"has-post-thumbnail","6":"product_cat-bad-und-korper","7":"product_cat-dufte-aromen","8":"product_cat-okologische-seifen","9":"product_cat-wurzig","10":"product_cat-zimt","11":"pa_collection-artisan-olive-oil-soaps-1-25kg-and-slices-de","12":"pa_made-in-spanien","14":"first","15":"instock","16":"purchasable","17":"product-type-simple"},"supplier_id":null,"supplier_sku":"ArtS-23S","barcode":null,"atum_controlled":true,"out_stock_date":null,"out_stock_threshold":null,"inheritable":false,"inbound_stock":null,"stock_on_hold":0,"sold_today":0,"sales_last_days":0,"reserved_stock":null,"customer_returns":null,"warehouse_damage":null,"lost_in_post":null,"other_logs":null,"out_stock_days":0,"lost_sales":0,"has_location":null,"update_date":"2026-04-29T06:54:08","atum_locations":[],"atum_stock_status":"instock","restock_status":false,"low_stock_amount":"","sales_update_date":"2025-10-09T03:23:45","calc_backorders":null,"_links":{"self":[{"href":"https:\/\/aromasentia.com\/de\/wp-json\/wp\/v2\/product\/241197","targetHints":{"allow":["GET"]}}],"collection":[{"href":"https:\/\/aromasentia.com\/de\/wp-json\/wp\/v2\/product"}],"about":[{"href":"https:\/\/aromasentia.com\/de\/wp-json\/wp\/v2\/types\/product"}],"replies":[{"embeddable":true,"href":"https:\/\/aromasentia.com\/de\/wp-json\/wp\/v2\/comments?post=241197"}],"version-history":[{"count":0,"href":"https:\/\/aromasentia.com\/de\/wp-json\/wp\/v2\/product\/241197\/revisions"}],"wp:featuredmedia":[{"embeddable":true,"href":"https:\/\/aromasentia.com\/de\/wp-json\/wp\/v2\/media\/274599"}],"wp:attachment":[{"href":"https:\/\/aromasentia.com\/de\/wp-json\/wp\/v2\/media?parent=241197"}],"wp:term":[{"taxonomy":"product_brand","embeddable":true,"href":"https:\/\/aromasentia.com\/de\/wp-json\/wp\/v2\/product_brand?post=241197"},{"taxonomy":"product_cat","embeddable":true,"href":"https:\/\/aromasentia.com\/de\/wp-json\/wp\/v2\/product_cat?post=241197"},{"taxonomy":"product_tag","embeddable":true,"href":"https:\/\/aromasentia.com\/de\/wp-json\/wp\/v2\/product_tag?post=241197"}],"curies":[{"name":"wp","href":"https:\/\/api.w.org\/{rel}","templated":true}]}}