{"id":241193,"date":"2025-03-20T16:21:52","date_gmt":"2025-03-20T16:21:52","guid":{"rendered":"https:\/\/aromasentia.com\/product\/orange-olive-oil-soap-slice\/"},"modified":"2025-12-30T20:37:14","modified_gmt":"2025-12-30T20:37:14","slug":"orange-olive-oil-soap-2","status":"publish","type":"product","link":"https:\/\/aromasentia.com\/de\/orange-olive-oil-soap-2\/","title":{"rendered":"Orange &#8211; Olive Oil Soap"},"content":{"rendered":"<p>Orange in <strong>Aroma Sentia-ping<\/strong><strong>Orange<\/strong><strong>&nbsp;<\/strong><strong>&#8211; Oliven\u00f6lseifenst\u00fcck<\/strong> soll antiseptische und beruhigende Eigenschaften haben und kann Angst und Nervosit\u00e4t lindern.<\/p>\n<p>Oliven\u00f6lseifen geh\u00f6rten zu den ersten pflanzlichen Seifen. Sie werden im traditionellen Kaltverfahren handgefertigt und sind <strong>SLS- und parabenfrei<\/strong>. Das nat\u00fcrliche Fett kann durch die restrukturierende Wirkung des \u00d6ls sch\u00fctzen und den Hautton, die Weichheit und Jugendlichkeit der Haut verbessern.<\/p>\n<p><\/p>\n<p>Seifenst\u00fccke werden in Wachspapier eingewickelt mit einem Zutatenetikett verkauft und wiegen ungef\u00e4hr 110 g.<\/p>\n<p><strong>BITTE BEACHTEN:<\/strong> Unsere Seifen sind handgefertigt und Farbe oder Design k\u00f6nnen leicht von den gezeigten Abbildungen abweichen.<\/p>\n","protected":false},"excerpt":{"rendered":"<p>Orange in Aroma Sentia-pingOrange&nbsp;&#8211; Oliven\u00f6lseifenst\u00fcck soll antiseptische und beruhigende Eigenschaften haben und kann Angst und Nervosit\u00e4t lindern. Oliven\u00f6lseifen geh\u00f6rten zu den ersten pflanzlichen Seifen. Sie werden im traditionellen Kaltverfahren handgefertigt und sind SLS- und parabenfrei. Das nat\u00fcrliche Fett kann durch die restrukturierende Wirkung des \u00d6ls sch\u00fctzen und den Hautton, die Weichheit und Jugendlichkeit der Haut [&hellip;]<\/p>\n","protected":false},"featured_media":274566,"comment_status":"closed","ping_status":"open","template":"","meta":{"_angie_page":false},"product_brand":[],"product_cat":[19448,25841,20589,26308,26819],"product_tag":[],"class_list":{"0":"post-241193","1":"product","2":"type-product","3":"status-publish","4":"has-post-thumbnail","6":"product_cat-bad-und-korper","7":"product_cat-dufte-aromen","8":"product_cat-okologische-seifen","9":"product_cat-orange","10":"product_cat-zitrus","11":"pa_collection-artisan-olive-oil-soaps-1-25kg-and-slices-de","12":"pa_made-in-spanien","14":"first","15":"instock","16":"purchasable","17":"product-type-simple"},"supplier_id":null,"supplier_sku":"ArtS-22S","barcode":null,"atum_controlled":true,"out_stock_date":null,"out_stock_threshold":null,"inheritable":false,"inbound_stock":null,"stock_on_hold":0,"sold_today":0,"sales_last_days":0,"reserved_stock":null,"customer_returns":null,"warehouse_damage":null,"lost_in_post":null,"other_logs":null,"out_stock_days":0,"lost_sales":0,"has_location":null,"update_date":"2026-04-27T06:51:13","atum_locations":[],"atum_stock_status":"instock","restock_status":false,"low_stock_amount":"","sales_update_date":"2025-10-09T03:23:45","calc_backorders":null,"_links":{"self":[{"href":"https:\/\/aromasentia.com\/de\/wp-json\/wp\/v2\/product\/241193","targetHints":{"allow":["GET"]}}],"collection":[{"href":"https:\/\/aromasentia.com\/de\/wp-json\/wp\/v2\/product"}],"about":[{"href":"https:\/\/aromasentia.com\/de\/wp-json\/wp\/v2\/types\/product"}],"replies":[{"embeddable":true,"href":"https:\/\/aromasentia.com\/de\/wp-json\/wp\/v2\/comments?post=241193"}],"version-history":[{"count":0,"href":"https:\/\/aromasentia.com\/de\/wp-json\/wp\/v2\/product\/241193\/revisions"}],"wp:featuredmedia":[{"embeddable":true,"href":"https:\/\/aromasentia.com\/de\/wp-json\/wp\/v2\/media\/274566"}],"wp:attachment":[{"href":"https:\/\/aromasentia.com\/de\/wp-json\/wp\/v2\/media?parent=241193"}],"wp:term":[{"taxonomy":"product_brand","embeddable":true,"href":"https:\/\/aromasentia.com\/de\/wp-json\/wp\/v2\/product_brand?post=241193"},{"taxonomy":"product_cat","embeddable":true,"href":"https:\/\/aromasentia.com\/de\/wp-json\/wp\/v2\/product_cat?post=241193"},{"taxonomy":"product_tag","embeddable":true,"href":"https:\/\/aromasentia.com\/de\/wp-json\/wp\/v2\/product_tag?post=241193"}],"curies":[{"name":"wp","href":"https:\/\/api.w.org\/{rel}","templated":true}]}}