{"id":241149,"date":"2025-03-20T16:21:52","date_gmt":"2025-03-20T16:21:52","guid":{"rendered":"https:\/\/aromasentia.com\/product\/green-tea-olive-oil-soap-slice\/"},"modified":"2025-12-30T20:37:07","modified_gmt":"2025-12-30T20:37:07","slug":"green-tea-olive-oil-soap-2","status":"publish","type":"product","link":"https:\/\/aromasentia.com\/de\/green-tea-olive-oil-soap-2\/","title":{"rendered":"Green Tea &#8211; Olive Oil Soap"},"content":{"rendered":"<p>Gr\u00fcntee-Extrakte in der <strong>Aroma Sentia-ping Gr\u00fcntee &#8211; Oliven\u00f6lseife<\/strong> sind reich an Antioxidantien und k\u00f6nnen daher die Hautalterung verz\u00f6gern und Falten vorbeugen. Die Seife wirkt zudem antibakteriell und soll Hautirritationen lindern und Akne vorbeugen. Die Teebl\u00e4tter in der Seife peelen und reinigen die Haut, w\u00e4hrend die Oliven\u00f6lextrakte f\u00fcr ein frisches und mit Feuchtigkeit versorgtes Gef\u00fchl sorgen.<\/p>\n<p>Oliven\u00f6lseifen geh\u00f6rten zu den ersten pflanzlichen Seifen. Sie werden im traditionellen Kaltverfahren handgefertigt und sind <strong>SLS- und parabenfrei<\/strong>. Das nat\u00fcrliche Fett kann durch die restrukturierende Wirkung des \u00d6ls zum Schutz beitragen und den Hautton, die Weichheit und Jugendlichkeit der Haut verbessern.&nbsp;<\/p>\n<p><\/p>\n<p>Seifenst\u00fccke werden in Wachspapier eingewickelt mit einem Zutatenetikett verkauft und wiegen ungef\u00e4hr 110\u00a0g.<\/p>\n<p><strong>BITTE BEACHTEN:<\/strong> Unsere Seifen werden von Hand hergestellt und die Farbe oder das Design k\u00f6nnen leicht von den gezeigten Abbildungen abweichen.<\/p>\n","protected":false},"excerpt":{"rendered":"<p>Gr\u00fcntee-Extrakte in der Aroma Sentia-ping Gr\u00fcntee &#8211; Oliven\u00f6lseife sind reich an Antioxidantien und k\u00f6nnen daher die Hautalterung verz\u00f6gern und Falten vorbeugen. Die Seife wirkt zudem antibakteriell und soll Hautirritationen lindern und Akne vorbeugen. Die Teebl\u00e4tter in der Seife peelen und reinigen die Haut, w\u00e4hrend die Oliven\u00f6lextrakte f\u00fcr ein frisches und mit Feuchtigkeit versorgtes Gef\u00fchl sorgen. [&hellip;]<\/p>\n","protected":false},"featured_media":274195,"comment_status":"closed","ping_status":"open","template":"","meta":{"_angie_page":false},"product_brand":[],"product_cat":[19448,20589],"product_tag":[],"class_list":{"0":"post-241149","1":"product","2":"type-product","3":"status-publish","4":"has-post-thumbnail","6":"product_cat-bad-und-korper","7":"product_cat-okologische-seifen","8":"pa_collection-artisan-olive-oil-soaps-1-25kg-and-slices-de","9":"pa_made-in-spanien","11":"first","12":"instock","13":"purchasable","14":"product-type-simple"},"supplier_id":null,"supplier_sku":"ArtS-10S","barcode":null,"atum_controlled":true,"out_stock_date":null,"out_stock_threshold":null,"inheritable":false,"inbound_stock":0,"stock_on_hold":0,"sold_today":0,"sales_last_days":0,"reserved_stock":0,"customer_returns":0,"warehouse_damage":0,"lost_in_post":0,"other_logs":0,"out_stock_days":0,"lost_sales":0,"has_location":false,"update_date":"2026-05-04T00:02:49","atum_locations":[],"atum_stock_status":"instock","restock_status":false,"low_stock_amount":"","sales_update_date":"2025-10-09T03:23:41","calc_backorders":null,"_links":{"self":[{"href":"https:\/\/aromasentia.com\/de\/wp-json\/wp\/v2\/product\/241149","targetHints":{"allow":["GET"]}}],"collection":[{"href":"https:\/\/aromasentia.com\/de\/wp-json\/wp\/v2\/product"}],"about":[{"href":"https:\/\/aromasentia.com\/de\/wp-json\/wp\/v2\/types\/product"}],"replies":[{"embeddable":true,"href":"https:\/\/aromasentia.com\/de\/wp-json\/wp\/v2\/comments?post=241149"}],"version-history":[{"count":0,"href":"https:\/\/aromasentia.com\/de\/wp-json\/wp\/v2\/product\/241149\/revisions"}],"wp:featuredmedia":[{"embeddable":true,"href":"https:\/\/aromasentia.com\/de\/wp-json\/wp\/v2\/media\/274195"}],"wp:attachment":[{"href":"https:\/\/aromasentia.com\/de\/wp-json\/wp\/v2\/media?parent=241149"}],"wp:term":[{"taxonomy":"product_brand","embeddable":true,"href":"https:\/\/aromasentia.com\/de\/wp-json\/wp\/v2\/product_brand?post=241149"},{"taxonomy":"product_cat","embeddable":true,"href":"https:\/\/aromasentia.com\/de\/wp-json\/wp\/v2\/product_cat?post=241149"},{"taxonomy":"product_tag","embeddable":true,"href":"https:\/\/aromasentia.com\/de\/wp-json\/wp\/v2\/product_tag?post=241149"}],"curies":[{"name":"wp","href":"https:\/\/api.w.org\/{rel}","templated":true}]}}