{"id":241145,"date":"2025-03-20T16:21:52","date_gmt":"2025-03-20T16:21:52","guid":{"rendered":"https:\/\/aromasentia.com\/product\/aloe-vera-olive-oil-soap-slice\/"},"modified":"2025-12-30T20:37:07","modified_gmt":"2025-12-30T20:37:07","slug":"aloe-vera-olive-oil-soap-2","status":"publish","type":"product","link":"https:\/\/aromasentia.com\/de\/aloe-vera-olive-oil-soap-2\/","title":{"rendered":"Aloe Vera &#8211; Olive Oil Soap"},"content":{"rendered":"<p>Aloe Vera in der <strong>Aroma Sentia-ping Aloe Vera &#8211; Oliven\u00f6lseife<\/strong> soll die Regeneration der Haut f\u00f6rdern und wird h\u00e4ufig zur Linderung von Wunden, Verbrennungen, Ekzemen, Schuppenflechte und Akne verwendet. Ihr werden au\u00dferdem antivirale, antibakterielle und antimykotische Eigenschaften zugeschrieben. Oliven\u00f6lseifen geh\u00f6rten zu den ersten pflanzlichen Seifen. Sie werden im traditionellen Kaltverfahren handgefertigt und sind <strong>frei von SLS und Parabenen<\/strong>. Das nat\u00fcrliche Fett kann durch die restrukturierende Wirkung des \u00d6ls sch\u00fctzen und den Hautton, die Weichheit und Jugendlichkeit der Haut verbessern. Seifenst\u00fccke werden in Wachspapier eingewickelt mit einer Zutatenliste verkauft und wiegen ca. 110 g. BITTE BEACHTEN: Unsere Seifen sind handgefertigt, daher k\u00f6nnen Farbe und Design leicht von den Abbildungen abweichen.<\/p>\n","protected":false},"excerpt":{"rendered":"<p>Aloe Vera in der Aroma Sentia-ping Aloe Vera &#8211; Oliven\u00f6lseife soll die Regeneration der Haut f\u00f6rdern und wird h\u00e4ufig zur Linderung von Wunden, Verbrennungen, Ekzemen, Schuppenflechte und Akne verwendet. Ihr werden au\u00dferdem antivirale, antibakterielle und antimykotische Eigenschaften zugeschrieben. Oliven\u00f6lseifen geh\u00f6rten zu den ersten pflanzlichen Seifen. Sie werden im traditionellen Kaltverfahren handgefertigt und sind frei von [&hellip;]<\/p>\n","protected":false},"featured_media":274162,"comment_status":"closed","ping_status":"open","template":"","meta":{"_angie_page":false},"product_brand":[],"product_cat":[26579,19448,25841,26840,20589],"product_tag":[],"class_list":{"0":"post-241145","1":"product","2":"type-product","3":"status-publish","4":"has-post-thumbnail","6":"product_cat-aloe-vera","7":"product_cat-bad-und-korper","8":"product_cat-dufte-aromen","9":"product_cat-frisch-sauber","10":"product_cat-okologische-seifen","11":"pa_collection-artisan-olive-oil-soaps-1-25kg-and-slices-de","12":"pa_made-in-spanien","14":"first","15":"instock","16":"purchasable","17":"product-type-simple"},"supplier_id":null,"supplier_sku":"ArtS-09S","barcode":null,"atum_controlled":true,"out_stock_date":null,"out_stock_threshold":null,"inheritable":false,"inbound_stock":null,"stock_on_hold":0,"sold_today":0,"sales_last_days":0,"reserved_stock":null,"customer_returns":null,"warehouse_damage":null,"lost_in_post":null,"other_logs":null,"out_stock_days":0,"lost_sales":0,"has_location":null,"update_date":"2026-05-11T01:55:49","atum_locations":[],"atum_stock_status":"instock","restock_status":false,"low_stock_amount":"","sales_update_date":"2025-10-09T03:23:41","calc_backorders":null,"_links":{"self":[{"href":"https:\/\/aromasentia.com\/de\/wp-json\/wp\/v2\/product\/241145","targetHints":{"allow":["GET"]}}],"collection":[{"href":"https:\/\/aromasentia.com\/de\/wp-json\/wp\/v2\/product"}],"about":[{"href":"https:\/\/aromasentia.com\/de\/wp-json\/wp\/v2\/types\/product"}],"replies":[{"embeddable":true,"href":"https:\/\/aromasentia.com\/de\/wp-json\/wp\/v2\/comments?post=241145"}],"version-history":[{"count":0,"href":"https:\/\/aromasentia.com\/de\/wp-json\/wp\/v2\/product\/241145\/revisions"}],"wp:featuredmedia":[{"embeddable":true,"href":"https:\/\/aromasentia.com\/de\/wp-json\/wp\/v2\/media\/274162"}],"wp:attachment":[{"href":"https:\/\/aromasentia.com\/de\/wp-json\/wp\/v2\/media?parent=241145"}],"wp:term":[{"taxonomy":"product_brand","embeddable":true,"href":"https:\/\/aromasentia.com\/de\/wp-json\/wp\/v2\/product_brand?post=241145"},{"taxonomy":"product_cat","embeddable":true,"href":"https:\/\/aromasentia.com\/de\/wp-json\/wp\/v2\/product_cat?post=241145"},{"taxonomy":"product_tag","embeddable":true,"href":"https:\/\/aromasentia.com\/de\/wp-json\/wp\/v2\/product_tag?post=241145"}],"curies":[{"name":"wp","href":"https:\/\/api.w.org\/{rel}","templated":true}]}}