{"id":241133,"date":"2025-03-20T16:21:52","date_gmt":"2025-03-20T16:21:52","guid":{"rendered":"https:\/\/aromasentia.com\/product\/rosehip-olive-oil-soap-slice\/"},"modified":"2025-12-30T20:37:07","modified_gmt":"2025-12-30T20:37:07","slug":"rosehip-olive-oil-soap-2","status":"publish","type":"product","link":"https:\/\/aromasentia.com\/de\/rosehip-olive-oil-soap-2\/","title":{"rendered":"Rosehip &#8211; Olive Oil Soap"},"content":{"rendered":"<p>Die Frucht der Rosa Canina in der <strong>Aroma Sentia-ping Hagebutte &#8211; Oliven\u00f6lseife<\/strong> ist eine reichhaltige Quelle an Vitaminen und Mineralstoffen, insbesondere an Vitamin A, C und E, Flavonoiden und anderen bioaktiven Verbindungen. Sie ist au\u00dferdem eine recht gute Quelle f\u00fcr essentielle Fetts\u00e4uren, was f\u00fcr eine Frucht eher ungew\u00f6hnlich ist. Hagebutten\u00f6l soll die Haut straffen und festigen, den Hautton gl\u00e4tten und der angenehme Hagebuttenduft entspannt.&nbsp;<\/p>\n<p>Oliven\u00f6lseifen geh\u00f6rten zu den ersten pflanzlichen Seifen. Sie werden im traditionellen Kaltverfahren handgefertigt und sind <strong>SLS- und parabenfrei<\/strong>. Das nat\u00fcrliche Fett kann durch die restrukturierende Wirkung des \u00d6ls zum Schutz beitragen und den Hautton, die Weichheit und Jugendlichkeit der Haut verbessern.&nbsp;<\/p>\n<p><\/p>\n<p>Seifenst\u00fccke werden in Wachspapier eingewickelt mit einem Zutatenetikett verkauft und wiegen ungef\u00e4hr 110 g.&nbsp;<\/p>\n<p><strong>BITTE BEACHTEN:<\/strong> Unsere Seifen werden von Hand hergestellt und die Farbe oder das Design k\u00f6nnen leicht von den gezeigten Abbildungen abweichen.<\/p>\n","protected":false},"excerpt":{"rendered":"<p>Die Frucht der Rosa Canina in der Aroma Sentia-ping Hagebutte &#8211; Oliven\u00f6lseife ist eine reichhaltige Quelle an Vitaminen und Mineralstoffen, insbesondere an Vitamin A, C und E, Flavonoiden und anderen bioaktiven Verbindungen. Sie ist au\u00dferdem eine recht gute Quelle f\u00fcr essentielle Fetts\u00e4uren, was f\u00fcr eine Frucht eher ungew\u00f6hnlich ist. Hagebutten\u00f6l soll die Haut straffen und [&hellip;]<\/p>\n","protected":false},"featured_media":274063,"comment_status":"closed","ping_status":"open","template":"","meta":{"_angie_page":false},"product_brand":[],"product_cat":[19448,25841,26826,26475,20589],"product_tag":[],"class_list":{"0":"post-241133","1":"product","2":"type-product","3":"status-publish","4":"has-post-thumbnail","6":"product_cat-bad-und-korper","7":"product_cat-dufte-aromen","8":"product_cat-erdig-grun","9":"product_cat-hagebutte","10":"product_cat-okologische-seifen","11":"pa_collection-artisan-olive-oil-soaps-1-25kg-and-slices-de","12":"pa_made-in-spanien","14":"first","15":"instock","16":"purchasable","17":"product-type-simple"},"supplier_id":null,"supplier_sku":"ArtS-05S","barcode":null,"atum_controlled":true,"out_stock_date":null,"out_stock_threshold":null,"inheritable":false,"inbound_stock":null,"stock_on_hold":0,"sold_today":0,"sales_last_days":0,"reserved_stock":null,"customer_returns":null,"warehouse_damage":null,"lost_in_post":null,"other_logs":null,"out_stock_days":0,"lost_sales":0,"has_location":null,"update_date":"2026-04-27T06:51:07","atum_locations":[],"atum_stock_status":"instock","restock_status":false,"low_stock_amount":"","sales_update_date":"2025-10-09T03:23:41","calc_backorders":null,"_links":{"self":[{"href":"https:\/\/aromasentia.com\/de\/wp-json\/wp\/v2\/product\/241133","targetHints":{"allow":["GET"]}}],"collection":[{"href":"https:\/\/aromasentia.com\/de\/wp-json\/wp\/v2\/product"}],"about":[{"href":"https:\/\/aromasentia.com\/de\/wp-json\/wp\/v2\/types\/product"}],"replies":[{"embeddable":true,"href":"https:\/\/aromasentia.com\/de\/wp-json\/wp\/v2\/comments?post=241133"}],"version-history":[{"count":0,"href":"https:\/\/aromasentia.com\/de\/wp-json\/wp\/v2\/product\/241133\/revisions"}],"wp:featuredmedia":[{"embeddable":true,"href":"https:\/\/aromasentia.com\/de\/wp-json\/wp\/v2\/media\/274063"}],"wp:attachment":[{"href":"https:\/\/aromasentia.com\/de\/wp-json\/wp\/v2\/media?parent=241133"}],"wp:term":[{"taxonomy":"product_brand","embeddable":true,"href":"https:\/\/aromasentia.com\/de\/wp-json\/wp\/v2\/product_brand?post=241133"},{"taxonomy":"product_cat","embeddable":true,"href":"https:\/\/aromasentia.com\/de\/wp-json\/wp\/v2\/product_cat?post=241133"},{"taxonomy":"product_tag","embeddable":true,"href":"https:\/\/aromasentia.com\/de\/wp-json\/wp\/v2\/product_tag?post=241133"}],"curies":[{"name":"wp","href":"https:\/\/api.w.org\/{rel}","templated":true}]}}