{"id":241129,"date":"2025-03-20T16:21:52","date_gmt":"2025-03-20T16:21:52","guid":{"rendered":"https:\/\/aromasentia.com\/product\/cinnamon-orange-olive-oil-soap-slice\/"},"modified":"2025-12-30T20:37:07","modified_gmt":"2025-12-30T20:37:07","slug":"cinnamon-orange-olive-oil-soap-2","status":"publish","type":"product","link":"https:\/\/aromasentia.com\/de\/cinnamon-orange-olive-oil-soap-2\/","title":{"rendered":"Cinnamon &#038; Orange &#8211; Olive Oil Soap"},"content":{"rendered":"<p>Diese <strong>Aroma Sentia-ping Zimt &#038; Orange &#8211; Oliven\u00f6lSeife<\/strong> enth\u00e4lt gemahlenen Zimt, der die Haut peelt, beruhigt und belebt. Orange kann die Haut beruhigen und sie mit Feuchtigkeit und wertvollem Vitamin C versorgen.<\/p>\n<p>Oliven\u00f6lseifen geh\u00f6rten zu den ersten pflanzlichen Seifen. Sie werden im traditionellen Kaltverfahren handgefertigt und sind <strong>frei von SLS und Parabenen<\/strong>. Das nat\u00fcrliche Fett kann durch die restrukturierende Wirkung des \u00d6ls sch\u00fctzen und den Hautton, die Weichheit und Jugendlichkeit der Haut verbessern.<\/p>\n<p><\/p>\n<p>Seifen werden in Wachspapier verpackt mit einem Zutatenetikett verkauft und wiegen ca. 110 g.<\/p>\n<p><strong>BITTE BEACHTEN:<\/strong> Unsere Seifen sind handgefertigt, daher k\u00f6nnen Farbe und Design leicht von den Abbildungen abweichen.<\/p>\n","protected":false},"excerpt":{"rendered":"<p>Diese Aroma Sentia-ping Zimt &#038; Orange &#8211; Oliven\u00f6lSeife enth\u00e4lt gemahlenen Zimt, der die Haut peelt, beruhigt und belebt. Orange kann die Haut beruhigen und sie mit Feuchtigkeit und wertvollem Vitamin C versorgen. Oliven\u00f6lseifen geh\u00f6rten zu den ersten pflanzlichen Seifen. Sie werden im traditionellen Kaltverfahren handgefertigt und sind frei von SLS und Parabenen. Das nat\u00fcrliche Fett [&hellip;]<\/p>\n","protected":false},"featured_media":274022,"comment_status":"closed","ping_status":"open","template":"","meta":{"_angie_page":false},"product_brand":[],"product_cat":[19448,25841,20589,26308,26889,26131,26819],"product_tag":[],"class_list":{"0":"post-241129","1":"product","2":"type-product","3":"status-publish","4":"has-post-thumbnail","6":"product_cat-bad-und-korper","7":"product_cat-dufte-aromen","8":"product_cat-okologische-seifen","9":"product_cat-orange","10":"product_cat-wurzig","11":"product_cat-zimt","12":"product_cat-zitrus","13":"pa_collection-artisan-olive-oil-soaps-1-25kg-and-slices-de","14":"pa_made-in-spanien","16":"first","17":"instock","18":"purchasable","19":"product-type-simple"},"supplier_id":null,"supplier_sku":"ArtS-04S","barcode":null,"atum_controlled":true,"out_stock_date":null,"out_stock_threshold":null,"inheritable":false,"inbound_stock":null,"stock_on_hold":0,"sold_today":0,"sales_last_days":0,"reserved_stock":null,"customer_returns":null,"warehouse_damage":null,"lost_in_post":null,"other_logs":null,"out_stock_days":0,"lost_sales":0,"has_location":null,"update_date":"2026-04-27T06:51:07","atum_locations":[],"atum_stock_status":"instock","restock_status":false,"low_stock_amount":"","sales_update_date":"2025-10-09T03:23:41","calc_backorders":null,"_links":{"self":[{"href":"https:\/\/aromasentia.com\/de\/wp-json\/wp\/v2\/product\/241129","targetHints":{"allow":["GET"]}}],"collection":[{"href":"https:\/\/aromasentia.com\/de\/wp-json\/wp\/v2\/product"}],"about":[{"href":"https:\/\/aromasentia.com\/de\/wp-json\/wp\/v2\/types\/product"}],"replies":[{"embeddable":true,"href":"https:\/\/aromasentia.com\/de\/wp-json\/wp\/v2\/comments?post=241129"}],"version-history":[{"count":0,"href":"https:\/\/aromasentia.com\/de\/wp-json\/wp\/v2\/product\/241129\/revisions"}],"wp:featuredmedia":[{"embeddable":true,"href":"https:\/\/aromasentia.com\/de\/wp-json\/wp\/v2\/media\/274022"}],"wp:attachment":[{"href":"https:\/\/aromasentia.com\/de\/wp-json\/wp\/v2\/media?parent=241129"}],"wp:term":[{"taxonomy":"product_brand","embeddable":true,"href":"https:\/\/aromasentia.com\/de\/wp-json\/wp\/v2\/product_brand?post=241129"},{"taxonomy":"product_cat","embeddable":true,"href":"https:\/\/aromasentia.com\/de\/wp-json\/wp\/v2\/product_cat?post=241129"},{"taxonomy":"product_tag","embeddable":true,"href":"https:\/\/aromasentia.com\/de\/wp-json\/wp\/v2\/product_tag?post=241129"}],"curies":[{"name":"wp","href":"https:\/\/api.w.org\/{rel}","templated":true}]}}