{"id":241109,"date":"2025-03-20T16:23:13","date_gmt":"2025-03-20T16:23:13","guid":{"rendered":"https:\/\/aromasentia.com\/product\/may-chang-orange-eo-soap-loaf-1-3kg\/"},"modified":"2025-12-30T20:36:59","modified_gmt":"2025-12-30T20:36:59","slug":"may-chang-orange-eo-soap-loaf-1-3kg","status":"publish","type":"product","link":"https:\/\/aromasentia.com\/de\/may-chang-orange-eo-soap-loaf-1-3kg\/","title":{"rendered":"May Chang &#8211; Orange &#8211; EO Soap Loaf 1.3kg"},"content":{"rendered":"<p>Begeben Sie sich auf eine Reise voller Zitrusfr\u00fcchte mit unserem <strong>Gro\u00dfhandel May Chang \u00c4therisches \u00d6l Seifenlaib<\/strong>, pr\u00e4sentiert in einem strahlenden <strong>Orangeton<\/strong>. Dieser gehaltvolle <strong>1,3kg<\/strong> Seifenlaib ist ein Energieschub, der Ihre Kunden zu neuen H\u00f6hen f\u00fchrt.<\/p>\n<p>Unser Seifenlaib f\u00e4ngt die <strong>scharfen und zitrusartigen Noten<\/strong> ein und schafft ein k\u00f6stliches und belebendes Geruchserlebnis, das Energie spendet und revitalisiert. Der lebendige Duft von May Chang macht diesen Seifenlaib zu einer dynamischen und gefragten Wahl. Ziehen Sie Kunden an, die ein <strong>energetisches und stimmungsaufhellendes<\/strong> Badeerlebnis suchen.<\/p>\n<p>Neben dem belebenden Duft ist unser May Chang Essential Oil Soap Loaf mit hochwertigen Inhaltsstoffen hergestellt, die die Haut <strong>reinigen und erfrischen<\/strong>. Der leuchtende Orangeton unterstreicht nicht nur die \u00c4sthetik Ihrer Verkaufsr\u00e4ume, sondern vermittelt auch die W\u00e4rme und Lebendigkeit des May Chang-Duftes.<\/p>\n<p>Schaffen Sie einen Blickfang in Ihren Verkaufsregalen und laden Sie Ihre Kunden ein, sich der belebenden und aromatischen Wohltat von May Chang hinzugeben.<\/p>\n","protected":false},"excerpt":{"rendered":"<p>Begeben Sie sich auf eine Reise voller Zitrusfr\u00fcchte mit unserem Gro\u00dfhandel May Chang \u00c4therisches \u00d6l Seifenlaib, pr\u00e4sentiert in einem strahlenden Orangeton. Dieser gehaltvolle 1,3kg Seifenlaib ist ein Energieschub, der Ihre Kunden zu neuen H\u00f6hen f\u00fchrt. Unser Seifenlaib f\u00e4ngt die scharfen und zitrusartigen Noten ein und schafft ein k\u00f6stliches und belebendes Geruchserlebnis, das Energie spendet und [&hellip;]<\/p>\n","protected":false},"featured_media":642361,"comment_status":"closed","ping_status":"open","template":"","meta":[],"product_brand":[],"product_cat":[19448,25841,26274,20589,26308,26819],"product_tag":[],"class_list":{"0":"post-241109","1":"product","2":"type-product","3":"status-publish","4":"has-post-thumbnail","6":"product_cat-bad-und-korper","7":"product_cat-dufte-aromen","8":"product_cat-may-chang-litsea-cubeba","9":"product_cat-okologische-seifen","10":"product_cat-orange","11":"product_cat-zitrus","12":"pa_collection-aromatherapy-soap-loaves-1-3-kg-and-slices-de","13":"pa_made-in-vereinigtes-koenigreich","15":"first","16":"instock","17":"purchasable","18":"product-type-simple"},"supplier_id":null,"supplier_sku":"ASoap-09a","barcode":null,"atum_controlled":true,"out_stock_date":null,"out_stock_threshold":null,"inheritable":false,"inbound_stock":null,"stock_on_hold":0,"sold_today":0,"sales_last_days":0,"reserved_stock":null,"customer_returns":null,"warehouse_damage":null,"lost_in_post":null,"other_logs":null,"out_stock_days":0,"lost_sales":0,"has_location":null,"update_date":"2026-01-30T01:25:01","atum_locations":[],"atum_stock_status":"instock","restock_status":false,"low_stock_amount":"","sales_update_date":"2026-01-30T01:25:01","calc_backorders":null,"_links":{"self":[{"href":"https:\/\/aromasentia.com\/de\/wp-json\/wp\/v2\/product\/241109","targetHints":{"allow":["GET"]}}],"collection":[{"href":"https:\/\/aromasentia.com\/de\/wp-json\/wp\/v2\/product"}],"about":[{"href":"https:\/\/aromasentia.com\/de\/wp-json\/wp\/v2\/types\/product"}],"replies":[{"embeddable":true,"href":"https:\/\/aromasentia.com\/de\/wp-json\/wp\/v2\/comments?post=241109"}],"version-history":[{"count":0,"href":"https:\/\/aromasentia.com\/de\/wp-json\/wp\/v2\/product\/241109\/revisions"}],"wp:featuredmedia":[{"embeddable":true,"href":"https:\/\/aromasentia.com\/de\/wp-json\/wp\/v2\/media\/642361"}],"wp:attachment":[{"href":"https:\/\/aromasentia.com\/de\/wp-json\/wp\/v2\/media?parent=241109"}],"wp:term":[{"taxonomy":"product_brand","embeddable":true,"href":"https:\/\/aromasentia.com\/de\/wp-json\/wp\/v2\/product_brand?post=241109"},{"taxonomy":"product_cat","embeddable":true,"href":"https:\/\/aromasentia.com\/de\/wp-json\/wp\/v2\/product_cat?post=241109"},{"taxonomy":"product_tag","embeddable":true,"href":"https:\/\/aromasentia.com\/de\/wp-json\/wp\/v2\/product_tag?post=241109"}],"curies":[{"name":"wp","href":"https:\/\/api.w.org\/{rel}","templated":true}]}}