{"id":241105,"date":"2025-03-20T16:23:13","date_gmt":"2025-03-20T16:23:13","guid":{"rendered":"https:\/\/aromasentia.com\/product\/ginger-clove-brown-eo-soap-loaf-1-3kg\/"},"modified":"2025-12-30T20:36:59","modified_gmt":"2025-12-30T20:36:59","slug":"ginger-clove-brown-eo-soap-loaf-1-3kg","status":"publish","type":"product","link":"https:\/\/aromasentia.com\/de\/ginger-clove-brown-eo-soap-loaf-1-3kg\/","title":{"rendered":"Ginger &#038; Clove &#8211; Brown &#8211; EO Soap Loaf 1.3kg"},"content":{"rendered":"<p>Begeben Sie sich auf eine sinnliche Reise der w\u00fcrzigen Eleganz mit unserer <strong>Gro\u00dfhandelseife mit \u00e4therischem Ingwer- und Nelken\u00f6l<\/strong>, umh\u00fcllt von einem reichen <strong>braunen Farbton<\/strong>. Dieser 1,3 kg schwere Seifenlaib ist eine Symphonie warmer Aromen, die Ihr Baderitual in ein Reich des Komforts und der Raffinesse erhebt.<\/p>\n<p>Der <strong>gew\u00fcrzte und w\u00e4rmende Duft<\/strong> von Ingwer und Nelke macht diesen Seifenlaib zu einer beruhigenden und luxuri\u00f6sen Wahl. Ziehen Sie Kunden an, die einen Kokon aus W\u00e4rme und Raffinesse f\u00fcr ihr Badeerlebnis suchen. Neben dem beruhigenden Duft ist unser Seifenlaib mit \u00e4therischem Ingwer- und Gew\u00fcrznelken\u00f6l aus hochwertigen Inhaltsstoffen hergestellt, die die Haut reinigen und pflegen.<\/p>\n<p>Die warme braune Farbe unseres Seifenlaibs verleiht Ihren Kunden einen Hauch von Gem\u00fctlichkeit. Gestalten Sie eine einladende Auslage in Ihren Verkaufsregalen und laden Sie Ihre Kunden ein, sich von der wohltuenden und w\u00fcrzigen Eleganz von Ingwer und Nelke verw\u00f6hnen zu lassen.<\/p>\n","protected":false},"excerpt":{"rendered":"<p>Begeben Sie sich auf eine sinnliche Reise der w\u00fcrzigen Eleganz mit unserer Gro\u00dfhandelseife mit \u00e4therischem Ingwer- und Nelken\u00f6l, umh\u00fcllt von einem reichen braunen Farbton. Dieser 1,3 kg schwere Seifenlaib ist eine Symphonie warmer Aromen, die Ihr Baderitual in ein Reich des Komforts und der Raffinesse erhebt. Der gew\u00fcrzte und w\u00e4rmende Duft von Ingwer und Nelke [&hellip;]<\/p>\n","protected":false},"featured_media":642353,"comment_status":"closed","ping_status":"open","template":"","meta":[],"product_brand":[],"product_cat":[19448,25841,26195,26471,20589,26889],"product_tag":[],"class_list":{"0":"post-241105","1":"product","2":"type-product","3":"status-publish","4":"has-post-thumbnail","6":"product_cat-bad-und-korper","7":"product_cat-dufte-aromen","8":"product_cat-geranie","9":"product_cat-nelke","10":"product_cat-okologische-seifen","11":"product_cat-wurzig","12":"pa_collection-aromatherapy-soap-loaves-1-3-kg-and-slices-de","13":"pa_made-in-vereinigtes-koenigreich","15":"first","16":"instock","17":"purchasable","18":"product-type-simple"},"supplier_id":null,"supplier_sku":"ASoap-10a","barcode":null,"atum_controlled":true,"out_stock_date":null,"out_stock_threshold":null,"inheritable":false,"inbound_stock":null,"stock_on_hold":0,"sold_today":0,"sales_last_days":0,"reserved_stock":null,"customer_returns":null,"warehouse_damage":null,"lost_in_post":null,"other_logs":null,"out_stock_days":0,"lost_sales":0,"has_location":null,"update_date":"2026-02-07T15:13:23","atum_locations":[],"atum_stock_status":"instock","restock_status":false,"low_stock_amount":"","sales_update_date":"2026-01-30T01:26:29","calc_backorders":null,"_links":{"self":[{"href":"https:\/\/aromasentia.com\/de\/wp-json\/wp\/v2\/product\/241105","targetHints":{"allow":["GET"]}}],"collection":[{"href":"https:\/\/aromasentia.com\/de\/wp-json\/wp\/v2\/product"}],"about":[{"href":"https:\/\/aromasentia.com\/de\/wp-json\/wp\/v2\/types\/product"}],"replies":[{"embeddable":true,"href":"https:\/\/aromasentia.com\/de\/wp-json\/wp\/v2\/comments?post=241105"}],"version-history":[{"count":0,"href":"https:\/\/aromasentia.com\/de\/wp-json\/wp\/v2\/product\/241105\/revisions"}],"wp:featuredmedia":[{"embeddable":true,"href":"https:\/\/aromasentia.com\/de\/wp-json\/wp\/v2\/media\/642353"}],"wp:attachment":[{"href":"https:\/\/aromasentia.com\/de\/wp-json\/wp\/v2\/media?parent=241105"}],"wp:term":[{"taxonomy":"product_brand","embeddable":true,"href":"https:\/\/aromasentia.com\/de\/wp-json\/wp\/v2\/product_brand?post=241105"},{"taxonomy":"product_cat","embeddable":true,"href":"https:\/\/aromasentia.com\/de\/wp-json\/wp\/v2\/product_cat?post=241105"},{"taxonomy":"product_tag","embeddable":true,"href":"https:\/\/aromasentia.com\/de\/wp-json\/wp\/v2\/product_tag?post=241105"}],"curies":[{"name":"wp","href":"https:\/\/api.w.org\/{rel}","templated":true}]}}