{"id":241097,"date":"2025-03-20T16:23:13","date_gmt":"2025-03-20T16:23:13","guid":{"rendered":"https:\/\/aromasentia.com\/product\/may-chang-orange-eo-soap-slice-100g-approx\/"},"modified":"2025-12-30T20:36:59","modified_gmt":"2025-12-30T20:36:59","slug":"may-chang-orange-eo-soap-100g-approx","status":"publish","type":"product","link":"https:\/\/aromasentia.com\/de\/may-chang-orange-eo-soap-100g-approx\/","title":{"rendered":"May Chang &#8211; Orange &#8211; EO Soap 100g approx"},"content":{"rendered":"<p>Beleben Sie Ihre Sinne mit den leuchtenden Zitrusnoten unserer May Chang &#8211; Orange &#8211; EO Soap Slice. Dieses fr\u00f6hliche, ca. 100 g schwere St\u00fcck handwerklich hergestellter Seife ist mit dem \u00e4therischen \u00d6l von May Chang (Litsea Cubeba) versetzt, das f\u00fcr seinen intensiv frischen, zitronigen und fruchtigen Duft bekannt ist. Die leuchtend orange Farbe spiegelt seinen fr\u00f6hlichen Charakter wider. Es reinigt sanft, w\u00e4hrend sein erhebendes Aroma hilft, M\u00fcdigkeit zu bek\u00e4mpfen und Positivit\u00e4t zu f\u00f6rdern, so dass sich Ihre Haut erfrischt und Ihr Geist aufgehellt f\u00fchlt.<\/p>\n","protected":false},"excerpt":{"rendered":"<p>Beleben Sie Ihre Sinne mit den leuchtenden Zitrusnoten unserer May Chang &#8211; Orange &#8211; EO Soap Slice. Dieses fr\u00f6hliche, ca. 100 g schwere St\u00fcck handwerklich hergestellter Seife ist mit dem \u00e4therischen \u00d6l von May Chang (Litsea Cubeba) versetzt, das f\u00fcr seinen intensiv frischen, zitronigen und fruchtigen Duft bekannt ist. Die leuchtend orange Farbe spiegelt seinen [&hellip;]<\/p>\n","protected":false},"featured_media":275047,"comment_status":"closed","ping_status":"open","template":"","meta":{"_angie_page":false},"product_brand":[],"product_cat":[19448,25841,26274,20589,26308,26819],"product_tag":[],"class_list":{"0":"post-241097","1":"product","2":"type-product","3":"status-publish","4":"has-post-thumbnail","6":"product_cat-bad-und-korper","7":"product_cat-dufte-aromen","8":"product_cat-may-chang-litsea-cubeba","9":"product_cat-okologische-seifen","10":"product_cat-orange","11":"product_cat-zitrus","12":"pa_collection-aromatherapy-soap-loaves-1-3-kg-and-slices-de","13":"pa_made-in-vereinigtes-koenigreich","14":"pa_size-100g","16":"first","17":"outofstock","18":"purchasable","19":"product-type-simple"},"supplier_id":null,"supplier_sku":"ASoap-09DS","barcode":null,"atum_controlled":true,"out_stock_date":"2026-04-25 15:23:17","out_stock_threshold":null,"inheritable":false,"inbound_stock":null,"stock_on_hold":0,"sold_today":0,"sales_last_days":0,"reserved_stock":null,"customer_returns":null,"warehouse_damage":null,"lost_in_post":null,"other_logs":null,"out_stock_days":0,"lost_sales":0,"has_location":null,"update_date":"2026-04-27T06:51:19","atum_locations":[],"atum_stock_status":"outofstock","restock_status":false,"low_stock_amount":"","sales_update_date":"2026-02-06T00:02:10","calc_backorders":null,"_links":{"self":[{"href":"https:\/\/aromasentia.com\/de\/wp-json\/wp\/v2\/product\/241097","targetHints":{"allow":["GET"]}}],"collection":[{"href":"https:\/\/aromasentia.com\/de\/wp-json\/wp\/v2\/product"}],"about":[{"href":"https:\/\/aromasentia.com\/de\/wp-json\/wp\/v2\/types\/product"}],"replies":[{"embeddable":true,"href":"https:\/\/aromasentia.com\/de\/wp-json\/wp\/v2\/comments?post=241097"}],"version-history":[{"count":0,"href":"https:\/\/aromasentia.com\/de\/wp-json\/wp\/v2\/product\/241097\/revisions"}],"wp:featuredmedia":[{"embeddable":true,"href":"https:\/\/aromasentia.com\/de\/wp-json\/wp\/v2\/media\/275047"}],"wp:attachment":[{"href":"https:\/\/aromasentia.com\/de\/wp-json\/wp\/v2\/media?parent=241097"}],"wp:term":[{"taxonomy":"product_brand","embeddable":true,"href":"https:\/\/aromasentia.com\/de\/wp-json\/wp\/v2\/product_brand?post=241097"},{"taxonomy":"product_cat","embeddable":true,"href":"https:\/\/aromasentia.com\/de\/wp-json\/wp\/v2\/product_cat?post=241097"},{"taxonomy":"product_tag","embeddable":true,"href":"https:\/\/aromasentia.com\/de\/wp-json\/wp\/v2\/product_tag?post=241097"}],"curies":[{"name":"wp","href":"https:\/\/api.w.org\/{rel}","templated":true}]}}