{"id":241061,"date":"2025-03-20T16:23:13","date_gmt":"2025-03-20T16:23:13","guid":{"rendered":"https:\/\/aromasentia.com\/product\/goat-milk-olive-oil-soap-2\/"},"modified":"2025-12-30T20:36:52","modified_gmt":"2025-12-30T20:36:52","slug":"goat-milk-olive-oil-soap-2","status":"publish","type":"product","link":"https:\/\/aromasentia.com\/de\/goat-milk-olive-oil-soap-2\/","title":{"rendered":"Goat Milk &#8211; Olive Oil Soap"},"content":{"rendered":"<p>Unsere <strong>Aroma Sentia &#8211; Europe Goat Milk<\/strong><strong>-Oliven\u00f6lSeife<\/strong> enth\u00e4lt Bimsstein, um tiefsitzenden Schmutz zu entfernen, die Haut zu erfrischen und die Aufnahme von wohltuenden Hautseren und Feuchtigkeitscremes zu f\u00f6rdern. Ein Peeling kann hilfreich sein, wenn die Haut aufgrund von \u00fcberm\u00e4\u00dfiger Sonneneinstrahlung Anzeichen vorzeitiger Hautalterung zeigt. Es kann auch bei nicht-entz\u00fcndlicher Akne helfen.<\/p>\n<p>Oliven\u00f6lseifen geh\u00f6rten zu den ersten pflanzlichen Seifen. Sie werden im traditionellen Kaltverfahren handgefertigt und sind <strong>SLS- und parabenfrei<\/strong>. Das nat\u00fcrliche Fett kann durch die restrukturierende Wirkung des \u00d6ls zum Schutz beitragen und den Hautton, die Weichheit und Jugendlichkeit der Haut verbessern.&nbsp;<\/p>\n<p><\/p>\n<p>Seifenst\u00fccke werden in Wachspapier eingewickelt mit einem Zutatenetikett verkauft und wiegen ungef\u00e4hr 110\u00a0g.<\/p>\n<p><strong>BITTE BEACHTEN:<\/strong> Unsere Seifen werden von Hand hergestellt und die Farbe oder das Design k\u00f6nnen leicht von den gezeigten Abbildungen abweichen.<\/p>\n","protected":false},"excerpt":{"rendered":"<p>Unsere Aroma Sentia &#8211; Europe Goat Milk-Oliven\u00f6lSeife enth\u00e4lt Bimsstein, um tiefsitzenden Schmutz zu entfernen, die Haut zu erfrischen und die Aufnahme von wohltuenden Hautseren und Feuchtigkeitscremes zu f\u00f6rdern. Ein Peeling kann hilfreich sein, wenn die Haut aufgrund von \u00fcberm\u00e4\u00dfiger Sonneneinstrahlung Anzeichen vorzeitiger Hautalterung zeigt. Es kann auch bei nicht-entz\u00fcndlicher Akne helfen. Oliven\u00f6lseifen geh\u00f6rten zu den [&hellip;]<\/p>\n","protected":false},"featured_media":274838,"comment_status":"closed","ping_status":"open","template":"","meta":{"_angie_page":false},"product_brand":[],"product_cat":[19448,20589],"product_tag":[],"class_list":{"0":"post-241061","1":"product","2":"type-product","3":"status-publish","4":"has-post-thumbnail","6":"product_cat-bad-und-korper","7":"product_cat-okologische-seifen","8":"pa_collection-artisan-olive-oil-soaps-1-25kg-and-slices-de","9":"pa_made-in-spanien","11":"first","12":"instock","13":"purchasable","14":"product-type-simple"},"supplier_id":null,"supplier_sku":"ArtS-29S","barcode":null,"atum_controlled":true,"out_stock_date":null,"out_stock_threshold":null,"inheritable":false,"inbound_stock":null,"stock_on_hold":0,"sold_today":0,"sales_last_days":0,"reserved_stock":null,"customer_returns":null,"warehouse_damage":null,"lost_in_post":null,"other_logs":null,"out_stock_days":0,"lost_sales":0,"has_location":null,"update_date":"2026-05-04T00:02:49","atum_locations":[],"atum_stock_status":"instock","restock_status":false,"low_stock_amount":"","sales_update_date":"2026-01-30T01:25:22","calc_backorders":null,"_links":{"self":[{"href":"https:\/\/aromasentia.com\/de\/wp-json\/wp\/v2\/product\/241061","targetHints":{"allow":["GET"]}}],"collection":[{"href":"https:\/\/aromasentia.com\/de\/wp-json\/wp\/v2\/product"}],"about":[{"href":"https:\/\/aromasentia.com\/de\/wp-json\/wp\/v2\/types\/product"}],"replies":[{"embeddable":true,"href":"https:\/\/aromasentia.com\/de\/wp-json\/wp\/v2\/comments?post=241061"}],"version-history":[{"count":0,"href":"https:\/\/aromasentia.com\/de\/wp-json\/wp\/v2\/product\/241061\/revisions"}],"wp:featuredmedia":[{"embeddable":true,"href":"https:\/\/aromasentia.com\/de\/wp-json\/wp\/v2\/media\/274838"}],"wp:attachment":[{"href":"https:\/\/aromasentia.com\/de\/wp-json\/wp\/v2\/media?parent=241061"}],"wp:term":[{"taxonomy":"product_brand","embeddable":true,"href":"https:\/\/aromasentia.com\/de\/wp-json\/wp\/v2\/product_brand?post=241061"},{"taxonomy":"product_cat","embeddable":true,"href":"https:\/\/aromasentia.com\/de\/wp-json\/wp\/v2\/product_cat?post=241061"},{"taxonomy":"product_tag","embeddable":true,"href":"https:\/\/aromasentia.com\/de\/wp-json\/wp\/v2\/product_tag?post=241061"}],"curies":[{"name":"wp","href":"https:\/\/api.w.org\/{rel}","templated":true}]}}