{"id":241057,"date":"2025-03-20T16:23:13","date_gmt":"2025-03-20T16:23:13","guid":{"rendered":"https:\/\/aromasentia.com\/product\/goat-milk-olive-oil-soap\/"},"modified":"2025-12-30T20:36:52","modified_gmt":"2025-12-30T20:36:52","slug":"goat-milk-olive-oil-soap","status":"publish","type":"product","link":"https:\/\/aromasentia.com\/de\/goat-milk-olive-oil-soap\/","title":{"rendered":"Goat Milk &#8211; Olive Oil Soap"},"content":{"rendered":"<p>Pflegen Sie Ihre Haut mit der sanften Reinheit unserer Ziegenmilch-Oliven\u00f6l-Seife. Diese handgefertigte Seife kombiniert die reichhaltigen, feuchtigkeitsspendenden Eigenschaften von cremiger Ziegenmilch mit den pflegenden Vorteilen von reinem Oliven\u00f6l. Ziegenmilch ist von Natur aus reich an Vitaminen und Mineralien und hilft, selbst empfindliche Haut zu beruhigen und mit Feuchtigkeit zu versorgen, w\u00e4hrend Oliven\u00f6l f\u00fcr eine sanfte Reinigung und anhaltende Geschmeidigkeit sorgt. Diese wunderbar milde und cremige Creme ist perfekt f\u00fcr die t\u00e4gliche Anwendung und hinterl\u00e4sst ein ruhiges, geschmeidiges und wunderbar gepflegtes Hautgef\u00fchl.<\/p>\n","protected":false},"excerpt":{"rendered":"<p>Pflegen Sie Ihre Haut mit der sanften Reinheit unserer Ziegenmilch-Oliven\u00f6l-Seife. Diese handgefertigte Seife kombiniert die reichhaltigen, feuchtigkeitsspendenden Eigenschaften von cremiger Ziegenmilch mit den pflegenden Vorteilen von reinem Oliven\u00f6l. Ziegenmilch ist von Natur aus reich an Vitaminen und Mineralien und hilft, selbst empfindliche Haut zu beruhigen und mit Feuchtigkeit zu versorgen, w\u00e4hrend Oliven\u00f6l f\u00fcr eine sanfte [&hellip;]<\/p>\n","protected":false},"featured_media":274813,"comment_status":"closed","ping_status":"open","template":"","meta":{"_angie_page":false},"product_brand":[],"product_cat":[19448,20589],"product_tag":[],"class_list":{"0":"post-241057","1":"product","2":"type-product","3":"status-publish","4":"has-post-thumbnail","6":"product_cat-bad-und-korper","7":"product_cat-okologische-seifen","8":"pa_collection-artisan-olive-oil-soaps-1-25kg-and-slices-de","9":"pa_made-in-spanien","11":"first","12":"instock","13":"purchasable","14":"product-type-simple"},"supplier_id":null,"supplier_sku":"ArtS-29L","barcode":null,"atum_controlled":true,"out_stock_date":null,"out_stock_threshold":null,"inheritable":false,"inbound_stock":null,"stock_on_hold":0,"sold_today":0,"sales_last_days":0,"reserved_stock":null,"customer_returns":null,"warehouse_damage":null,"lost_in_post":null,"other_logs":null,"out_stock_days":0,"lost_sales":0,"has_location":null,"update_date":"2026-05-04T00:02:49","atum_locations":[],"atum_stock_status":"instock","restock_status":false,"low_stock_amount":"","sales_update_date":"2025-10-09T03:23:47","calc_backorders":null,"_links":{"self":[{"href":"https:\/\/aromasentia.com\/de\/wp-json\/wp\/v2\/product\/241057","targetHints":{"allow":["GET"]}}],"collection":[{"href":"https:\/\/aromasentia.com\/de\/wp-json\/wp\/v2\/product"}],"about":[{"href":"https:\/\/aromasentia.com\/de\/wp-json\/wp\/v2\/types\/product"}],"replies":[{"embeddable":true,"href":"https:\/\/aromasentia.com\/de\/wp-json\/wp\/v2\/comments?post=241057"}],"version-history":[{"count":0,"href":"https:\/\/aromasentia.com\/de\/wp-json\/wp\/v2\/product\/241057\/revisions"}],"wp:featuredmedia":[{"embeddable":true,"href":"https:\/\/aromasentia.com\/de\/wp-json\/wp\/v2\/media\/274813"}],"wp:attachment":[{"href":"https:\/\/aromasentia.com\/de\/wp-json\/wp\/v2\/media?parent=241057"}],"wp:term":[{"taxonomy":"product_brand","embeddable":true,"href":"https:\/\/aromasentia.com\/de\/wp-json\/wp\/v2\/product_brand?post=241057"},{"taxonomy":"product_cat","embeddable":true,"href":"https:\/\/aromasentia.com\/de\/wp-json\/wp\/v2\/product_cat?post=241057"},{"taxonomy":"product_tag","embeddable":true,"href":"https:\/\/aromasentia.com\/de\/wp-json\/wp\/v2\/product_tag?post=241057"}],"curies":[{"name":"wp","href":"https:\/\/api.w.org\/{rel}","templated":true}]}}