{"id":241001,"date":"2025-03-20T16:24:19","date_gmt":"2025-03-20T16:24:19","guid":{"rendered":"https:\/\/aromasentia.com\/product\/1-3kg-box-of-chill-pills-black-cherry\/"},"modified":"2025-12-30T20:36:44","modified_gmt":"2025-12-30T20:36:44","slug":"badebombe-chill-pill-schwarze-kirsche","status":"publish","type":"product","link":"https:\/\/aromasentia.com\/de\/badebombe-chill-pill-schwarze-kirsche\/","title":{"rendered":"Badebombe &#8222;Chill Pill&#8220; &#8211; Schwarze Kirsche"},"content":{"rendered":"<p>Kaufen Sie alle Typen, um in Ihrem E-Shop-Angebot eine auff\u00e4llige Anzeige zu erstellen, der Ihre Kunden nicht widerstehen k\u00f6nnen.<br style=\"color: rgb(114, 114, 114); font-family: Ubuntu, sans-serif; font-size: 16px; font-style: normal; font-variant-ligatures: normal; font-variant-caps: normal; font-weight: 400; letter-spacing: normal; orphans: 2; text-align: start; text-indent: 0px; text-transform: none; white-space: normal; widows: 2; word-spacing: 0px; -webkit-text-stroke-width: 0px; background-color: rgb(255, 255, 255); text-decoration-thickness: initial; text-decoration-style: initial; text-decoration-color: initial;\">Perfekt als Hochzeitsgeschenk (Sie k\u00f6nnen auch Organzabeutel verkaufen). Kinder lieben sie \u2013 geben Sie ein oder zwei in die Badewanne f\u00fcr ein bisschen Spa\u00df und Sprudel. Erwachsene k\u00f6nnen sich auch mit ein oder drei Badetabletten entspannen.<br style=\"color: rgb(114, 114, 114); font-family: Ubuntu, sans-serif; font-size: 16px; font-style: normal; font-variant-ligatures: normal; font-variant-caps: normal; font-weight: 400; letter-spacing: normal; orphans: 2; text-align: start; text-indent: 0px; text-transform: none; white-space: normal; widows: 2; word-spacing: 0px; -webkit-text-stroke-width: 0px; background-color: rgb(255, 255, 255); text-decoration-thickness: initial; text-decoration-style: initial; text-decoration-color: initial;\">Ideal f\u00fcr ein Fu\u00dfbad \u2013 geben Sie eine hinein, um dem Ganzen eine besondere Note zu verleihen von Luxus.<\/p>\n","protected":false},"excerpt":{"rendered":"<p>Kaufen Sie alle Typen, um in Ihrem E-Shop-Angebot eine auff\u00e4llige Anzeige zu erstellen, der Ihre Kunden nicht widerstehen k\u00f6nnen.Perfekt als Hochzeitsgeschenk (Sie k\u00f6nnen auch Organzabeutel verkaufen). Kinder lieben sie \u2013 geben Sie ein oder zwei in die Badewanne f\u00fcr ein bisschen Spa\u00df und Sprudel. Erwachsene k\u00f6nnen sich auch mit ein oder drei Badetabletten entspannen.Ideal f\u00fcr [&hellip;]<\/p>\n","protected":false},"featured_media":276124,"comment_status":"closed","ping_status":"open","template":"","meta":[],"product_brand":[],"product_cat":[19448,20511],"product_tag":[],"class_list":{"0":"post-241001","1":"product","2":"type-product","3":"status-publish","4":"has-post-thumbnail","6":"product_cat-bad-und-korper","7":"product_cat-badebomben-badekugeln","8":"pa_collection-aw-chill-pills-1-3kg-display-box-de","9":"pa_made-in-vereinigtes-koenigreich","11":"first","12":"instock","13":"purchasable","14":"product-type-simple"},"supplier_id":null,"supplier_sku":"AWChill-05","barcode":null,"atum_controlled":true,"out_stock_date":null,"out_stock_threshold":null,"inheritable":false,"inbound_stock":null,"stock_on_hold":0,"sold_today":0,"sales_last_days":0,"reserved_stock":null,"customer_returns":null,"warehouse_damage":null,"lost_in_post":null,"other_logs":null,"out_stock_days":0,"lost_sales":0,"has_location":null,"update_date":"2026-02-08T12:45:53","atum_locations":[],"atum_stock_status":"instock","restock_status":false,"low_stock_amount":"","sales_update_date":"2025-10-09T03:24:09","calc_backorders":null,"_links":{"self":[{"href":"https:\/\/aromasentia.com\/de\/wp-json\/wp\/v2\/product\/241001","targetHints":{"allow":["GET"]}}],"collection":[{"href":"https:\/\/aromasentia.com\/de\/wp-json\/wp\/v2\/product"}],"about":[{"href":"https:\/\/aromasentia.com\/de\/wp-json\/wp\/v2\/types\/product"}],"replies":[{"embeddable":true,"href":"https:\/\/aromasentia.com\/de\/wp-json\/wp\/v2\/comments?post=241001"}],"version-history":[{"count":0,"href":"https:\/\/aromasentia.com\/de\/wp-json\/wp\/v2\/product\/241001\/revisions"}],"wp:featuredmedia":[{"embeddable":true,"href":"https:\/\/aromasentia.com\/de\/wp-json\/wp\/v2\/media\/276124"}],"wp:attachment":[{"href":"https:\/\/aromasentia.com\/de\/wp-json\/wp\/v2\/media?parent=241001"}],"wp:term":[{"taxonomy":"product_brand","embeddable":true,"href":"https:\/\/aromasentia.com\/de\/wp-json\/wp\/v2\/product_brand?post=241001"},{"taxonomy":"product_cat","embeddable":true,"href":"https:\/\/aromasentia.com\/de\/wp-json\/wp\/v2\/product_cat?post=241001"},{"taxonomy":"product_tag","embeddable":true,"href":"https:\/\/aromasentia.com\/de\/wp-json\/wp\/v2\/product_tag?post=241001"}],"curies":[{"name":"wp","href":"https:\/\/api.w.org\/{rel}","templated":true}]}}