{"id":240969,"date":"2025-03-20T16:24:19","date_gmt":"2025-03-20T16:24:19","guid":{"rendered":"https:\/\/aromasentia.com\/product\/peppermint-tint-green-eo-soap-loaf-1-3kg\/"},"modified":"2025-12-30T20:36:37","modified_gmt":"2025-12-30T20:36:37","slug":"peppermint-tint-green-eo-soap-loaf-1-3kg","status":"publish","type":"product","link":"https:\/\/aromasentia.com\/de\/peppermint-tint-green-eo-soap-loaf-1-3kg\/","title":{"rendered":"Peppermint &#8211; Tint Green &#8211; EO Soap Loaf 1.3kg"},"content":{"rendered":"<p>Treten Sie ein in eine Welt der Verj\u00fcngung und Frische mit unserem <strong>Gro\u00dfhandelsseifenlaib mit \u00e4therischem Pfefferminz\u00f6l.<\/strong> Umh\u00fcllt von einem <strong>zartgr\u00fcnen Farbton<\/strong> ist dieser substanzielle <strong>1.3kg&nbsp;<\/strong>Seifenlaib ist eine erfrischende Erg\u00e4nzung zu Ihrem Baderitual.<\/p>\n<p>Der erfrischende und zeitlose Duft von Pfefferminze macht diesen Seifenlaib zu einem ganzj\u00e4hrigen Favoriten. Er spricht Kunden an, die unabh\u00e4ngig von der Jahreszeit einen Hauch von Frische suchen. Der k\u00fchle gr\u00fcne Farbton unterstreicht nicht nur die \u00c4sthetik Ihrer Verkaufsr\u00e4ume, sondern vermittelt auch die nat\u00fcrlichen und erfrischenden Qualit\u00e4ten des Pfefferminzduftes.<\/p>\n<p>Neben dem anregenden Duft ist unser Gro\u00dfhandelsseifenlaib mit \u00e4therischem Pfefferminz\u00f6l aus hochwertigen Inhaltsstoffen hergestellt, die die Haut <strong>reinigen und erfrischen<\/strong>.Gestalten Sie eine verlockende Auslage in Ihren Verkaufsregalen und laden Sie Ihre Kunden ein, sich von den erfrischenden und verj\u00fcngenden Eigenschaften der Pfefferminze verw\u00f6hnen zu lassen.<\/p>\n","protected":false},"excerpt":{"rendered":"<p>Treten Sie ein in eine Welt der Verj\u00fcngung und Frische mit unserem Gro\u00dfhandelsseifenlaib mit \u00e4therischem Pfefferminz\u00f6l. Umh\u00fcllt von einem zartgr\u00fcnen Farbton ist dieser substanzielle 1.3kg&nbsp;Seifenlaib ist eine erfrischende Erg\u00e4nzung zu Ihrem Baderitual. Der erfrischende und zeitlose Duft von Pfefferminze macht diesen Seifenlaib zu einem ganzj\u00e4hrigen Favoriten. Er spricht Kunden an, die unabh\u00e4ngig von der Jahreszeit [&hellip;]<\/p>\n","protected":false},"featured_media":642393,"comment_status":"closed","ping_status":"open","template":"","meta":[],"product_brand":[],"product_cat":[19448,25841,26875,20589,26336],"product_tag":[],"class_list":{"0":"post-240969","1":"product","2":"type-product","3":"status-publish","4":"has-post-thumbnail","6":"product_cat-bad-und-korper","7":"product_cat-dufte-aromen","8":"product_cat-minzig","9":"product_cat-okologische-seifen","10":"product_cat-pfefferminze","11":"pa_collection-aromatherapy-soap-loaves-1-3-kg-and-slices-de","12":"pa_made-in-vereinigtes-koenigreich","14":"first","15":"instock","16":"purchasable","17":"product-type-simple"},"supplier_id":null,"supplier_sku":"ASoap-05a","barcode":null,"atum_controlled":true,"out_stock_date":null,"out_stock_threshold":null,"inheritable":false,"inbound_stock":null,"stock_on_hold":0,"sold_today":0,"sales_last_days":0,"reserved_stock":null,"customer_returns":null,"warehouse_damage":null,"lost_in_post":null,"other_logs":null,"out_stock_days":0,"lost_sales":0,"has_location":null,"update_date":"2026-01-30T01:24:42","atum_locations":[],"atum_stock_status":"instock","restock_status":false,"low_stock_amount":"","sales_update_date":"2026-01-30T01:24:42","calc_backorders":null,"_links":{"self":[{"href":"https:\/\/aromasentia.com\/de\/wp-json\/wp\/v2\/product\/240969","targetHints":{"allow":["GET"]}}],"collection":[{"href":"https:\/\/aromasentia.com\/de\/wp-json\/wp\/v2\/product"}],"about":[{"href":"https:\/\/aromasentia.com\/de\/wp-json\/wp\/v2\/types\/product"}],"replies":[{"embeddable":true,"href":"https:\/\/aromasentia.com\/de\/wp-json\/wp\/v2\/comments?post=240969"}],"version-history":[{"count":0,"href":"https:\/\/aromasentia.com\/de\/wp-json\/wp\/v2\/product\/240969\/revisions"}],"wp:featuredmedia":[{"embeddable":true,"href":"https:\/\/aromasentia.com\/de\/wp-json\/wp\/v2\/media\/642393"}],"wp:attachment":[{"href":"https:\/\/aromasentia.com\/de\/wp-json\/wp\/v2\/media?parent=240969"}],"wp:term":[{"taxonomy":"product_brand","embeddable":true,"href":"https:\/\/aromasentia.com\/de\/wp-json\/wp\/v2\/product_brand?post=240969"},{"taxonomy":"product_cat","embeddable":true,"href":"https:\/\/aromasentia.com\/de\/wp-json\/wp\/v2\/product_cat?post=240969"},{"taxonomy":"product_tag","embeddable":true,"href":"https:\/\/aromasentia.com\/de\/wp-json\/wp\/v2\/product_tag?post=240969"}],"curies":[{"name":"wp","href":"https:\/\/api.w.org\/{rel}","templated":true}]}}