{"id":240961,"date":"2025-03-20T16:25:36","date_gmt":"2025-03-20T16:25:36","guid":{"rendered":"https:\/\/aromasentia.com\/product\/lemon-meringue-pie-bath-dust-200g\/"},"modified":"2025-12-30T20:36:37","modified_gmt":"2025-12-30T20:36:37","slug":"badepulver-mit-zitronen-baiser-kuchen-200-g","status":"publish","type":"product","link":"https:\/\/aromasentia.com\/de\/badepulver-mit-zitronen-baiser-kuchen-200-g\/","title":{"rendered":"Badepulver mit Zitronen-Baiser-Kuchen, 200 g"},"content":{"rendered":"<p>Verwandeln Sie Ihr Bad in einen s\u00fc\u00dfen Genuss mit Lemon Meringue Pie Bath Dust. Dieser 200-g-Beutel sch\u00e4umt und zischt und verstr\u00f6mt das unwiderstehliche Aroma von pikantem Zitronenquark mit s\u00fc\u00dfem, flauschigem Baiser. Er macht das Wasser weicher und verw\u00f6hnt Ihre Haut mit einem lustigen, duftenden und genussvollen Bad. Streuen Sie es in das warme Wasser und lassen Sie sich von dem beruhigenden, backfrischen Duft umh\u00fcllen, der ein gew\u00f6hnliches Bad in einen k\u00f6stlich verspielten und entspannenden Ausflug verwandelt, der so gut riecht, dass man ihn essen kann.<\/p>\n","protected":false},"excerpt":{"rendered":"<p>Verwandeln Sie Ihr Bad in einen s\u00fc\u00dfen Genuss mit Lemon Meringue Pie Bath Dust. Dieser 200-g-Beutel sch\u00e4umt und zischt und verstr\u00f6mt das unwiderstehliche Aroma von pikantem Zitronenquark mit s\u00fc\u00dfem, flauschigem Baiser. Er macht das Wasser weicher und verw\u00f6hnt Ihre Haut mit einem lustigen, duftenden und genussvollen Bad. Streuen Sie es in das warme Wasser und [&hellip;]<\/p>\n","protected":false},"featured_media":277430,"comment_status":"closed","ping_status":"open","template":"","meta":{"_angie_page":false},"product_brand":[],"product_cat":[19448,20683,25841,26238,26819],"product_tag":[],"class_list":{"0":"post-240961","1":"product","2":"type-product","3":"status-publish","4":"has-post-thumbnail","6":"product_cat-bad-und-korper","7":"product_cat-badekristalle-und-badesalze","8":"product_cat-dufte-aromen","9":"product_cat-zitrone","10":"product_cat-zitrus","11":"pa_collection-bath-dust-190g-de","12":"pa_made-in-vereinigtes-koenigreich","13":"pa_size-200g","15":"first","16":"instock","17":"purchasable","18":"product-type-simple"},"supplier_id":null,"supplier_sku":"BAS-35","barcode":null,"atum_controlled":true,"out_stock_date":null,"out_stock_threshold":null,"inheritable":false,"inbound_stock":null,"stock_on_hold":0,"sold_today":0,"sales_last_days":0,"reserved_stock":null,"customer_returns":null,"warehouse_damage":null,"lost_in_post":null,"other_logs":null,"out_stock_days":0,"lost_sales":0,"has_location":null,"update_date":"2026-04-27T06:53:55","atum_locations":[],"atum_stock_status":"instock","restock_status":false,"low_stock_amount":"","sales_update_date":"2025-10-09T03:25:41","calc_backorders":null,"_links":{"self":[{"href":"https:\/\/aromasentia.com\/de\/wp-json\/wp\/v2\/product\/240961","targetHints":{"allow":["GET"]}}],"collection":[{"href":"https:\/\/aromasentia.com\/de\/wp-json\/wp\/v2\/product"}],"about":[{"href":"https:\/\/aromasentia.com\/de\/wp-json\/wp\/v2\/types\/product"}],"replies":[{"embeddable":true,"href":"https:\/\/aromasentia.com\/de\/wp-json\/wp\/v2\/comments?post=240961"}],"version-history":[{"count":0,"href":"https:\/\/aromasentia.com\/de\/wp-json\/wp\/v2\/product\/240961\/revisions"}],"wp:featuredmedia":[{"embeddable":true,"href":"https:\/\/aromasentia.com\/de\/wp-json\/wp\/v2\/media\/277430"}],"wp:attachment":[{"href":"https:\/\/aromasentia.com\/de\/wp-json\/wp\/v2\/media?parent=240961"}],"wp:term":[{"taxonomy":"product_brand","embeddable":true,"href":"https:\/\/aromasentia.com\/de\/wp-json\/wp\/v2\/product_brand?post=240961"},{"taxonomy":"product_cat","embeddable":true,"href":"https:\/\/aromasentia.com\/de\/wp-json\/wp\/v2\/product_cat?post=240961"},{"taxonomy":"product_tag","embeddable":true,"href":"https:\/\/aromasentia.com\/de\/wp-json\/wp\/v2\/product_tag?post=240961"}],"curies":[{"name":"wp","href":"https:\/\/api.w.org\/{rel}","templated":true}]}}