{"id":240949,"date":"2025-03-20T16:25:36","date_gmt":"2025-03-20T16:25:36","guid":{"rendered":"https:\/\/aromasentia.com\/product\/white-cloud-guest-soap-angel-halo\/"},"modified":"2025-12-30T20:36:29","modified_gmt":"2025-12-30T20:36:29","slug":"weisse-wolke-gaesteseife-engelsduft","status":"publish","type":"product","link":"https:\/\/aromasentia.com\/de\/weisse-wolke-gaesteseife-engelsduft\/","title":{"rendered":"Wei\u00dfe Wolke G\u00e4steseife &#8211; Engelsduft"},"content":{"rendered":"<p>Unsere selbst hergestellten kleinen <strong>Aroma Sentia-pping &nbsp;wei\u00dfen G\u00e4steseifen in Wolkenform<\/strong> sind ein toller Blickfang in Ihrem &nbsp; E-Shop-Angebot. Sie sind farbenfroh und duften herrlich \u2013 <strong>frisch und spritzig<\/strong> \u2013 ideal f\u00fcr B&#038;Bs oder G\u00e4steh\u00e4user oder Kunden, die frische und stilvolle Badezimmeraccessoires lieben.<\/p>\n","protected":false},"excerpt":{"rendered":"<p>Unsere selbst hergestellten kleinen Aroma Sentia-pping &nbsp;wei\u00dfen G\u00e4steseifen in Wolkenform sind ein toller Blickfang in Ihrem &nbsp; E-Shop-Angebot. Sie sind farbenfroh und duften herrlich \u2013 frisch und spritzig \u2013 ideal f\u00fcr B&#038;Bs oder G\u00e4steh\u00e4user oder Kunden, die frische und stilvolle Badezimmeraccessoires lieben.<\/p>\n","protected":false},"featured_media":277339,"comment_status":"closed","ping_status":"open","template":"","meta":{"_angie_page":false},"product_brand":[],"product_cat":[19448,20589],"product_tag":[],"class_list":{"0":"post-240949","1":"product","2":"type-product","3":"status-publish","4":"has-post-thumbnail","6":"product_cat-bad-und-korper","7":"product_cat-okologische-seifen","8":"pa_collection-shaped-guest-soaps-de","9":"pa_made-in-vereinigtes-koenigreich","11":"first","12":"instock","13":"purchasable","14":"product-type-simple"},"supplier_id":null,"supplier_sku":"AWGSoap-15","barcode":null,"atum_controlled":true,"out_stock_date":null,"out_stock_threshold":null,"inheritable":false,"inbound_stock":null,"stock_on_hold":0,"sold_today":0,"sales_last_days":0,"reserved_stock":null,"customer_returns":null,"warehouse_damage":null,"lost_in_post":null,"other_logs":null,"out_stock_days":44,"lost_sales":0,"has_location":null,"update_date":"2026-04-27T06:52:22","atum_locations":[],"atum_stock_status":"instock","restock_status":false,"low_stock_amount":"","sales_update_date":"2026-01-30T01:26:29","calc_backorders":null,"_links":{"self":[{"href":"https:\/\/aromasentia.com\/de\/wp-json\/wp\/v2\/product\/240949","targetHints":{"allow":["GET"]}}],"collection":[{"href":"https:\/\/aromasentia.com\/de\/wp-json\/wp\/v2\/product"}],"about":[{"href":"https:\/\/aromasentia.com\/de\/wp-json\/wp\/v2\/types\/product"}],"replies":[{"embeddable":true,"href":"https:\/\/aromasentia.com\/de\/wp-json\/wp\/v2\/comments?post=240949"}],"version-history":[{"count":0,"href":"https:\/\/aromasentia.com\/de\/wp-json\/wp\/v2\/product\/240949\/revisions"}],"wp:featuredmedia":[{"embeddable":true,"href":"https:\/\/aromasentia.com\/de\/wp-json\/wp\/v2\/media\/277339"}],"wp:attachment":[{"href":"https:\/\/aromasentia.com\/de\/wp-json\/wp\/v2\/media?parent=240949"}],"wp:term":[{"taxonomy":"product_brand","embeddable":true,"href":"https:\/\/aromasentia.com\/de\/wp-json\/wp\/v2\/product_brand?post=240949"},{"taxonomy":"product_cat","embeddable":true,"href":"https:\/\/aromasentia.com\/de\/wp-json\/wp\/v2\/product_cat?post=240949"},{"taxonomy":"product_tag","embeddable":true,"href":"https:\/\/aromasentia.com\/de\/wp-json\/wp\/v2\/product_tag?post=240949"}],"curies":[{"name":"wp","href":"https:\/\/api.w.org\/{rel}","templated":true}]}}