{"id":240913,"date":"2025-03-20T16:25:36","date_gmt":"2025-03-20T16:25:36","guid":{"rendered":"https:\/\/aromasentia.com\/product\/heart-guest-soaps-wild-rose\/"},"modified":"2025-12-30T20:36:29","modified_gmt":"2025-12-30T20:36:29","slug":"herzfoermige-gaesteseifen-wildrose","status":"publish","type":"product","link":"https:\/\/aromasentia.com\/de\/herzfoermige-gaesteseifen-wildrose\/","title":{"rendered":"Herzf\u00f6rmige G\u00e4steseifen &#8211; Wildrose"},"content":{"rendered":"<p>Unsere selbst hergestellten kleinen herzf\u00f6rmigen G\u00e4steseifen sind ein wundersch\u00f6ner Blickfang. Sie sind farbenfroh und duften herrlich \u2013 frisch und spritzig \u2013 ideal f\u00fcr B&#038;Bs oder G\u00e4steh\u00e4user.<\/p>\n<p><\/p>\n<p>G\u00e4steseifen wiegen jeweils ca. 20 Gramm und messen ca. 45 x 40 mm.<\/p>\n<p>Unsere G\u00e4steseifen sind au\u00dferdem SLS- und parabenfrei.<\/p>\n","protected":false},"excerpt":{"rendered":"<p>Unsere selbst hergestellten kleinen herzf\u00f6rmigen G\u00e4steseifen sind ein wundersch\u00f6ner Blickfang. Sie sind farbenfroh und duften herrlich \u2013 frisch und spritzig \u2013 ideal f\u00fcr B&#038;Bs oder G\u00e4steh\u00e4user. G\u00e4steseifen wiegen jeweils ca. 20 Gramm und messen ca. 45 x 40 mm. Unsere G\u00e4steseifen sind au\u00dferdem SLS- und parabenfrei.<\/p>\n","protected":false},"featured_media":276793,"comment_status":"closed","ping_status":"open","template":"","meta":{"_angie_page":false},"product_brand":[],"product_cat":[19448,26833,25841,20589,26370],"product_tag":[],"class_list":{"0":"post-240913","1":"product","2":"type-product","3":"status-publish","4":"has-post-thumbnail","6":"product_cat-bad-und-korper","7":"product_cat-blumig","8":"product_cat-dufte-aromen","9":"product_cat-okologische-seifen","10":"product_cat-rosen","11":"pa_collection-shaped-guest-soaps-de","12":"pa_made-in-vereinigtes-koenigreich","14":"first","15":"instock","16":"purchasable","17":"product-type-simple"},"supplier_id":null,"supplier_sku":"AWGSoap-02","barcode":null,"atum_controlled":true,"out_stock_date":null,"out_stock_threshold":null,"inheritable":false,"inbound_stock":null,"stock_on_hold":0,"sold_today":0,"sales_last_days":0,"reserved_stock":null,"customer_returns":null,"warehouse_damage":null,"lost_in_post":null,"other_logs":null,"out_stock_days":0,"lost_sales":0,"has_location":null,"update_date":"2026-04-27T06:52:22","atum_locations":[],"atum_stock_status":"instock","restock_status":false,"low_stock_amount":"","sales_update_date":"2026-02-06T00:01:52","calc_backorders":null,"_links":{"self":[{"href":"https:\/\/aromasentia.com\/de\/wp-json\/wp\/v2\/product\/240913","targetHints":{"allow":["GET"]}}],"collection":[{"href":"https:\/\/aromasentia.com\/de\/wp-json\/wp\/v2\/product"}],"about":[{"href":"https:\/\/aromasentia.com\/de\/wp-json\/wp\/v2\/types\/product"}],"replies":[{"embeddable":true,"href":"https:\/\/aromasentia.com\/de\/wp-json\/wp\/v2\/comments?post=240913"}],"version-history":[{"count":0,"href":"https:\/\/aromasentia.com\/de\/wp-json\/wp\/v2\/product\/240913\/revisions"}],"wp:featuredmedia":[{"embeddable":true,"href":"https:\/\/aromasentia.com\/de\/wp-json\/wp\/v2\/media\/276793"}],"wp:attachment":[{"href":"https:\/\/aromasentia.com\/de\/wp-json\/wp\/v2\/media?parent=240913"}],"wp:term":[{"taxonomy":"product_brand","embeddable":true,"href":"https:\/\/aromasentia.com\/de\/wp-json\/wp\/v2\/product_brand?post=240913"},{"taxonomy":"product_cat","embeddable":true,"href":"https:\/\/aromasentia.com\/de\/wp-json\/wp\/v2\/product_cat?post=240913"},{"taxonomy":"product_tag","embeddable":true,"href":"https:\/\/aromasentia.com\/de\/wp-json\/wp\/v2\/product_tag?post=240913"}],"curies":[{"name":"wp","href":"https:\/\/api.w.org\/{rel}","templated":true}]}}