{"id":240905,"date":"2025-03-20T16:25:36","date_gmt":"2025-03-20T16:25:36","guid":{"rendered":"https:\/\/aromasentia.com\/product\/oriental-musk-bath-dust-200g\/"},"modified":"2025-12-30T20:36:22","modified_gmt":"2025-12-30T20:36:22","slug":"badepulver-mit-orientalischer-moschus-200-g","status":"publish","type":"product","link":"https:\/\/aromasentia.com\/de\/badepulver-mit-orientalischer-moschus-200-g\/","title":{"rendered":"Badepulver mit Orientalischer Moschus 200 g"},"content":{"rendered":"<p>Tauchen Sie ein in ein exotisches, sinnliches Bad mit Orientalischem Moschus Badestaub. Dieser 200-g-Beutel mit duftendem Pulver l\u00f6st sich auf und setzt ein reichhaltiges, warmes und geheimnisvolles Moschusaroma frei, das m\u00f6glicherweise mit subtilen Gew\u00fcrzen oder Bernsteinnoten vermischt ist. Es sorgt f\u00fcr ein zutiefst entspannendes und opulentes Badeerlebnis, macht das Wasser weicher und hinterl\u00e4sst ein glattes, verf\u00fchrerisch duftendes Hautgef\u00fchl. Perfekt, um die Seele baumeln zu lassen und die Sinne zu verw\u00f6hnen, verwandelt es Ihr Bad in eine luxuri\u00f6se Flucht in ferne, mystische L\u00e4nder.<\/p>\n","protected":false},"excerpt":{"rendered":"<p>Tauchen Sie ein in ein exotisches, sinnliches Bad mit Orientalischem Moschus Badestaub. Dieser 200-g-Beutel mit duftendem Pulver l\u00f6st sich auf und setzt ein reichhaltiges, warmes und geheimnisvolles Moschusaroma frei, das m\u00f6glicherweise mit subtilen Gew\u00fcrzen oder Bernsteinnoten vermischt ist. Es sorgt f\u00fcr ein zutiefst entspannendes und opulentes Badeerlebnis, macht das Wasser weicher und hinterl\u00e4sst ein glattes, [&hellip;]<\/p>\n","protected":false},"featured_media":277628,"comment_status":"closed","ping_status":"open","template":"","meta":{"_angie_page":false},"product_brand":[],"product_cat":[19448,20683],"product_tag":[],"class_list":{"0":"post-240905","1":"product","2":"type-product","3":"status-publish","4":"has-post-thumbnail","6":"product_cat-bad-und-korper","7":"product_cat-badekristalle-und-badesalze","8":"pa_collection-bath-dust-190g-de","9":"pa_made-in-vereinigtes-koenigreich","10":"pa_size-200g","12":"first","13":"instock","14":"purchasable","15":"product-type-simple"},"supplier_id":null,"supplier_sku":"BAS-29","barcode":null,"atum_controlled":true,"out_stock_date":null,"out_stock_threshold":null,"inheritable":false,"inbound_stock":null,"stock_on_hold":0,"sold_today":0,"sales_last_days":0,"reserved_stock":null,"customer_returns":null,"warehouse_damage":null,"lost_in_post":null,"other_logs":null,"out_stock_days":33,"lost_sales":0,"has_location":null,"update_date":"2026-04-27T06:53:55","atum_locations":[],"atum_stock_status":"instock","restock_status":false,"low_stock_amount":"","sales_update_date":"2026-01-20T05:14:46","calc_backorders":null,"_links":{"self":[{"href":"https:\/\/aromasentia.com\/de\/wp-json\/wp\/v2\/product\/240905","targetHints":{"allow":["GET"]}}],"collection":[{"href":"https:\/\/aromasentia.com\/de\/wp-json\/wp\/v2\/product"}],"about":[{"href":"https:\/\/aromasentia.com\/de\/wp-json\/wp\/v2\/types\/product"}],"replies":[{"embeddable":true,"href":"https:\/\/aromasentia.com\/de\/wp-json\/wp\/v2\/comments?post=240905"}],"version-history":[{"count":0,"href":"https:\/\/aromasentia.com\/de\/wp-json\/wp\/v2\/product\/240905\/revisions"}],"wp:featuredmedia":[{"embeddable":true,"href":"https:\/\/aromasentia.com\/de\/wp-json\/wp\/v2\/media\/277628"}],"wp:attachment":[{"href":"https:\/\/aromasentia.com\/de\/wp-json\/wp\/v2\/media?parent=240905"}],"wp:term":[{"taxonomy":"product_brand","embeddable":true,"href":"https:\/\/aromasentia.com\/de\/wp-json\/wp\/v2\/product_brand?post=240905"},{"taxonomy":"product_cat","embeddable":true,"href":"https:\/\/aromasentia.com\/de\/wp-json\/wp\/v2\/product_cat?post=240905"},{"taxonomy":"product_tag","embeddable":true,"href":"https:\/\/aromasentia.com\/de\/wp-json\/wp\/v2\/product_tag?post=240905"}],"curies":[{"name":"wp","href":"https:\/\/api.w.org\/{rel}","templated":true}]}}