{"id":240901,"date":"2025-03-20T16:25:36","date_gmt":"2025-03-20T16:25:36","guid":{"rendered":"https:\/\/aromasentia.com\/product\/raspberry-black-pepper-bath-dust-200g\/"},"modified":"2025-12-30T20:36:22","modified_gmt":"2025-12-30T20:36:22","slug":"badepulver-mit-himbeere-und-schwarzem-pfeffer-200-g","status":"publish","type":"product","link":"https:\/\/aromasentia.com\/de\/badepulver-mit-himbeere-und-schwarzem-pfeffer-200-g\/","title":{"rendered":"Badepulver mit Himbeere und schwarzem Pfeffer, 200 g"},"content":{"rendered":"<h6><strong>Gro\u00dfhandel Raspberry &amp; Black Pepper Bath Dust 190g:&nbsp;<\/strong><\/h6>\n<p>Verwandeln Sie gew\u00f6hnliche B\u00e4der in au\u00dfergew\u00f6hnliche Erfahrungen mit<strong>&nbsp;Ancient Wisdom Bath Dust.&nbsp;<\/strong>Durchdrungen von den verlockenden D\u00fcften reifer<strong><span style=\"color: rgb(209, 72, 65);\">&nbsp;Himbeeren<\/span><\/strong> und belebender<strong><span style=\"color: rgb(0, 0, 0);\">&nbsp;schwarzer Pfeffer,<\/span><\/strong> bringt diese luxuri\u00f6se Mischung das Baden auf ein ganz neues Niveau.<\/p>\n<p>Aber das Besondere an diesem Badestaub ist der Zusatz von <strong>Shea Butter<\/strong>, einem nat\u00fcrlichen Wunder f\u00fcr die Haut. W\u00e4hrend Ihre Kunden in das duftende Wasser eintauchen, entfaltet die Sheabutter ihre magische Wirkung und hinterl\u00e4sst ein besonders weiches, hydratisiertes und gen\u00e4hrtes Hautgef\u00fchl.<\/p>\n<p>Perfekt geeignet f\u00fcr Boutiquen und Spa-Einzelh\u00e4ndler, die ihre Kunden mit einem wirklich einzigartigen und belebenden Badeerlebnis begeistern wollen. Machen Sie die Badezeit Ihrer Kunden zu einem Moment purer Gl\u00fcckseligkeit.<\/p>\n<p><strong>Bestellen Sie noch heute, um dieses Must-Have-Produkt in Ihren Regalen zu haben.<\/strong><\/p>\n","protected":false},"excerpt":{"rendered":"<p>Gro\u00dfhandel Raspberry &amp; Black Pepper Bath Dust 190g:&nbsp; Verwandeln Sie gew\u00f6hnliche B\u00e4der in au\u00dfergew\u00f6hnliche Erfahrungen mit&nbsp;Ancient Wisdom Bath Dust.&nbsp;Durchdrungen von den verlockenden D\u00fcften reifer&nbsp;Himbeeren und belebender&nbsp;schwarzer Pfeffer, bringt diese luxuri\u00f6se Mischung das Baden auf ein ganz neues Niveau. Aber das Besondere an diesem Badestaub ist der Zusatz von Shea Butter, einem nat\u00fcrlichen Wunder f\u00fcr die [&hellip;]<\/p>\n","protected":false},"featured_media":277595,"comment_status":"closed","ping_status":"open","template":"","meta":{"_angie_page":false},"product_brand":[],"product_cat":[19448,20683],"product_tag":[],"class_list":{"0":"post-240901","1":"product","2":"type-product","3":"status-publish","4":"has-post-thumbnail","6":"product_cat-bad-und-korper","7":"product_cat-badekristalle-und-badesalze","8":"pa_collection-bath-dust-190g-de","9":"pa_made-in-vereinigtes-koenigreich","10":"pa_size-200g","12":"first","13":"instock","14":"purchasable","15":"product-type-simple"},"supplier_id":null,"supplier_sku":"BAS-30","barcode":null,"atum_controlled":true,"out_stock_date":null,"out_stock_threshold":null,"inheritable":false,"inbound_stock":null,"stock_on_hold":0,"sold_today":0,"sales_last_days":0,"reserved_stock":null,"customer_returns":null,"warehouse_damage":null,"lost_in_post":null,"other_logs":null,"out_stock_days":0,"lost_sales":0,"has_location":null,"update_date":"2026-04-29T06:53:35","atum_locations":[],"atum_stock_status":"instock","restock_status":false,"low_stock_amount":"","sales_update_date":"2026-01-20T05:14:00","calc_backorders":null,"_links":{"self":[{"href":"https:\/\/aromasentia.com\/de\/wp-json\/wp\/v2\/product\/240901","targetHints":{"allow":["GET"]}}],"collection":[{"href":"https:\/\/aromasentia.com\/de\/wp-json\/wp\/v2\/product"}],"about":[{"href":"https:\/\/aromasentia.com\/de\/wp-json\/wp\/v2\/types\/product"}],"replies":[{"embeddable":true,"href":"https:\/\/aromasentia.com\/de\/wp-json\/wp\/v2\/comments?post=240901"}],"version-history":[{"count":0,"href":"https:\/\/aromasentia.com\/de\/wp-json\/wp\/v2\/product\/240901\/revisions"}],"wp:featuredmedia":[{"embeddable":true,"href":"https:\/\/aromasentia.com\/de\/wp-json\/wp\/v2\/media\/277595"}],"wp:attachment":[{"href":"https:\/\/aromasentia.com\/de\/wp-json\/wp\/v2\/media?parent=240901"}],"wp:term":[{"taxonomy":"product_brand","embeddable":true,"href":"https:\/\/aromasentia.com\/de\/wp-json\/wp\/v2\/product_brand?post=240901"},{"taxonomy":"product_cat","embeddable":true,"href":"https:\/\/aromasentia.com\/de\/wp-json\/wp\/v2\/product_cat?post=240901"},{"taxonomy":"product_tag","embeddable":true,"href":"https:\/\/aromasentia.com\/de\/wp-json\/wp\/v2\/product_tag?post=240901"}],"curies":[{"name":"wp","href":"https:\/\/api.w.org\/{rel}","templated":true}]}}