{"id":240893,"date":"2025-03-20T16:25:36","date_gmt":"2025-03-20T16:25:36","guid":{"rendered":"https:\/\/aromasentia.com\/product\/strawberry-pavlova-bath-dust-200g\/"},"modified":"2025-12-30T20:36:22","modified_gmt":"2025-12-30T20:36:22","slug":"badepulver-mit-erdbeer-pavlova-200g","status":"publish","type":"product","link":"https:\/\/aromasentia.com\/de\/badepulver-mit-erdbeer-pavlova-200g\/","title":{"rendered":"Badepulver mit Erdbeer-Pavlova 200g"},"content":{"rendered":"<p>Genie\u00dfen Sie ein raffiniertes, fruchtiges Bad mit Strawberry Pavlova Bath Dust. Dieser 200-g-Beutel mit duftendem Sprudel f\u00e4ngt die k\u00f6stliche Essenz von s\u00fc\u00dfen, reifen Erdbeeren, leichtem Baiser und einem Hauch von cremiger Vanille ein. Wenn er sich aufl\u00f6st, verstr\u00f6mt er ein elegantes und beruhigendes Aroma, das Ihr Badewasser weicher macht und Ihre Haut verw\u00f6hnt und zart duften l\u00e4sst. Streuen Sie es in das warme Wasser und genie\u00dfen Sie ein wahrhaft k\u00f6stliches Erlebnis, das an ein klassisches, geliebtes Dessert erinnert und Ihr Bad zu einem luxuri\u00f6sen Genuss macht.<\/p>\n","protected":false},"excerpt":{"rendered":"<p>Genie\u00dfen Sie ein raffiniertes, fruchtiges Bad mit Strawberry Pavlova Bath Dust. Dieser 200-g-Beutel mit duftendem Sprudel f\u00e4ngt die k\u00f6stliche Essenz von s\u00fc\u00dfen, reifen Erdbeeren, leichtem Baiser und einem Hauch von cremiger Vanille ein. Wenn er sich aufl\u00f6st, verstr\u00f6mt er ein elegantes und beruhigendes Aroma, das Ihr Badewasser weicher macht und Ihre Haut verw\u00f6hnt und zart [&hellip;]<\/p>\n","protected":false},"featured_media":277529,"comment_status":"closed","ping_status":"open","template":"","meta":{"_angie_page":false},"product_brand":[],"product_cat":[19448,20683,25841,26529,26847],"product_tag":[],"class_list":{"0":"post-240893","1":"product","2":"type-product","3":"status-publish","4":"has-post-thumbnail","6":"product_cat-bad-und-korper","7":"product_cat-badekristalle-und-badesalze","8":"product_cat-dufte-aromen","9":"product_cat-erdbeere","10":"product_cat-fruchtig","11":"pa_collection-bath-dust-190g-de","12":"pa_made-in-vereinigtes-koenigreich","13":"pa_size-200g","15":"first","16":"instock","17":"purchasable","18":"product-type-simple"},"supplier_id":null,"supplier_sku":"BAS-32","barcode":null,"atum_controlled":true,"out_stock_date":null,"out_stock_threshold":null,"inheritable":false,"inbound_stock":null,"stock_on_hold":0,"sold_today":0,"sales_last_days":0,"reserved_stock":null,"customer_returns":null,"warehouse_damage":null,"lost_in_post":null,"other_logs":null,"out_stock_days":0,"lost_sales":0,"has_location":null,"update_date":"2026-04-27T06:53:55","atum_locations":[],"atum_stock_status":"instock","restock_status":false,"low_stock_amount":"","sales_update_date":"2025-10-09T03:25:40","calc_backorders":null,"_links":{"self":[{"href":"https:\/\/aromasentia.com\/de\/wp-json\/wp\/v2\/product\/240893","targetHints":{"allow":["GET"]}}],"collection":[{"href":"https:\/\/aromasentia.com\/de\/wp-json\/wp\/v2\/product"}],"about":[{"href":"https:\/\/aromasentia.com\/de\/wp-json\/wp\/v2\/types\/product"}],"replies":[{"embeddable":true,"href":"https:\/\/aromasentia.com\/de\/wp-json\/wp\/v2\/comments?post=240893"}],"version-history":[{"count":0,"href":"https:\/\/aromasentia.com\/de\/wp-json\/wp\/v2\/product\/240893\/revisions"}],"wp:featuredmedia":[{"embeddable":true,"href":"https:\/\/aromasentia.com\/de\/wp-json\/wp\/v2\/media\/277529"}],"wp:attachment":[{"href":"https:\/\/aromasentia.com\/de\/wp-json\/wp\/v2\/media?parent=240893"}],"wp:term":[{"taxonomy":"product_brand","embeddable":true,"href":"https:\/\/aromasentia.com\/de\/wp-json\/wp\/v2\/product_brand?post=240893"},{"taxonomy":"product_cat","embeddable":true,"href":"https:\/\/aromasentia.com\/de\/wp-json\/wp\/v2\/product_cat?post=240893"},{"taxonomy":"product_tag","embeddable":true,"href":"https:\/\/aromasentia.com\/de\/wp-json\/wp\/v2\/product_tag?post=240893"}],"curies":[{"name":"wp","href":"https:\/\/api.w.org\/{rel}","templated":true}]}}