{"id":240889,"date":"2025-03-20T16:25:36","date_gmt":"2025-03-20T16:25:36","guid":{"rendered":"https:\/\/aromasentia.com\/product\/tutti-fruiti-bath-dust-200g\/"},"modified":"2025-12-30T20:36:22","modified_gmt":"2025-12-30T20:36:22","slug":"badepulver-mit-tutti-fruiti-200g","status":"publish","type":"product","link":"https:\/\/aromasentia.com\/de\/badepulver-mit-tutti-fruiti-200g\/","title":{"rendered":"Badepulver mit Tutti Fruiti 200g"},"content":{"rendered":"<p>Kreieren Sie mit Tutti Fruiti Bath Dust ein lebhaftes, fruchtiges Bad. Dieser verspielte 200-g-Beutel entfaltet ein Kaleidoskop s\u00fc\u00dfer, saftiger Fruchtd\u00fcfte, wenn er in warmes Wasser gestreut wird. Stellen Sie sich eine k\u00f6stliche Mischung aus Ihren Lieblingsfr\u00fcchten vor, die ein lustiges, anregendes und belebendes Badeerlebnis schafft. Es macht das Wasser weich und sorgt f\u00fcr eine fr\u00f6hliche Farb- und Duftwolke, so dass sich Ihre Haut weich anf\u00fchlt und herrlich fruchtig duftet. Eine perfekte M\u00f6glichkeit, Ihre Selbstpflege-Routine mit etwas spielerischem Genuss zu bereichern.<\/p>\n","protected":false},"excerpt":{"rendered":"<p>Kreieren Sie mit Tutti Fruiti Bath Dust ein lebhaftes, fruchtiges Bad. Dieser verspielte 200-g-Beutel entfaltet ein Kaleidoskop s\u00fc\u00dfer, saftiger Fruchtd\u00fcfte, wenn er in warmes Wasser gestreut wird. Stellen Sie sich eine k\u00f6stliche Mischung aus Ihren Lieblingsfr\u00fcchten vor, die ein lustiges, anregendes und belebendes Badeerlebnis schafft. Es macht das Wasser weich und sorgt f\u00fcr eine fr\u00f6hliche [&hellip;]<\/p>\n","protected":false},"featured_media":277496,"comment_status":"closed","ping_status":"open","template":"","meta":{"_angie_page":false},"product_brand":[],"product_cat":[19448,20683],"product_tag":[],"class_list":{"0":"post-240889","1":"product","2":"type-product","3":"status-publish","4":"has-post-thumbnail","6":"product_cat-bad-und-korper","7":"product_cat-badekristalle-und-badesalze","8":"pa_collection-bath-dust-190g-de","9":"pa_made-in-vereinigtes-koenigreich","10":"pa_size-200g","12":"first","13":"instock","14":"purchasable","15":"product-type-simple"},"supplier_id":null,"supplier_sku":"BAS-33","barcode":null,"atum_controlled":true,"out_stock_date":null,"out_stock_threshold":null,"inheritable":false,"inbound_stock":null,"stock_on_hold":0,"sold_today":0,"sales_last_days":0,"reserved_stock":null,"customer_returns":null,"warehouse_damage":null,"lost_in_post":null,"other_logs":null,"out_stock_days":0,"lost_sales":0,"has_location":null,"update_date":"2026-04-27T06:53:55","atum_locations":[],"atum_stock_status":"instock","restock_status":false,"low_stock_amount":"","sales_update_date":"2025-10-09T03:25:40","calc_backorders":null,"_links":{"self":[{"href":"https:\/\/aromasentia.com\/de\/wp-json\/wp\/v2\/product\/240889","targetHints":{"allow":["GET"]}}],"collection":[{"href":"https:\/\/aromasentia.com\/de\/wp-json\/wp\/v2\/product"}],"about":[{"href":"https:\/\/aromasentia.com\/de\/wp-json\/wp\/v2\/types\/product"}],"replies":[{"embeddable":true,"href":"https:\/\/aromasentia.com\/de\/wp-json\/wp\/v2\/comments?post=240889"}],"version-history":[{"count":0,"href":"https:\/\/aromasentia.com\/de\/wp-json\/wp\/v2\/product\/240889\/revisions"}],"wp:featuredmedia":[{"embeddable":true,"href":"https:\/\/aromasentia.com\/de\/wp-json\/wp\/v2\/media\/277496"}],"wp:attachment":[{"href":"https:\/\/aromasentia.com\/de\/wp-json\/wp\/v2\/media?parent=240889"}],"wp:term":[{"taxonomy":"product_brand","embeddable":true,"href":"https:\/\/aromasentia.com\/de\/wp-json\/wp\/v2\/product_brand?post=240889"},{"taxonomy":"product_cat","embeddable":true,"href":"https:\/\/aromasentia.com\/de\/wp-json\/wp\/v2\/product_cat?post=240889"},{"taxonomy":"product_tag","embeddable":true,"href":"https:\/\/aromasentia.com\/de\/wp-json\/wp\/v2\/product_tag?post=240889"}],"curies":[{"name":"wp","href":"https:\/\/api.w.org\/{rel}","templated":true}]}}