{"id":240885,"date":"2025-03-20T16:25:36","date_gmt":"2025-03-20T16:25:36","guid":{"rendered":"https:\/\/aromasentia.com\/product\/banoffee-pie-bath-dust-200g\/"},"modified":"2025-12-30T20:36:22","modified_gmt":"2025-12-30T20:36:22","slug":"badepulver-mit-banoffee-pie-200g","status":"publish","type":"product","link":"https:\/\/aromasentia.com\/de\/badepulver-mit-banoffee-pie-200g\/","title":{"rendered":"Badepulver mit Banoffee Pie, 200g"},"content":{"rendered":"<p>G\u00f6nnen Sie sich ein dekadentes Badeerlebnis mit Banoffee Pie Bath Dust. Dieser 200-g-Beutel mit duftendem Sprudel verstr\u00f6mt beim Aufl\u00f6sen in der Badewanne das beruhigende und k\u00f6stliche Aroma von s\u00fc\u00dfen Bananen, cremigem Toffee und einem Hauch von Biskuitboden. Es macht das Wasser weicher und hinterl\u00e4sst ein seidig-weiches Hautgef\u00fchl und einen k\u00f6stlichen Duft. Streuen Sie es in das warme Wasser, um einen wahrhaft beruhigenden und nostalgischen Moment zu erleben, und verwandeln Sie Ihre Badewanne in einen s\u00fc\u00dfen, cremigen und \u00e4u\u00dferst entspannenden Ort, der von Desserts inspiriert ist.<\/p>\n","protected":false},"excerpt":{"rendered":"<p>G\u00f6nnen Sie sich ein dekadentes Badeerlebnis mit Banoffee Pie Bath Dust. Dieser 200-g-Beutel mit duftendem Sprudel verstr\u00f6mt beim Aufl\u00f6sen in der Badewanne das beruhigende und k\u00f6stliche Aroma von s\u00fc\u00dfen Bananen, cremigem Toffee und einem Hauch von Biskuitboden. Es macht das Wasser weicher und hinterl\u00e4sst ein seidig-weiches Hautgef\u00fchl und einen k\u00f6stlichen Duft. Streuen Sie es in [&hellip;]<\/p>\n","protected":false},"featured_media":277463,"comment_status":"closed","ping_status":"open","template":"","meta":{"_angie_page":false},"product_brand":[],"product_cat":[19448,20683],"product_tag":[],"class_list":{"0":"post-240885","1":"product","2":"type-product","3":"status-publish","4":"has-post-thumbnail","6":"product_cat-bad-und-korper","7":"product_cat-badekristalle-und-badesalze","8":"pa_collection-bath-dust-190g-de","9":"pa_made-in-vereinigtes-koenigreich","10":"pa_size-200g","12":"first","13":"instock","14":"purchasable","15":"product-type-simple"},"supplier_id":null,"supplier_sku":"BAS-34","barcode":null,"atum_controlled":true,"out_stock_date":null,"out_stock_threshold":null,"inheritable":false,"inbound_stock":null,"stock_on_hold":0,"sold_today":0,"sales_last_days":0,"reserved_stock":null,"customer_returns":null,"warehouse_damage":null,"lost_in_post":null,"other_logs":null,"out_stock_days":0,"lost_sales":0,"has_location":null,"update_date":"2026-04-27T06:53:55","atum_locations":[],"atum_stock_status":"instock","restock_status":false,"low_stock_amount":"","sales_update_date":"2026-02-06T00:02:54","calc_backorders":null,"_links":{"self":[{"href":"https:\/\/aromasentia.com\/de\/wp-json\/wp\/v2\/product\/240885","targetHints":{"allow":["GET"]}}],"collection":[{"href":"https:\/\/aromasentia.com\/de\/wp-json\/wp\/v2\/product"}],"about":[{"href":"https:\/\/aromasentia.com\/de\/wp-json\/wp\/v2\/types\/product"}],"replies":[{"embeddable":true,"href":"https:\/\/aromasentia.com\/de\/wp-json\/wp\/v2\/comments?post=240885"}],"version-history":[{"count":0,"href":"https:\/\/aromasentia.com\/de\/wp-json\/wp\/v2\/product\/240885\/revisions"}],"wp:featuredmedia":[{"embeddable":true,"href":"https:\/\/aromasentia.com\/de\/wp-json\/wp\/v2\/media\/277463"}],"wp:attachment":[{"href":"https:\/\/aromasentia.com\/de\/wp-json\/wp\/v2\/media?parent=240885"}],"wp:term":[{"taxonomy":"product_brand","embeddable":true,"href":"https:\/\/aromasentia.com\/de\/wp-json\/wp\/v2\/product_brand?post=240885"},{"taxonomy":"product_cat","embeddable":true,"href":"https:\/\/aromasentia.com\/de\/wp-json\/wp\/v2\/product_cat?post=240885"},{"taxonomy":"product_tag","embeddable":true,"href":"https:\/\/aromasentia.com\/de\/wp-json\/wp\/v2\/product_tag?post=240885"}],"curies":[{"name":"wp","href":"https:\/\/api.w.org\/{rel}","templated":true}]}}