{"id":240869,"date":"2025-03-20T16:27:39","date_gmt":"2025-03-20T16:27:39","guid":{"rendered":"https:\/\/aromasentia.com\/product\/baby-powder-bath-dust-200g\/"},"modified":"2025-12-30T20:36:14","modified_gmt":"2025-12-30T20:36:14","slug":"badepulver-mit-babypuder-200g","status":"publish","type":"product","link":"https:\/\/aromasentia.com\/de\/badepulver-mit-babypuder-200g\/","title":{"rendered":"Badepulver mit Babypuder 200g"},"content":{"rendered":"<p>Genie\u00dfen Sie den sanften, beruhigenden Duft von Baby Powder Bath Dust. Dieser 200g-Beutel mit weichem Sprudel verstr\u00f6mt das klassische, saubere und beruhigende Aroma, das man mit Babypuder assoziiert, oft mit Noten von Talkum, subtilen Blumen und einem Hauch von S\u00fc\u00dfe. Es schafft ein zutiefst beruhigendes und nostalgisches Badeerlebnis, macht das Wasser weich und hinterl\u00e4sst ein unglaublich weiches und zart parf\u00fcmiertes Hautgef\u00fchl. Perfekt f\u00fcr ein entspannendes Bad, das Gef\u00fchle von Reinheit, Komfort und sanfter Pflege hervorruft.<\/p>\n","protected":false},"excerpt":{"rendered":"<p>Genie\u00dfen Sie den sanften, beruhigenden Duft von Baby Powder Bath Dust. Dieser 200g-Beutel mit weichem Sprudel verstr\u00f6mt das klassische, saubere und beruhigende Aroma, das man mit Babypuder assoziiert, oft mit Noten von Talkum, subtilen Blumen und einem Hauch von S\u00fc\u00dfe. Es schafft ein zutiefst beruhigendes und nostalgisches Badeerlebnis, macht das Wasser weich und hinterl\u00e4sst ein [&hellip;]<\/p>\n","protected":false},"featured_media":278181,"comment_status":"closed","ping_status":"open","template":"","meta":{"_angie_page":false},"product_brand":[],"product_cat":[19448,20683],"product_tag":[],"class_list":{"0":"post-240869","1":"product","2":"type-product","3":"status-publish","4":"has-post-thumbnail","6":"product_cat-bad-und-korper","7":"product_cat-badekristalle-und-badesalze","8":"pa_collection-bath-dust-190g-de","9":"pa_made-in-vereinigtes-koenigreich","10":"pa_size-200g","12":"first","13":"instock","14":"purchasable","15":"product-type-simple"},"supplier_id":null,"supplier_sku":"BAS-10","barcode":null,"atum_controlled":true,"out_stock_date":null,"out_stock_threshold":null,"inheritable":false,"inbound_stock":null,"stock_on_hold":0,"sold_today":0,"sales_last_days":0,"reserved_stock":null,"customer_returns":null,"warehouse_damage":null,"lost_in_post":null,"other_logs":null,"out_stock_days":0,"lost_sales":0,"has_location":null,"update_date":"2026-05-08T05:04:57","atum_locations":[],"atum_stock_status":"instock","restock_status":false,"low_stock_amount":"","sales_update_date":"2026-02-06T00:01:59","calc_backorders":null,"_links":{"self":[{"href":"https:\/\/aromasentia.com\/de\/wp-json\/wp\/v2\/product\/240869","targetHints":{"allow":["GET"]}}],"collection":[{"href":"https:\/\/aromasentia.com\/de\/wp-json\/wp\/v2\/product"}],"about":[{"href":"https:\/\/aromasentia.com\/de\/wp-json\/wp\/v2\/types\/product"}],"replies":[{"embeddable":true,"href":"https:\/\/aromasentia.com\/de\/wp-json\/wp\/v2\/comments?post=240869"}],"version-history":[{"count":0,"href":"https:\/\/aromasentia.com\/de\/wp-json\/wp\/v2\/product\/240869\/revisions"}],"wp:featuredmedia":[{"embeddable":true,"href":"https:\/\/aromasentia.com\/de\/wp-json\/wp\/v2\/media\/278181"}],"wp:attachment":[{"href":"https:\/\/aromasentia.com\/de\/wp-json\/wp\/v2\/media?parent=240869"}],"wp:term":[{"taxonomy":"product_brand","embeddable":true,"href":"https:\/\/aromasentia.com\/de\/wp-json\/wp\/v2\/product_brand?post=240869"},{"taxonomy":"product_cat","embeddable":true,"href":"https:\/\/aromasentia.com\/de\/wp-json\/wp\/v2\/product_cat?post=240869"},{"taxonomy":"product_tag","embeddable":true,"href":"https:\/\/aromasentia.com\/de\/wp-json\/wp\/v2\/product_tag?post=240869"}],"curies":[{"name":"wp","href":"https:\/\/api.w.org\/{rel}","templated":true}]}}