{"id":240861,"date":"2025-03-20T16:27:39","date_gmt":"2025-03-20T16:27:39","guid":{"rendered":"https:\/\/aromasentia.com\/product\/tangerine-grapefruit-bath-dust-200g\/"},"modified":"2025-12-30T20:36:14","modified_gmt":"2025-12-30T20:36:14","slug":"badepulver-mit-mandarine-und-grapefruit-200-g","status":"publish","type":"product","link":"https:\/\/aromasentia.com\/de\/badepulver-mit-mandarine-und-grapefruit-200-g\/","title":{"rendered":"Badepulver mit Mandarine und Grapefruit, 200 g"},"content":{"rendered":"<p>Beleben Sie Ihr Bad mit der lebendigen Sch\u00e4rfe von Tangerine &#038; Grapefruit Bath Dust. Dieser belebende 200-g-Beutel kombiniert die s\u00fc\u00dfen, fr\u00f6hlichen Noten der Mandarine mit dem spritzigen, belebenden Aroma der Grapefruit. Wenn er sich aufl\u00f6st, wird ein erfrischender Zitrusduft freigesetzt, der die Sinne belebt und die Stimmung aufhellt. Es macht das Wasser weich und hinterl\u00e4sst ein belebtes Hautgef\u00fchl mit einem spritzigen, sauberen Duft, perfekt f\u00fcr einen morgendlichen Energieschub oder einen energetischen Muntermacher.<\/p>\n","protected":false},"excerpt":{"rendered":"<p>Beleben Sie Ihr Bad mit der lebendigen Sch\u00e4rfe von Tangerine &#038; Grapefruit Bath Dust. Dieser belebende 200-g-Beutel kombiniert die s\u00fc\u00dfen, fr\u00f6hlichen Noten der Mandarine mit dem spritzigen, belebenden Aroma der Grapefruit. Wenn er sich aufl\u00f6st, wird ein erfrischender Zitrusduft freigesetzt, der die Sinne belebt und die Stimmung aufhellt. Es macht das Wasser weich und hinterl\u00e4sst [&hellip;]<\/p>\n","protected":false},"featured_media":278115,"comment_status":"closed","ping_status":"open","template":"","meta":{"_angie_page":false},"product_brand":[],"product_cat":[19448,20683,25841,26204,26401,26819],"product_tag":[],"class_list":{"0":"post-240861","1":"product","2":"type-product","3":"status-publish","4":"has-post-thumbnail","6":"product_cat-bad-und-korper","7":"product_cat-badekristalle-und-badesalze","8":"product_cat-dufte-aromen","9":"product_cat-grapefruit","10":"product_cat-tangerine","11":"product_cat-zitrus","12":"pa_collection-bath-dust-190g-de","13":"pa_made-in-vereinigtes-koenigreich","14":"pa_size-200g","16":"first","17":"instock","18":"purchasable","19":"product-type-simple"},"supplier_id":null,"supplier_sku":"BAS-12","barcode":null,"atum_controlled":true,"out_stock_date":null,"out_stock_threshold":null,"inheritable":false,"inbound_stock":0,"stock_on_hold":0,"sold_today":0,"sales_last_days":0,"reserved_stock":0,"customer_returns":0,"warehouse_damage":0,"lost_in_post":0,"other_logs":0,"out_stock_days":0,"lost_sales":0,"has_location":false,"update_date":"2026-04-27T06:53:52","atum_locations":[],"atum_stock_status":"instock","restock_status":false,"low_stock_amount":"","sales_update_date":"2025-10-09T03:25:36","calc_backorders":null,"_links":{"self":[{"href":"https:\/\/aromasentia.com\/de\/wp-json\/wp\/v2\/product\/240861","targetHints":{"allow":["GET"]}}],"collection":[{"href":"https:\/\/aromasentia.com\/de\/wp-json\/wp\/v2\/product"}],"about":[{"href":"https:\/\/aromasentia.com\/de\/wp-json\/wp\/v2\/types\/product"}],"replies":[{"embeddable":true,"href":"https:\/\/aromasentia.com\/de\/wp-json\/wp\/v2\/comments?post=240861"}],"version-history":[{"count":0,"href":"https:\/\/aromasentia.com\/de\/wp-json\/wp\/v2\/product\/240861\/revisions"}],"wp:featuredmedia":[{"embeddable":true,"href":"https:\/\/aromasentia.com\/de\/wp-json\/wp\/v2\/media\/278115"}],"wp:attachment":[{"href":"https:\/\/aromasentia.com\/de\/wp-json\/wp\/v2\/media?parent=240861"}],"wp:term":[{"taxonomy":"product_brand","embeddable":true,"href":"https:\/\/aromasentia.com\/de\/wp-json\/wp\/v2\/product_brand?post=240861"},{"taxonomy":"product_cat","embeddable":true,"href":"https:\/\/aromasentia.com\/de\/wp-json\/wp\/v2\/product_cat?post=240861"},{"taxonomy":"product_tag","embeddable":true,"href":"https:\/\/aromasentia.com\/de\/wp-json\/wp\/v2\/product_tag?post=240861"}],"curies":[{"name":"wp","href":"https:\/\/api.w.org\/{rel}","templated":true}]}}