{"id":240853,"date":"2025-03-20T16:27:39","date_gmt":"2025-03-20T16:27:39","guid":{"rendered":"https:\/\/aromasentia.com\/product\/apple-pie-custard-bath-dust-200g\/"},"modified":"2025-12-30T20:36:14","modified_gmt":"2025-12-30T20:36:14","slug":"badepulver-mit-apfelkuchen-und-vanillepudding-200-g","status":"publish","type":"product","link":"https:\/\/aromasentia.com\/de\/badepulver-mit-apfelkuchen-und-vanillepudding-200-g\/","title":{"rendered":"Badepulver mit Apfelkuchen- und Vanillepudding 200 g"},"content":{"rendered":"<p>G\u00f6nnen Sie sich ein beruhigendes, von der B\u00e4ckerei inspiriertes Bad mit Apple Pie &#038; Custard Bath Dust. Dieser 200-g-Beutel l\u00f6st sich auf und verstr\u00f6mt das k\u00f6stliche Aroma von warmen Brat\u00e4pfeln, s\u00fc\u00dfem Zimt und cremigem Vanillepudding. Er verwandelt Ihr Bad in eine gem\u00fctliche, nostalgische Oase, macht das Wasser weicher und hinterl\u00e4sst ein verw\u00f6hntes Hautgef\u00fchl und einen herrlich s\u00fc\u00dfen Duft. Ein perfekter Genuss f\u00fcr einen entspannenden Abend, der an die beruhigende Essenz eines hausgemachten Lieblingsdesserts erinnert.<\/p>\n","protected":false},"excerpt":{"rendered":"<p>G\u00f6nnen Sie sich ein beruhigendes, von der B\u00e4ckerei inspiriertes Bad mit Apple Pie &#038; Custard Bath Dust. Dieser 200-g-Beutel l\u00f6st sich auf und verstr\u00f6mt das k\u00f6stliche Aroma von warmen Brat\u00e4pfeln, s\u00fc\u00dfem Zimt und cremigem Vanillepudding. Er verwandelt Ihr Bad in eine gem\u00fctliche, nostalgische Oase, macht das Wasser weicher und hinterl\u00e4sst ein verw\u00f6hntes Hautgef\u00fchl und einen [&hellip;]<\/p>\n","protected":false},"featured_media":278049,"comment_status":"closed","ping_status":"open","template":"","meta":{"_angie_page":false},"product_brand":[],"product_cat":[26526,19448,20683,25841,26854],"product_tag":[],"class_list":{"0":"post-240853","1":"product","2":"type-product","3":"status-publish","4":"has-post-thumbnail","6":"product_cat-apfelkuchen","7":"product_cat-bad-und-korper","8":"product_cat-badekristalle-und-badesalze","9":"product_cat-dufte-aromen","10":"product_cat-gourmand","11":"pa_collection-bath-dust-190g-de","12":"pa_made-in-vereinigtes-koenigreich","13":"pa_size-200g","15":"first","16":"instock","17":"purchasable","18":"product-type-simple"},"supplier_id":null,"supplier_sku":"BAS-14","barcode":null,"atum_controlled":true,"out_stock_date":null,"out_stock_threshold":null,"inheritable":false,"inbound_stock":null,"stock_on_hold":0,"sold_today":0,"sales_last_days":0,"reserved_stock":null,"customer_returns":null,"warehouse_damage":null,"lost_in_post":null,"other_logs":null,"out_stock_days":0,"lost_sales":0,"has_location":null,"update_date":"2026-04-27T06:53:52","atum_locations":[],"atum_stock_status":"instock","restock_status":false,"low_stock_amount":"","sales_update_date":"2026-02-06T00:00:46","calc_backorders":null,"_links":{"self":[{"href":"https:\/\/aromasentia.com\/de\/wp-json\/wp\/v2\/product\/240853","targetHints":{"allow":["GET"]}}],"collection":[{"href":"https:\/\/aromasentia.com\/de\/wp-json\/wp\/v2\/product"}],"about":[{"href":"https:\/\/aromasentia.com\/de\/wp-json\/wp\/v2\/types\/product"}],"replies":[{"embeddable":true,"href":"https:\/\/aromasentia.com\/de\/wp-json\/wp\/v2\/comments?post=240853"}],"version-history":[{"count":0,"href":"https:\/\/aromasentia.com\/de\/wp-json\/wp\/v2\/product\/240853\/revisions"}],"wp:featuredmedia":[{"embeddable":true,"href":"https:\/\/aromasentia.com\/de\/wp-json\/wp\/v2\/media\/278049"}],"wp:attachment":[{"href":"https:\/\/aromasentia.com\/de\/wp-json\/wp\/v2\/media?parent=240853"}],"wp:term":[{"taxonomy":"product_brand","embeddable":true,"href":"https:\/\/aromasentia.com\/de\/wp-json\/wp\/v2\/product_brand?post=240853"},{"taxonomy":"product_cat","embeddable":true,"href":"https:\/\/aromasentia.com\/de\/wp-json\/wp\/v2\/product_cat?post=240853"},{"taxonomy":"product_tag","embeddable":true,"href":"https:\/\/aromasentia.com\/de\/wp-json\/wp\/v2\/product_tag?post=240853"}],"curies":[{"name":"wp","href":"https:\/\/api.w.org\/{rel}","templated":true}]}}