{"id":240845,"date":"2025-03-20T16:27:39","date_gmt":"2025-03-20T16:27:39","guid":{"rendered":"https:\/\/aromasentia.com\/product\/sweet-fennel-jojoba-bath-dust-200g\/"},"modified":"2025-12-30T20:36:14","modified_gmt":"2025-12-30T20:36:14","slug":"badepulver-mit-suessem-fenchel-und-jojoba-200-g","status":"publish","type":"product","link":"https:\/\/aromasentia.com\/de\/badepulver-mit-suessem-fenchel-und-jojoba-200-g\/","title":{"rendered":"Badepulver mit s\u00fc\u00dfem Fenchel und Jojoba, 200 g"},"content":{"rendered":"<p>Erleben Sie mit Sweet Fennel &#038; Jojoba Bath Dust eine einzigartige Aromamischung. Dieser 200g-Beutel kombiniert das unverwechselbare s\u00fc\u00dfe, anisartige Aroma von Fenchel mit den subtilen, nussigen Noten, die an die pflegenden Eigenschaften von Jojoba erinnern. Wenn er sich aufl\u00f6st, schafft er ein angenehmes und faszinierendes Badeerlebnis, macht das Wasser weicher und hinterl\u00e4sst ein verw\u00f6hntes Hautgef\u00fchl. Der einzigartige Duft weicht von den typischen Baded\u00fcften ab und sorgt f\u00fcr ein beruhigendes und leicht krautiges, erdiges Bad.<\/p>\n","protected":false},"excerpt":{"rendered":"<p>Erleben Sie mit Sweet Fennel &#038; Jojoba Bath Dust eine einzigartige Aromamischung. Dieser 200g-Beutel kombiniert das unverwechselbare s\u00fc\u00dfe, anisartige Aroma von Fenchel mit den subtilen, nussigen Noten, die an die pflegenden Eigenschaften von Jojoba erinnern. Wenn er sich aufl\u00f6st, schafft er ein angenehmes und faszinierendes Badeerlebnis, macht das Wasser weicher und hinterl\u00e4sst ein verw\u00f6hntes Hautgef\u00fchl. [&hellip;]<\/p>\n","protected":false},"featured_media":277983,"comment_status":"closed","ping_status":"open","template":"","meta":{"_angie_page":false},"product_brand":[],"product_cat":[19448,20683,25841,26184,26861],"product_tag":[],"class_list":{"0":"post-240845","1":"product","2":"type-product","3":"status-publish","4":"has-post-thumbnail","6":"product_cat-bad-und-korper","7":"product_cat-badekristalle-und-badesalze","8":"product_cat-dufte-aromen","9":"product_cat-fenchel","10":"product_cat-krauter-aromatisch","11":"pa_collection-bath-dust-190g-de","12":"pa_made-in-vereinigtes-koenigreich","13":"pa_size-200g","15":"first","16":"instock","17":"purchasable","18":"product-type-simple"},"supplier_id":null,"supplier_sku":"BAS-16","barcode":null,"atum_controlled":true,"out_stock_date":null,"out_stock_threshold":null,"inheritable":false,"inbound_stock":null,"stock_on_hold":0,"sold_today":0,"sales_last_days":0,"reserved_stock":null,"customer_returns":null,"warehouse_damage":null,"lost_in_post":null,"other_logs":null,"out_stock_days":0,"lost_sales":0,"has_location":null,"update_date":"2026-05-08T05:04:57","atum_locations":[],"atum_stock_status":"instock","restock_status":false,"low_stock_amount":"","sales_update_date":"2026-02-06T00:02:18","calc_backorders":null,"_links":{"self":[{"href":"https:\/\/aromasentia.com\/de\/wp-json\/wp\/v2\/product\/240845","targetHints":{"allow":["GET"]}}],"collection":[{"href":"https:\/\/aromasentia.com\/de\/wp-json\/wp\/v2\/product"}],"about":[{"href":"https:\/\/aromasentia.com\/de\/wp-json\/wp\/v2\/types\/product"}],"replies":[{"embeddable":true,"href":"https:\/\/aromasentia.com\/de\/wp-json\/wp\/v2\/comments?post=240845"}],"version-history":[{"count":0,"href":"https:\/\/aromasentia.com\/de\/wp-json\/wp\/v2\/product\/240845\/revisions"}],"wp:featuredmedia":[{"embeddable":true,"href":"https:\/\/aromasentia.com\/de\/wp-json\/wp\/v2\/media\/277983"}],"wp:attachment":[{"href":"https:\/\/aromasentia.com\/de\/wp-json\/wp\/v2\/media?parent=240845"}],"wp:term":[{"taxonomy":"product_brand","embeddable":true,"href":"https:\/\/aromasentia.com\/de\/wp-json\/wp\/v2\/product_brand?post=240845"},{"taxonomy":"product_cat","embeddable":true,"href":"https:\/\/aromasentia.com\/de\/wp-json\/wp\/v2\/product_cat?post=240845"},{"taxonomy":"product_tag","embeddable":true,"href":"https:\/\/aromasentia.com\/de\/wp-json\/wp\/v2\/product_tag?post=240845"}],"curies":[{"name":"wp","href":"https:\/\/api.w.org\/{rel}","templated":true}]}}